{"id":103,"date":"2024-11-22T17:05:34","date_gmt":"2024-11-22T15:05:34","guid":{"rendered":"https:\/\/kielinivel.tnk.fi\/?page_id=103"},"modified":"2025-01-13T12:23:18","modified_gmt":"2025-01-13T10:23:18","slug":"kemia-2","status":"publish","type":"page","link":"https:\/\/kielinivel.tnk.fi\/?page_id=103","title":{"rendered":"Kemia"},"content":{"rendered":"\n<ol start=\"1\" class=\"wp-block-list\">\n<li>Valitse kieli, jolla haluat opiskeluohjeet.&nbsp;<\/li>\n<\/ol>\n\n\n\n<ol start=\"2\" class=\"wp-block-list\">\n<li>Lue teksti\u00e4 pieniss\u00e4 paloissa, ja kun p\u00e4\u00e4set linkkiin <img loading=\"lazy\" decoding=\"async\" width=\"90\" height=\"20\" class=\"wp-image-409\" style=\"width: 90px;\" src=\"https:\/\/kielinivel.tnk.fi\/wp-content\/uploads\/2024\/11\/LUE-OHJE-75pix.png\" alt=\"LUE OHJE -linkki\">, avaa se. Linkin takaa saat ohjeita tekstin lukemiseen. Ohjeet pystyt my\u00f6s kuuntelemaan t\u00e4ll\u00e4 kielell\u00e4. Pid\u00e4 kaiutin on-asennossa.&nbsp;<\/li>\n<\/ol>\n\n\n\n<ol start=\"3\" class=\"wp-block-list\">\n<li>Sivuston alalaidasta l\u00f6yd\u00e4t teht\u00e4vi\u00e4, jotka liittyv\u00e4t opiskelutekstiin. Sovella lukuohjeita!&nbsp;<\/li>\n<\/ol>\n\n\n\n<ol start=\"4\" class=\"wp-block-list\">\n<li>Lue tai kuuntele ohjeet kotona opiskeluun.&nbsp;&nbsp;<\/li>\n<\/ol>\n\n\n\n<ol start=\"5\" class=\"wp-block-list\">\n<li>Lue tai kuuntele ohjeet kokeisiin kertaamiseen.&nbsp;&nbsp;<\/li>\n<\/ol>\n\n\n\n<p class=\"has-text-align-center\"><a href=\"https:\/\/kielinivel.tnk.fi\/?page_id=114\" data-type=\"page\" data-id=\"114\">albania<\/a>&nbsp;\u23aa&nbsp;<a href=\"https:\/\/kielinivel.tnk.fi\/?page_id=120\" data-type=\"page\" data-id=\"120\">arabia<\/a>&nbsp;\u23aa<a href=\"https:\/\/kielinivel.tnk.fi\/?page_id=124\" data-type=\"page\" data-id=\"124\">englanti<\/a>\u23aa<a href=\"https:\/\/kielinivel.tnk.fi\/?page_id=118\" data-type=\"page\" data-id=\"118\">kurdi<\/a>\u23aa<a href=\"https:\/\/kielinivel.tnk.fi\/?page_id=116\" data-type=\"page\" data-id=\"116\">persia<\/a>\u23aa<a href=\"https:\/\/kielinivel.tnk.fi\/?page_id=130\" data-type=\"page\" data-id=\"130\">suomi<\/a>&nbsp;\u23aa<a href=\"https:\/\/kielinivel.tnk.fi\/?page_id=122\" data-type=\"page\" data-id=\"122\">ven\u00e4j\u00e4<\/a><\/p>\n","protected":false},"excerpt":{"rendered":"<p>albania&nbsp;\u23aa&nbsp;arabia&nbsp;\u23aaenglanti\u23aakurdi\u23aapersia\u23aasuomi&nbsp;\u23aaven\u00e4j\u00e4<\/p>\n","protected":false},"author":2,"featured_media":0,"parent":0,"menu_order":2,"comment_status":"closed","ping_status":"closed","template":"","meta":{"footnotes":""},"class_list":["post-103","page","type-page","status-publish","hentry"],"_links":{"self":[{"href":"https:\/\/kielinivel.tnk.fi\/index.php?rest_route=\/wp\/v2\/pages\/103","targetHints":{"allow":["GET"]}}],"collection":[{"href":"https:\/\/kielinivel.tnk.fi\/index.php?rest_route=\/wp\/v2\/pages"}],"about":[{"href":"https:\/\/kielinivel.tnk.fi\/index.php?rest_route=\/wp\/v2\/types\/page"}],"author":[{"embeddable":true,"href":"https:\/\/kielinivel.tnk.fi\/index.php?rest_route=\/wp\/v2\/users\/2"}],"replies":[{"embeddable":true,"href":"https:\/\/kielinivel.tnk.fi\/index.php?rest_route=%2Fwp%2Fv2%2Fcomments&post=103"}],"version-history":[{"count":4,"href":"https:\/\/kielinivel.tnk.fi\/index.php?rest_route=\/wp\/v2\/pages\/103\/revisions"}],"predecessor-version":[{"id":3128,"href":"https:\/\/kielinivel.tnk.fi\/index.php?rest_route=\/wp\/v2\/pages\/103\/revisions\/3128"}],"wp:attachment":[{"href":"https:\/\/kielinivel.tnk.fi\/index.php?rest_route=%2Fwp%2Fv2%2Fmedia&parent=103"}],"curies":[{"name":"wp","href":"https:\/\/api.w.org\/{rel}","templated":true}]}}