{"id":1049,"date":"2024-12-09T15:01:16","date_gmt":"2024-12-09T13:01:16","guid":{"rendered":"https:\/\/kielinivel.tnk.fi\/?page_id=1049"},"modified":"2025-01-19T13:24:31","modified_gmt":"2025-01-19T11:24:31","slug":"si-ti-lexojme-tekstet-matematikore-3","status":"publish","type":"page","link":"https:\/\/kielinivel.tnk.fi\/?page_id=1049","title":{"rendered":"Si ti lexojm\u00eb tekstet matematikore &#8211; 3"},"content":{"rendered":"\n<figure class=\"wp-block-audio\"><audio controls src=\"https:\/\/kielinivel.tnk.fi\/wp-content\/uploads\/2025\/01\/Matematiikka_Albania_3.mp3\"><\/audio><\/figure>\n\n\n\n<p><em>N\u00eb tekst mund\u00eb t\u00eb gjinden <strong>p\u00ebrkufizime<\/strong> p\u00ebr secil\u00ebn <\/em><a>\u00e7<\/a><em>\u00ebshtje. P\u00ebrkufizimi i fjalis\u00eb n\u00eb tekst mund\u00eb t\u00eb sqarohet edhe me fjal\u00eb t\u00eb tjera si psh: fjala n\u00ebnkupton, e quajm, jan\u00eb etj.<\/em><\/p>\n\n\n\n<p><\/p>\n\n\n\n<p><\/p>\n\n\n\n<p><\/p>\n\n\n\n<div class=\"wp-block-buttons is-layout-flex wp-block-buttons-is-layout-flex\">\n<div class=\"wp-block-button\"><a class=\"wp-block-button__link wp-element-button\" href=\"https:\/\/kielinivel.tnk.fi\/?page_id=161\"><strong>\u276e\u276e&nbsp;TAKAISIN TEKSTIIN<\/strong><\/a><\/div>\n<\/div>\n\n\n\n<p><\/p>\n","protected":false},"excerpt":{"rendered":"<p>N\u00eb tekst mund\u00eb t\u00eb gjinden p\u00ebrkufizime p\u00ebr secil\u00ebn \u00e7\u00ebshtje. P\u00ebrkufizimi i fjalis\u00eb n\u00eb tekst mund\u00eb t\u00eb sqarohet edhe me fjal\u00eb t\u00eb tjera si psh: fjala n\u00ebnkupton, e quajm, jan\u00eb etj.<\/p>\n","protected":false},"author":2,"featured_media":0,"parent":161,"menu_order":0,"comment_status":"closed","ping_status":"closed","template":"","meta":{"footnotes":""},"class_list":["post-1049","page","type-page","status-publish","hentry"],"_links":{"self":[{"href":"https:\/\/kielinivel.tnk.fi\/index.php?rest_route=\/wp\/v2\/pages\/1049","targetHints":{"allow":["GET"]}}],"collection":[{"href":"https:\/\/kielinivel.tnk.fi\/index.php?rest_route=\/wp\/v2\/pages"}],"about":[{"href":"https:\/\/kielinivel.tnk.fi\/index.php?rest_route=\/wp\/v2\/types\/page"}],"author":[{"embeddable":true,"href":"https:\/\/kielinivel.tnk.fi\/index.php?rest_route=\/wp\/v2\/users\/2"}],"replies":[{"embeddable":true,"href":"https:\/\/kielinivel.tnk.fi\/index.php?rest_route=%2Fwp%2Fv2%2Fcomments&post=1049"}],"version-history":[{"count":5,"href":"https:\/\/kielinivel.tnk.fi\/index.php?rest_route=\/wp\/v2\/pages\/1049\/revisions"}],"predecessor-version":[{"id":3637,"href":"https:\/\/kielinivel.tnk.fi\/index.php?rest_route=\/wp\/v2\/pages\/1049\/revisions\/3637"}],"up":[{"embeddable":true,"href":"https:\/\/kielinivel.tnk.fi\/index.php?rest_route=\/wp\/v2\/pages\/161"}],"wp:attachment":[{"href":"https:\/\/kielinivel.tnk.fi\/index.php?rest_route=%2Fwp%2Fv2%2Fmedia&parent=1049"}],"curies":[{"name":"wp","href":"https:\/\/api.w.org\/{rel}","templated":true}]}}