{"id":1051,"date":"2024-12-09T15:01:44","date_gmt":"2024-12-09T13:01:44","guid":{"rendered":"https:\/\/kielinivel.tnk.fi\/?page_id=1051"},"modified":"2025-01-19T13:24:48","modified_gmt":"2025-01-19T11:24:48","slug":"si-ti-lexojme-tekstet-matematikore-4","status":"publish","type":"page","link":"https:\/\/kielinivel.tnk.fi\/?page_id=1051","title":{"rendered":"Si ti lexojm\u00eb tekstet matematikore &#8211; 4"},"content":{"rendered":"\n<p><\/p>\n\n\n\n<figure class=\"wp-block-audio\"><audio controls src=\"https:\/\/kielinivel.tnk.fi\/wp-content\/uploads\/2025\/01\/Matematiikka_Albania_4.mp3\"><\/audio><\/figure>\n\n\n\n<p><em>N\u00eb tekst mund\u00eb t\u00eb gjindet edhe <strong>p\u00ebrkufizimi<\/strong> i shembullit p\u00ebr t\u00eb n\u00ebnkuptuar <\/em><a>\u00e7\u00eb<em>shtjen<\/em><\/a><em>. Mos i ngat\u00ebrro shembujt e tekstit, me shembujt e detyrave. Shkurtesa e fjal\u00ebs \u00a0p\u00ebr shembull-p.sh, e t\u00eb tjera- etj e k\u00ebshtu me radh\u00eb.<\/em><\/p>\n\n\n\n<div class=\"wp-block-buttons is-layout-flex wp-block-buttons-is-layout-flex\">\n<div class=\"wp-block-button\"><a class=\"wp-block-button__link wp-element-button\" href=\"https:\/\/kielinivel.tnk.fi\/?page_id=161\"><strong>\u276e\u276e&nbsp;TAKAISIN TEKSTIIN<\/strong><\/a><\/div>\n<\/div>\n\n\n\n<p><\/p>\n","protected":false},"excerpt":{"rendered":"<p>N\u00eb tekst mund\u00eb t\u00eb gjindet edhe p\u00ebrkufizimi i shembullit p\u00ebr t\u00eb n\u00ebnkuptuar \u00e7\u00ebshtjen. Mos i ngat\u00ebrro shembujt e tekstit, me shembujt e detyrave. Shkurtesa e fjal\u00ebs \u00a0p\u00ebr shembull-p.sh, e t\u00eb tjera- etj e k\u00ebshtu me radh\u00eb.<\/p>\n","protected":false},"author":2,"featured_media":0,"parent":161,"menu_order":0,"comment_status":"closed","ping_status":"closed","template":"","meta":{"footnotes":""},"class_list":["post-1051","page","type-page","status-publish","hentry"],"_links":{"self":[{"href":"https:\/\/kielinivel.tnk.fi\/index.php?rest_route=\/wp\/v2\/pages\/1051","targetHints":{"allow":["GET"]}}],"collection":[{"href":"https:\/\/kielinivel.tnk.fi\/index.php?rest_route=\/wp\/v2\/pages"}],"about":[{"href":"https:\/\/kielinivel.tnk.fi\/index.php?rest_route=\/wp\/v2\/types\/page"}],"author":[{"embeddable":true,"href":"https:\/\/kielinivel.tnk.fi\/index.php?rest_route=\/wp\/v2\/users\/2"}],"replies":[{"embeddable":true,"href":"https:\/\/kielinivel.tnk.fi\/index.php?rest_route=%2Fwp%2Fv2%2Fcomments&post=1051"}],"version-history":[{"count":6,"href":"https:\/\/kielinivel.tnk.fi\/index.php?rest_route=\/wp\/v2\/pages\/1051\/revisions"}],"predecessor-version":[{"id":3638,"href":"https:\/\/kielinivel.tnk.fi\/index.php?rest_route=\/wp\/v2\/pages\/1051\/revisions\/3638"}],"up":[{"embeddable":true,"href":"https:\/\/kielinivel.tnk.fi\/index.php?rest_route=\/wp\/v2\/pages\/161"}],"wp:attachment":[{"href":"https:\/\/kielinivel.tnk.fi\/index.php?rest_route=%2Fwp%2Fv2%2Fmedia&parent=1051"}],"curies":[{"name":"wp","href":"https:\/\/api.w.org\/{rel}","templated":true}]}}