{"id":1055,"date":"2024-12-09T15:03:22","date_gmt":"2024-12-09T13:03:22","guid":{"rendered":"https:\/\/kielinivel.tnk.fi\/?page_id=1055"},"modified":"2024-12-13T15:31:03","modified_gmt":"2024-12-13T13:31:03","slug":"detyrat-e-leximit-nga-nje-tekst-matematike","status":"publish","type":"page","link":"https:\/\/kielinivel.tnk.fi\/?page_id=1055","title":{"rendered":"DETYRAT"},"content":{"rendered":"\n<p>a. Cilat jan\u00eb tri konceptet apo c\u00ebshtjet kryesore q\u00eb gjeni n\u00eb tekst? Si p\u00ebrcaktohet koncepti? \u00c7far\u00eb shembulli mund t\u00eb gjesh te secili? Shkruaji k\u00ebto n\u00eb nj\u00eb tabel\u00eb.<\/p>\n\n\n\n<p>b.&nbsp;Cilat \u00e7\u00ebshtje pra p\u00ebrkufizime, n\u00ebnkuptojn\u00eb t\u00eb nj\u00ebjt\u00ebn gj\u00eb? Shkruaj ato n\u00eb tabelen r\u00ebndore, dhe n\u00eb t\u00eb njejt\u00ebn kuti.<\/p>\n\n\n\n<figure class=\"wp-block-table\"><table class=\"has-fixed-layout\"><tbody><tr><td><strong><strong>Koncepti<\/strong><\/strong><\/td><td><strong><strong>P\u00ebrkufizimi<\/strong><\/strong><\/td><td><strong>Shembulli<\/strong><\/td><\/tr><tr><td>&nbsp; &nbsp;<\/td><td>&nbsp;<\/td><td>&nbsp;<\/td><\/tr><tr><td>&nbsp; &nbsp;<\/td><td>&nbsp;<\/td><td>&nbsp;<\/td><\/tr><tr><td>&nbsp; &nbsp;<\/td><td>&nbsp;<\/td><td>&nbsp;<\/td><\/tr><\/tbody><\/table><\/figure>\n\n\n\n<p>c. Cili \u00ebsht\u00eb koncepti kryesor\u00eb i tekstit, t\u00eb cilit i p\u00ebrkasin edhe konceptet&nbsp; tjera?<\/p>\n\n\n\n<p>d. \u00c7far\u00eb lloj titulli apo tekst fotografie, mund t\u00eb shkruash n\u00eb figur\u00ebn 1?<\/p>\n\n\n\n<p>e. \u00c7far\u00eb lloj titulli apo tektst fotografie, mund t\u00eb shkruash n\u00eb figur\u00ebn2? <\/p>\n\n\n\n<p>f. \u00c7far\u00eb lloj dh\u00ebnje detyrash gjen n\u00eb detyrat 1-3?<\/p>\n\n\n\n<p>g. \u00c7far\u00eb duhet t\u00eb b\u00ebj n\u00ebse dh\u00ebnja e detyrave \u00ebsht\u00eb dh\u00ebn\u00eb n\u00eb form\u00ebn <strong>ndaje ose specifiko<\/strong><\/p>\n\n\n\n<p>h. \u00c7far\u00eb duhet t\u00eb b\u00ebj n\u00ebse caktimi i detyr\u00ebs \u00ebsht\u00eb dh\u00ebn\u00eb n\u00eb at\u00eb form\u00eb, <strong>ku duhet vler\u00ebsuar<\/strong>?<\/p>\n\n\n\n<p>i. <a>\u00c7far\u00eb<\/a> duhet t\u00eb b\u00ebj n\u00ebse dh\u00ebnja e detyrave\u00a0 \u00ebsht\u00eb dh\u00ebn\u00eb n\u00eb form\u00ebn <strong>shenjo, pra mir\u00eb ose gabim<\/strong>? \u00a0<\/p>\n\n\n\n<p>j. \u00c7far\u00eb t\u00eb dh\u00ebnash baz\u00eb kemi n\u00eb dh\u00ebnjen e detyr\u00ebs num\u00ebr3?<\/p>\n\n\n\n<p>k. \u00c7far\u00eb kushtesh jan\u00eb paraqitur n\u00eb detyr\u00ebn num\u00ebr 3b?<\/p>\n\n\n\n<p><\/p>\n\n\n\n<p><\/p>\n\n\n\n<div class=\"wp-block-buttons is-layout-flex wp-block-buttons-is-layout-flex\">\n<div class=\"wp-block-button\"><a class=\"wp-block-button__link wp-element-button\" href=\"https:\/\/kielinivel.tnk.fi\/?page_id=161\"><strong>\u276e\u276e&nbsp;TAKAISIN TEKSTIIN<\/strong><\/a><\/div>\n<\/div>\n\n\n\n<p><\/p>\n","protected":false},"excerpt":{"rendered":"<p>a. Cilat jan\u00eb tri konceptet apo c\u00ebshtjet kryesore q\u00eb gjeni n\u00eb tekst? Si p\u00ebrcaktohet koncepti? \u00c7far\u00eb shembulli mund t\u00eb gjesh te secili? Shkruaji k\u00ebto n\u00eb nj\u00eb tabel\u00eb. b.&nbsp;Cilat \u00e7\u00ebshtje pra p\u00ebrkufizime, n\u00ebnkuptojn\u00eb t\u00eb nj\u00ebjt\u00ebn gj\u00eb? Shkruaj ato n\u00eb tabelen r\u00ebndore, dhe n\u00eb t\u00eb njejt\u00ebn kuti. Koncepti P\u00ebrkufizimi Shembulli &nbsp; &nbsp; &nbsp; &nbsp; &nbsp; &nbsp; &nbsp; [&hellip;]<\/p>\n","protected":false},"author":2,"featured_media":0,"parent":161,"menu_order":11,"comment_status":"closed","ping_status":"closed","template":"","meta":{"footnotes":""},"class_list":["post-1055","page","type-page","status-publish","hentry"],"_links":{"self":[{"href":"https:\/\/kielinivel.tnk.fi\/index.php?rest_route=\/wp\/v2\/pages\/1055","targetHints":{"allow":["GET"]}}],"collection":[{"href":"https:\/\/kielinivel.tnk.fi\/index.php?rest_route=\/wp\/v2\/pages"}],"about":[{"href":"https:\/\/kielinivel.tnk.fi\/index.php?rest_route=\/wp\/v2\/types\/page"}],"author":[{"embeddable":true,"href":"https:\/\/kielinivel.tnk.fi\/index.php?rest_route=\/wp\/v2\/users\/2"}],"replies":[{"embeddable":true,"href":"https:\/\/kielinivel.tnk.fi\/index.php?rest_route=%2Fwp%2Fv2%2Fcomments&post=1055"}],"version-history":[{"count":6,"href":"https:\/\/kielinivel.tnk.fi\/index.php?rest_route=\/wp\/v2\/pages\/1055\/revisions"}],"predecessor-version":[{"id":1526,"href":"https:\/\/kielinivel.tnk.fi\/index.php?rest_route=\/wp\/v2\/pages\/1055\/revisions\/1526"}],"up":[{"embeddable":true,"href":"https:\/\/kielinivel.tnk.fi\/index.php?rest_route=\/wp\/v2\/pages\/161"}],"wp:attachment":[{"href":"https:\/\/kielinivel.tnk.fi\/index.php?rest_route=%2Fwp%2Fv2%2Fmedia&parent=1055"}],"curies":[{"name":"wp","href":"https:\/\/api.w.org\/{rel}","templated":true}]}}