{"id":1059,"date":"2024-12-09T15:05:21","date_gmt":"2024-12-09T13:05:21","guid":{"rendered":"https:\/\/kielinivel.tnk.fi\/?page_id=1059"},"modified":"2024-12-27T15:59:11","modified_gmt":"2024-12-27T13:59:11","slug":"si-duhet-te-pergaditemi-per-provim","status":"publish","type":"page","link":"https:\/\/kielinivel.tnk.fi\/?page_id=1059","title":{"rendered":"Si duhet t\u00eb p\u00ebrgaditemi p\u00ebr provim"},"content":{"rendered":"\n<ol class=\"wp-block-list\">\n<li>Kryej gjithnj\u00eb detyrat e sht\u00ebpis\u00eb. Sigurohu gjat or\u00ebs s\u00eb m\u00ebsimit, se a e ke kuptuar \u00e7\u00eb<em>shtjen e <\/em>&nbsp;detyrave.<\/li>\n\n\n\n<li>Shqyrtoni titujt dhe n\u00ebntitujt kryesor\u00eb brenda konceptit dhe rregullat e llogaritjes s\u00eb detyr\u00ebs. Sigurohuni q\u00eb t\u00eb dini t\u00eb p\u00ebrcaktoni se cilat elemente t\u00eb reja jan\u00eb me r\u00ebnd\u00ebsi: tregoni ose shkruani ato me fjal\u00ebt tuaja. Mbani mend\u00eb rregullat e llogaritjes &nbsp;Sigurohuni q\u00eb t\u00eb jepni nj\u00eb shembull t\u00eb nj\u00eb koncepti t\u00eb ri ose rregull llogaritjeje. A mund t\u00eb m\u00ebsoni s\u00eb bashku me familjen apo nj\u00eb mik p\u00ebr tu p\u00ebrgaditur p\u00ebr provimin tuaj?<\/li>\n\n\n\n<li>Ushtro detyrat dhe gjej\u00eb bazat elementare t\u00eb detyrave paraprake, edhe n\u00ebse i ke kryer k\u00ebto detyra m\u00eb her\u00ebt. P\u00ebr ti ushtruar detyrat nevoitet nj\u00eb rit\u00ebm dhe struktur\u00eb e p\u00ebrher\u00ebshme!<\/li>\n\n\n\n<li>N\u00ebse ke v\u00ebsht\u00ebrsi n\u00eb zgjidhje t\u00eb detyr\u00ebs vizato n\u00eb form\u00ebn e simboleve.<\/li>\n\n\n\n<li>N\u00ebse p\u00ebr provim ke nevoj\u00eb p\u00ebr kompas, digitron, trek\u00ebnd\u00ebsh apo vizore, sigurohu q\u00eb di ti p\u00ebrdor\u00ebsh ato.<\/li>\n\n\n\n<li>N\u00ebse ju nevoitet kompjuteri apo Ipad gjat provimit, sigurohu q\u00eb t\u00eb dish\u00eb ti gjesh\u00eb shenjat matematikore<\/li>\n<\/ol>\n\n\n\n<p><\/p>\n\n\n\n<p><\/p>\n\n\n\n<p><\/p>\n\n\n\n<div class=\"wp-block-buttons is-layout-flex wp-block-buttons-is-layout-flex\">\n<div class=\"wp-block-button\"><a class=\"wp-block-button__link wp-element-button\" href=\"https:\/\/kielinivel.tnk.fi\/?page_id=161\"><strong>\u276e\u276e&nbsp;TAKAISIN TEKSTIIN<\/strong><\/a><\/div>\n<\/div>\n\n\n\n<p><\/p>\n","protected":false},"excerpt":{"rendered":"","protected":false},"author":2,"featured_media":0,"parent":161,"menu_order":13,"comment_status":"closed","ping_status":"closed","template":"","meta":{"footnotes":""},"class_list":["post-1059","page","type-page","status-publish","hentry"],"_links":{"self":[{"href":"https:\/\/kielinivel.tnk.fi\/index.php?rest_route=\/wp\/v2\/pages\/1059","targetHints":{"allow":["GET"]}}],"collection":[{"href":"https:\/\/kielinivel.tnk.fi\/index.php?rest_route=\/wp\/v2\/pages"}],"about":[{"href":"https:\/\/kielinivel.tnk.fi\/index.php?rest_route=\/wp\/v2\/types\/page"}],"author":[{"embeddable":true,"href":"https:\/\/kielinivel.tnk.fi\/index.php?rest_route=\/wp\/v2\/users\/2"}],"replies":[{"embeddable":true,"href":"https:\/\/kielinivel.tnk.fi\/index.php?rest_route=%2Fwp%2Fv2%2Fcomments&post=1059"}],"version-history":[{"count":2,"href":"https:\/\/kielinivel.tnk.fi\/index.php?rest_route=\/wp\/v2\/pages\/1059\/revisions"}],"predecessor-version":[{"id":1073,"href":"https:\/\/kielinivel.tnk.fi\/index.php?rest_route=\/wp\/v2\/pages\/1059\/revisions\/1073"}],"up":[{"embeddable":true,"href":"https:\/\/kielinivel.tnk.fi\/index.php?rest_route=\/wp\/v2\/pages\/161"}],"wp:attachment":[{"href":"https:\/\/kielinivel.tnk.fi\/index.php?rest_route=%2Fwp%2Fv2%2Fmedia&parent=1059"}],"curies":[{"name":"wp","href":"https:\/\/api.w.org\/{rel}","templated":true}]}}