{"id":1080,"date":"2024-12-09T15:47:05","date_gmt":"2024-12-09T13:47:05","guid":{"rendered":"https:\/\/kielinivel.tnk.fi\/?page_id=1080"},"modified":"2025-01-19T13:25:59","modified_gmt":"2025-01-19T11:25:59","slug":"si-ti-lexojme-tekstet-matematikore-6","status":"publish","type":"page","link":"https:\/\/kielinivel.tnk.fi\/?page_id=1080","title":{"rendered":"Si ti lexojm\u00eb tekstet matematikore &#8211; 6"},"content":{"rendered":"\n<figure class=\"wp-block-audio\"><audio controls src=\"https:\/\/kielinivel.tnk.fi\/wp-content\/uploads\/2025\/01\/Matematiikka_Albania_6.mp3\"><\/audio><\/figure>\n\n\n\n<p>Pas imazheve ilustruese, n\u00eb tekst ka dy shembuj detyrash, p\u00ebr t\u00eb cil\u00ebt shembuj ka edhe zgjidhje. Ato do t&#8217;ju ndihmojn\u00eb t&#8217;i kuptoni m\u00eb mir\u00eb konceptet apo thelbin e detyr\u00ebs. Detyrat e dh\u00ebna n\u00eb fillim, t\u00eb cilat jan t\u00eb zgjedhura do t&#8217;ju ndihmojn\u00eb t\u00eb zgjidhni detyrat tjera.<\/p>\n\n\n\n<p><\/p>\n\n\n\n<div class=\"wp-block-buttons is-layout-flex wp-block-buttons-is-layout-flex\">\n<div class=\"wp-block-button\"><a class=\"wp-block-button__link wp-element-button\" href=\"https:\/\/kielinivel.tnk.fi\/?page_id=161\"><strong>\u276e\u276e&nbsp;TAKAISIN TEKSTIIN<\/strong><\/a><\/div>\n<\/div>\n\n\n\n<p><\/p>\n","protected":false},"excerpt":{"rendered":"<p>Pas imazheve ilustruese, n\u00eb tekst ka dy shembuj detyrash, p\u00ebr t\u00eb cil\u00ebt shembuj ka edhe zgjidhje. Ato do t&#8217;ju ndihmojn\u00eb t&#8217;i kuptoni m\u00eb mir\u00eb konceptet apo thelbin e detyr\u00ebs. Detyrat e dh\u00ebna n\u00eb fillim, t\u00eb cilat jan t\u00eb zgjedhura do t&#8217;ju ndihmojn\u00eb t\u00eb zgjidhni detyrat tjera.<\/p>\n","protected":false},"author":2,"featured_media":0,"parent":161,"menu_order":0,"comment_status":"closed","ping_status":"closed","template":"","meta":{"footnotes":""},"class_list":["post-1080","page","type-page","status-publish","hentry"],"_links":{"self":[{"href":"https:\/\/kielinivel.tnk.fi\/index.php?rest_route=\/wp\/v2\/pages\/1080","targetHints":{"allow":["GET"]}}],"collection":[{"href":"https:\/\/kielinivel.tnk.fi\/index.php?rest_route=\/wp\/v2\/pages"}],"about":[{"href":"https:\/\/kielinivel.tnk.fi\/index.php?rest_route=\/wp\/v2\/types\/page"}],"author":[{"embeddable":true,"href":"https:\/\/kielinivel.tnk.fi\/index.php?rest_route=\/wp\/v2\/users\/2"}],"replies":[{"embeddable":true,"href":"https:\/\/kielinivel.tnk.fi\/index.php?rest_route=%2Fwp%2Fv2%2Fcomments&post=1080"}],"version-history":[{"count":3,"href":"https:\/\/kielinivel.tnk.fi\/index.php?rest_route=\/wp\/v2\/pages\/1080\/revisions"}],"predecessor-version":[{"id":3642,"href":"https:\/\/kielinivel.tnk.fi\/index.php?rest_route=\/wp\/v2\/pages\/1080\/revisions\/3642"}],"up":[{"embeddable":true,"href":"https:\/\/kielinivel.tnk.fi\/index.php?rest_route=\/wp\/v2\/pages\/161"}],"wp:attachment":[{"href":"https:\/\/kielinivel.tnk.fi\/index.php?rest_route=%2Fwp%2Fv2%2Fmedia&parent=1080"}],"curies":[{"name":"wp","href":"https:\/\/api.w.org\/{rel}","templated":true}]}}