{"id":1084,"date":"2024-12-09T15:49:30","date_gmt":"2024-12-09T13:49:30","guid":{"rendered":"https:\/\/kielinivel.tnk.fi\/?page_id=1084"},"modified":"2025-01-19T13:26:18","modified_gmt":"2025-01-19T11:26:18","slug":"si-ti-lexojme-tekstet-matematikore-8","status":"publish","type":"page","link":"https:\/\/kielinivel.tnk.fi\/?page_id=1084","title":{"rendered":"Si ti lexojm\u00eb tekstet matematikore &#8211; 8"},"content":{"rendered":"\n<figure class=\"wp-block-audio\"><audio controls src=\"https:\/\/kielinivel.tnk.fi\/wp-content\/uploads\/2025\/01\/Matematiikka_Albania_8.mp3\"><\/audio><\/figure>\n\n\n\n<p>Detyrat fillojn\u00eb me <strong>dh\u00ebnj\u00ebn e tyre<\/strong> dhe caktimi i detyr\u00ebs zakonisht \u00ebsht\u00eb n\u00eb form\u00ebn e nj\u00eb udh\u00ebzimi. Detyrat n\u00eb matematik\u00eb p\u00ebrfshijn\u00eb, p\u00ebr shembull, <strong>llogaritni, p\u00ebrcaktoni, vizatoni, sh\u00ebnoni, matni<\/strong>, <strong>vler\u00ebsoni<\/strong>, <strong>krahasoni<\/strong>. Detyra mund t\u00eb jet\u00eb edhe nj\u00eb pyetje e drejtp\u00ebrdrejt\u00eb, si p.sh. <strong>\u00c7far\u00eb? Kur? Sa gjat\u00eb?<\/strong><\/p>\n\n\n\n<p><\/p>\n\n\n\n<div class=\"wp-block-buttons is-layout-flex wp-block-buttons-is-layout-flex\">\n<div class=\"wp-block-button\"><a class=\"wp-block-button__link wp-element-button\" href=\"https:\/\/kielinivel.tnk.fi\/?page_id=161\"><strong>\u276e\u276e&nbsp;TAKAISIN TEKSTIIN<\/strong><\/a><\/div>\n<\/div>\n\n\n\n<p><\/p>\n","protected":false},"excerpt":{"rendered":"<p>Detyrat fillojn\u00eb me dh\u00ebnj\u00ebn e tyre dhe caktimi i detyr\u00ebs zakonisht \u00ebsht\u00eb n\u00eb form\u00ebn e nj\u00eb udh\u00ebzimi. Detyrat n\u00eb matematik\u00eb p\u00ebrfshijn\u00eb, p\u00ebr shembull, llogaritni, p\u00ebrcaktoni, vizatoni, sh\u00ebnoni, matni, vler\u00ebsoni, krahasoni. Detyra mund t\u00eb jet\u00eb edhe nj\u00eb pyetje e drejtp\u00ebrdrejt\u00eb, si p.sh. \u00c7far\u00eb? Kur? Sa gjat\u00eb?<\/p>\n","protected":false},"author":2,"featured_media":0,"parent":161,"menu_order":0,"comment_status":"closed","ping_status":"closed","template":"","meta":{"footnotes":""},"class_list":["post-1084","page","type-page","status-publish","hentry"],"_links":{"self":[{"href":"https:\/\/kielinivel.tnk.fi\/index.php?rest_route=\/wp\/v2\/pages\/1084","targetHints":{"allow":["GET"]}}],"collection":[{"href":"https:\/\/kielinivel.tnk.fi\/index.php?rest_route=\/wp\/v2\/pages"}],"about":[{"href":"https:\/\/kielinivel.tnk.fi\/index.php?rest_route=\/wp\/v2\/types\/page"}],"author":[{"embeddable":true,"href":"https:\/\/kielinivel.tnk.fi\/index.php?rest_route=\/wp\/v2\/users\/2"}],"replies":[{"embeddable":true,"href":"https:\/\/kielinivel.tnk.fi\/index.php?rest_route=%2Fwp%2Fv2%2Fcomments&post=1084"}],"version-history":[{"count":3,"href":"https:\/\/kielinivel.tnk.fi\/index.php?rest_route=\/wp\/v2\/pages\/1084\/revisions"}],"predecessor-version":[{"id":3643,"href":"https:\/\/kielinivel.tnk.fi\/index.php?rest_route=\/wp\/v2\/pages\/1084\/revisions\/3643"}],"up":[{"embeddable":true,"href":"https:\/\/kielinivel.tnk.fi\/index.php?rest_route=\/wp\/v2\/pages\/161"}],"wp:attachment":[{"href":"https:\/\/kielinivel.tnk.fi\/index.php?rest_route=%2Fwp%2Fv2%2Fmedia&parent=1084"}],"curies":[{"name":"wp","href":"https:\/\/api.w.org\/{rel}","templated":true}]}}