{"id":1091,"date":"2024-12-09T16:23:19","date_gmt":"2024-12-09T14:23:19","guid":{"rendered":"https:\/\/kielinivel.tnk.fi\/?page_id=1091"},"modified":"2025-01-09T13:54:21","modified_gmt":"2025-01-09T11:54:21","slug":"si-ta-studiojme-gjuhen-e-shkruar-ne-tekstet-mesimore-1","status":"publish","type":"page","link":"https:\/\/kielinivel.tnk.fi\/?page_id=1091","title":{"rendered":"Si ta studiojm\u00eb gjuh\u00ebn e shkruar n\u00eb tekstet m\u00ebsimore? (1)"},"content":{"rendered":"\n<figure class=\"wp-block-audio\"><audio controls src=\"https:\/\/kielinivel.tnk.fi\/wp-content\/uploads\/2025\/01\/Kielen-opiskelu_Albania_1-1.mp3\"><\/audio><\/figure>\n\n\n\n<p>T\u00eb gjitha tekstet brenda nj\u00ebsive m\u00ebsimore mund ti lexojm\u00eb n\u00eb t\u00eb njejt\u00ebn m\u00ebnyr\u00eb. Tekstet m\u00ebsimore b\u00ebhen n\u00eb at\u00eb m\u00ebnyr\u00eb<strong>, ku kapitujt e ardhsh\u00ebm t\u00eb nd\u00ebrlidhen me kapitujt paraprak si dhe nj\u00ebsit\u00eb m\u00ebsimore, t\u00eb cilat i p\u00ebrkasin nj\u00eb kapitulli. <\/strong>P\u00ebr k\u00ebt shkak temat m\u00ebsimore jan\u00eb t\u00eb r\u00ebnditura n\u00eb at\u00eb m\u00ebnyr\u00eb, ku nx\u00ebn\u00ebsi edhe pse ka munguar mund ti m\u00ebsoj\u00eb nj\u00ebsit\u00eb m\u00ebsimore n\u00eb sht\u00ebpi n\u00eb baz\u00eb t\u00eb numrave r\u00ebndor\u00eb. Nx\u00ebn\u00ebsi mund t\u00eb k\u00ebrkoj\u00eb ndihm\u00eb nga m\u00ebsuesi.<\/p>\n\n\n\n<p>Teksti i leximit \u00ebsht\u00eb menduar t\u00eb lexohet me z\u00eb t\u00eb lart\u00eb. Teksti i leximit mund t\u00eb jet\u00eb edhe nj\u00eb dialog, pra nj\u00eb dialog mes njer\u00ebzve. Shpesh dialogu shoq\u00ebrohet me situata t\u00eb ndryshme. Kur teksti lexohet me z\u00eb, p\u00ebrftohet nj\u00eb model i form\u00ebs s\u00eb shqiptimit. Leximi me z\u00eb t\u00eb lart\u00eb t\u00eb ndihmon edhe t\u00eb kujtosh fjal\u00ebt, shprehjet dhe strukturat.<\/p>\n\n\n\n<p>Fotografit\u00eb e bashkangjitura me tekstin m\u00ebsimor\u00eb na ndihmojn\u00eb ta kuptojm\u00eb situat\u00ebn, p\u00ebr t\u00eb cil\u00ebn flitet. Teksti i leximit dhe dialogu sh\u00ebrbejn\u00eb gjithashtu si modele p\u00ebr aspektin e t\u00eb shkruarit, shkrimit dhe t\u00eb folurit.<\/p>\n\n\n\n<p><strong>Leximi i tekstit p\u00ebrdoret p\u00ebr t\u00eb m\u00ebsuar<\/strong><\/p>\n\n\n\n<ul class=\"wp-block-list\">\n<li>&nbsp;fjalorin e p\u00ebrgjithsh\u00ebm (jeto, definitivisht)<\/li>\n\n\n\n<li>&nbsp;fjalor lidhur me situat\u00ebn ose zon\u00ebn e caktuar (k\u00ebndi i loj\u00ebrave )<\/li>\n\n\n\n<li>&nbsp;th\u00ebniet e ndryshme (arg\u00ebtohuni) gramatika ( psh,nuk e kam)<\/li>\n\n\n\n<li>&nbsp;strukturat (ka f\u00ebmij\u00eb q\u00eb luajn\u00eb)<\/li>\n\n\n\n<li>&nbsp;t\u00eb kuptosh pikat kryesore t\u00eb tekstit n\u00eb m\u00ebnyr\u00eb q\u00eb t\u00eb mos kesh nevoj\u00eb t\u00eb dish kuptimin e \u00e7do fjale.<\/li>\n\n\n\n<li>&nbsp;p\u00ebrshkrimi i vet\u00eb mjedisit jet\u00ebsor.<\/li>\n<\/ul>\n\n\n\n<p><\/p>\n\n\n\n<div class=\"wp-block-buttons is-layout-flex wp-block-buttons-is-layout-flex\">\n<div class=\"wp-block-button\"><a class=\"wp-block-button__link wp-element-button\" href=\"https:\/\/kielinivel.tnk.fi\/?page_id=183\"><strong>\u276e\u276e&nbsp;TAKAISIN TEKSTIIN<\/strong><\/a><\/div>\n<\/div>\n\n\n\n<p><\/p>\n","protected":false},"excerpt":{"rendered":"<p>T\u00eb gjitha tekstet brenda nj\u00ebsive m\u00ebsimore mund ti lexojm\u00eb n\u00eb t\u00eb njejt\u00ebn m\u00ebnyr\u00eb. Tekstet m\u00ebsimore b\u00ebhen n\u00eb at\u00eb m\u00ebnyr\u00eb, ku kapitujt e ardhsh\u00ebm t\u00eb nd\u00ebrlidhen me kapitujt paraprak si dhe nj\u00ebsit\u00eb m\u00ebsimore, t\u00eb cilat i p\u00ebrkasin nj\u00eb kapitulli. P\u00ebr k\u00ebt shkak temat m\u00ebsimore jan\u00eb t\u00eb r\u00ebnditura n\u00eb at\u00eb m\u00ebnyr\u00eb, ku nx\u00ebn\u00ebsi edhe pse ka munguar [&hellip;]<\/p>\n","protected":false},"author":2,"featured_media":0,"parent":183,"menu_order":0,"comment_status":"closed","ping_status":"closed","template":"","meta":{"footnotes":""},"class_list":["post-1091","page","type-page","status-publish","hentry"],"_links":{"self":[{"href":"https:\/\/kielinivel.tnk.fi\/index.php?rest_route=\/wp\/v2\/pages\/1091","targetHints":{"allow":["GET"]}}],"collection":[{"href":"https:\/\/kielinivel.tnk.fi\/index.php?rest_route=\/wp\/v2\/pages"}],"about":[{"href":"https:\/\/kielinivel.tnk.fi\/index.php?rest_route=\/wp\/v2\/types\/page"}],"author":[{"embeddable":true,"href":"https:\/\/kielinivel.tnk.fi\/index.php?rest_route=\/wp\/v2\/users\/2"}],"replies":[{"embeddable":true,"href":"https:\/\/kielinivel.tnk.fi\/index.php?rest_route=%2Fwp%2Fv2%2Fcomments&post=1091"}],"version-history":[{"count":4,"href":"https:\/\/kielinivel.tnk.fi\/index.php?rest_route=\/wp\/v2\/pages\/1091\/revisions"}],"predecessor-version":[{"id":2727,"href":"https:\/\/kielinivel.tnk.fi\/index.php?rest_route=\/wp\/v2\/pages\/1091\/revisions\/2727"}],"up":[{"embeddable":true,"href":"https:\/\/kielinivel.tnk.fi\/index.php?rest_route=\/wp\/v2\/pages\/183"}],"wp:attachment":[{"href":"https:\/\/kielinivel.tnk.fi\/index.php?rest_route=%2Fwp%2Fv2%2Fmedia&parent=1091"}],"curies":[{"name":"wp","href":"https:\/\/api.w.org\/{rel}","templated":true}]}}