{"id":1095,"date":"2024-12-09T16:23:54","date_gmt":"2024-12-09T14:23:54","guid":{"rendered":"https:\/\/kielinivel.tnk.fi\/?page_id=1095"},"modified":"2025-01-09T13:57:08","modified_gmt":"2025-01-09T11:57:08","slug":"si-ta-studiojme-gjuhen-e-shkruar-ne-tekstet-mesimore-3","status":"publish","type":"page","link":"https:\/\/kielinivel.tnk.fi\/?page_id=1095","title":{"rendered":"Si ta studiojm\u00eb gjuh\u00ebn e shkruar n\u00eb tekstet m\u00ebsimore? (3)"},"content":{"rendered":"\n<figure class=\"wp-block-audio\"><audio controls src=\"https:\/\/kielinivel.tnk.fi\/wp-content\/uploads\/2025\/01\/Kielen-opiskelu_Albania_3.mp3\"><\/audio><\/figure>\n\n\n\n<p><strong>Fjalori<\/strong><\/p>\n\n\n\n<p>Fjalori \u00ebsht\u00eb i lidhur me leximin e teksteve. Fjalori duhet t\u00eb rishikohet n\u00eb sht\u00ebpi, pra t\u00eb p\u00ebrs\u00ebritet, n\u00eb m\u00ebnyr\u00eb q\u00eb t\u00eb shqiptoni nj\u00eb fjal\u00eb t\u00eb huaj n\u00eb finlandisht dhe nj\u00eb fjal\u00eb finlandeze n\u00eb gjuh\u00ebn e huaj p\u00ebr t&#8217;u m\u00ebsuar. Shpesh fjal\u00ebt m\u00eb t\u00eb r\u00ebnd\u00ebsishme jan\u00eb m\u00eb t\u00eb ngjyrosura dhe m\u00eb t\u00eb dallueshme.<\/p>\n\n\n\n<p>Format e ndryshme inflectionale t\u00eb fjal\u00ebve jan\u00eb menduar gjithashtu p\u00ebr t&#8217;u mbajtur mend (varur, varur, varur). Shpesh thjesht duhet t&#8217;i memorizosh dhe &#8221;t\u00eb furnizohesh&#8221;, d.m.th. t&#8217;i thuash me z\u00eb t\u00eb lart\u00eb shum\u00eb her\u00eb!<\/p>\n\n\n\n<p>Ndonj\u00ebher\u00eb n\u00eb fjalor kemi edhe udh\u00ebzuesin, i cili na tregon shqiptimin n\u00eb kllapa katrore. Shenjat e shqiptimit m\u00ebsohen shpejt, edhe n\u00ebse t\u00eb befasojn\u00eb n\u00eb fillim. psh. V\u00ebrtet? [\u02c8r\u02d0\u0259li] N\u00eb disa gjuh\u00eb, \u00ebsht\u00eb e r\u00ebnd\u00ebsishme t\u00eb m\u00ebsojm\u00eb artikullin e fjal\u00ebve, p\u00ebr shembull n\u00eb suedisht, fr\u00ebngjisht, gjermanisht dhe spanjisht. Artikulli do t\u00eb ndikoj\u00eb n\u00eb t\u00eb kuptuarit e ndryshimit t\u00eb fjal\u00ebve n\u00eb vende e koh\u00eb t\u00eb ndryshme. Artikujt do ju kujtohen m\u00eb mir\u00eb, n\u00ebse gruponi fjal\u00eb sipas artikullit?<\/p>\n\n\n\n<p><\/p>\n\n\n\n<div class=\"wp-block-buttons is-layout-flex wp-block-buttons-is-layout-flex\">\n<div class=\"wp-block-button\"><a class=\"wp-block-button__link wp-element-button\" href=\"https:\/\/kielinivel.tnk.fi\/?page_id=183\"><strong>\u276e\u276e&nbsp;TAKAISIN TEKSTIIN<\/strong><\/a><\/div>\n<\/div>\n\n\n\n<p><\/p>\n","protected":false},"excerpt":{"rendered":"<p>Fjalori Fjalori \u00ebsht\u00eb i lidhur me leximin e teksteve. Fjalori duhet t\u00eb rishikohet n\u00eb sht\u00ebpi, pra t\u00eb p\u00ebrs\u00ebritet, n\u00eb m\u00ebnyr\u00eb q\u00eb t\u00eb shqiptoni nj\u00eb fjal\u00eb t\u00eb huaj n\u00eb finlandisht dhe nj\u00eb fjal\u00eb finlandeze n\u00eb gjuh\u00ebn e huaj p\u00ebr t&#8217;u m\u00ebsuar. Shpesh fjal\u00ebt m\u00eb t\u00eb r\u00ebnd\u00ebsishme jan\u00eb m\u00eb t\u00eb ngjyrosura dhe m\u00eb t\u00eb dallueshme. Format e [&hellip;]<\/p>\n","protected":false},"author":2,"featured_media":0,"parent":183,"menu_order":0,"comment_status":"closed","ping_status":"closed","template":"","meta":{"footnotes":""},"class_list":["post-1095","page","type-page","status-publish","hentry"],"_links":{"self":[{"href":"https:\/\/kielinivel.tnk.fi\/index.php?rest_route=\/wp\/v2\/pages\/1095","targetHints":{"allow":["GET"]}}],"collection":[{"href":"https:\/\/kielinivel.tnk.fi\/index.php?rest_route=\/wp\/v2\/pages"}],"about":[{"href":"https:\/\/kielinivel.tnk.fi\/index.php?rest_route=\/wp\/v2\/types\/page"}],"author":[{"embeddable":true,"href":"https:\/\/kielinivel.tnk.fi\/index.php?rest_route=\/wp\/v2\/users\/2"}],"replies":[{"embeddable":true,"href":"https:\/\/kielinivel.tnk.fi\/index.php?rest_route=%2Fwp%2Fv2%2Fcomments&post=1095"}],"version-history":[{"count":3,"href":"https:\/\/kielinivel.tnk.fi\/index.php?rest_route=\/wp\/v2\/pages\/1095\/revisions"}],"predecessor-version":[{"id":2729,"href":"https:\/\/kielinivel.tnk.fi\/index.php?rest_route=\/wp\/v2\/pages\/1095\/revisions\/2729"}],"up":[{"embeddable":true,"href":"https:\/\/kielinivel.tnk.fi\/index.php?rest_route=\/wp\/v2\/pages\/183"}],"wp:attachment":[{"href":"https:\/\/kielinivel.tnk.fi\/index.php?rest_route=%2Fwp%2Fv2%2Fmedia&parent=1095"}],"curies":[{"name":"wp","href":"https:\/\/api.w.org\/{rel}","templated":true}]}}