{"id":1124,"date":"2024-12-10T10:53:55","date_gmt":"2024-12-10T08:53:55","guid":{"rendered":"https:\/\/kielinivel.tnk.fi\/?page_id=1124"},"modified":"2025-01-09T14:00:00","modified_gmt":"2025-01-09T12:00:00","slug":"si-te-mesojme-lenden-e-amvisnise-2","status":"publish","type":"page","link":"https:\/\/kielinivel.tnk.fi\/?page_id=1124","title":{"rendered":"Si t\u00eb m\u00ebsojm\u00eb l\u00ebnd\u00ebn e amvisnis\u00eb? (2)"},"content":{"rendered":"\n<figure class=\"wp-block-audio\"><audio controls src=\"https:\/\/kielinivel.tnk.fi\/wp-content\/uploads\/2025\/01\/Kotitalous_Albania_2.mp3\"><\/audio><\/figure>\n\n\n\n<p>Recetat ipen n\u00eb form\u00ebn imperative si: <strong>q\u00ebroni, cop\u00ebtoni, matni<\/strong>. Udh\u00ebzimi fillimisht lexohet i plot\u00eb dhe pastaj lexohen gradualisht n\u00eb t\u00eb nj\u00ebjt\u00ebn koh\u00eb, kur p\u00ebrgatitet ushqimi. \u00cbsht\u00eb e r\u00ebnd\u00ebsishme t&#8217;i b\u00ebjm\u00eb gj\u00ebrat n\u00eb rendin e duhur n\u00eb m\u00ebnyr\u00eb q\u00eb planifikimi dhe ushqimi t\u00eb jet\u00eb i suksessh\u00ebm pra n\u00eb m\u00ebnyr\u00eb q\u00eb udh\u00ebzimi t\u00eb sa m\u00eb i kuptuesh\u00ebm. N\u00ebse nuk lexohen udh\u00ebzimet me kujdes nga fillimi, at\u00ebher\u00eb mund t\u00eb shfaqen probleme p\u00ebr ta kuptuar por numrat r\u00ebndor\u00eb mund t\u00eb ndihmojn\u00eb n\u00eb t\u00eb kuptuarit e plot\u00eb.<br> <\/p>\n\n\n\n<p><\/p>\n\n\n\n<p><\/p>\n\n\n\n<div class=\"wp-block-buttons is-layout-flex wp-block-buttons-is-layout-flex\">\n<div class=\"wp-block-button\"><a class=\"wp-block-button__link wp-element-button\" href=\"https:\/\/kielinivel.tnk.fi\/?page_id=202\"><strong>\u276e\u276e&nbsp;TAKAISIN TEKSTIIN<\/strong><\/a><\/div>\n<\/div>\n\n\n\n<p><\/p>\n","protected":false},"excerpt":{"rendered":"<p>Recetat ipen n\u00eb form\u00ebn imperative si: q\u00ebroni, cop\u00ebtoni, matni. Udh\u00ebzimi fillimisht lexohet i plot\u00eb dhe pastaj lexohen gradualisht n\u00eb t\u00eb nj\u00ebjt\u00ebn koh\u00eb, kur p\u00ebrgatitet ushqimi. \u00cbsht\u00eb e r\u00ebnd\u00ebsishme t&#8217;i b\u00ebjm\u00eb gj\u00ebrat n\u00eb rendin e duhur n\u00eb m\u00ebnyr\u00eb q\u00eb planifikimi dhe ushqimi t\u00eb jet\u00eb i suksessh\u00ebm pra n\u00eb m\u00ebnyr\u00eb q\u00eb udh\u00ebzimi t\u00eb sa m\u00eb i kuptuesh\u00ebm. [&hellip;]<\/p>\n","protected":false},"author":2,"featured_media":0,"parent":202,"menu_order":0,"comment_status":"closed","ping_status":"closed","template":"","meta":{"footnotes":""},"class_list":["post-1124","page","type-page","status-publish","hentry"],"_links":{"self":[{"href":"https:\/\/kielinivel.tnk.fi\/index.php?rest_route=\/wp\/v2\/pages\/1124","targetHints":{"allow":["GET"]}}],"collection":[{"href":"https:\/\/kielinivel.tnk.fi\/index.php?rest_route=\/wp\/v2\/pages"}],"about":[{"href":"https:\/\/kielinivel.tnk.fi\/index.php?rest_route=\/wp\/v2\/types\/page"}],"author":[{"embeddable":true,"href":"https:\/\/kielinivel.tnk.fi\/index.php?rest_route=\/wp\/v2\/users\/2"}],"replies":[{"embeddable":true,"href":"https:\/\/kielinivel.tnk.fi\/index.php?rest_route=%2Fwp%2Fv2%2Fcomments&post=1124"}],"version-history":[{"count":5,"href":"https:\/\/kielinivel.tnk.fi\/index.php?rest_route=\/wp\/v2\/pages\/1124\/revisions"}],"predecessor-version":[{"id":2735,"href":"https:\/\/kielinivel.tnk.fi\/index.php?rest_route=\/wp\/v2\/pages\/1124\/revisions\/2735"}],"up":[{"embeddable":true,"href":"https:\/\/kielinivel.tnk.fi\/index.php?rest_route=\/wp\/v2\/pages\/202"}],"wp:attachment":[{"href":"https:\/\/kielinivel.tnk.fi\/index.php?rest_route=%2Fwp%2Fv2%2Fmedia&parent=1124"}],"curies":[{"name":"wp","href":"https:\/\/api.w.org\/{rel}","templated":true}]}}