{"id":1128,"date":"2024-12-10T10:55:04","date_gmt":"2024-12-10T08:55:04","guid":{"rendered":"https:\/\/kielinivel.tnk.fi\/?page_id=1128"},"modified":"2025-01-10T11:52:02","modified_gmt":"2025-01-10T09:52:02","slug":"si-te-mesojme-lenden-e-amvisnise-4","status":"publish","type":"page","link":"https:\/\/kielinivel.tnk.fi\/?page_id=1128","title":{"rendered":"Si t\u00eb m\u00ebsojm\u00eb l\u00ebnd\u00ebn e amvisnis\u00eb? (4)"},"content":{"rendered":"\n<p><\/p>\n\n\n\n<p>N\u00eb fundin e k\u00ebtyre teksteve m\u00ebsimore gjindet edhe <strong>shpjeguesi i r\u00ebnditur n\u00eb baz\u00eb t\u00eb alfabetit p\u00ebr fjal\u00ebt e reja, i cili ndihmon n\u00eb t\u00eb kuptuarit e tem\u00ebs m\u00ebsimore dhe thelbin e saj\u00eb.<\/strong><\/p>\n\n\n\n<p><\/p>\n\n\n\n<p><\/p>\n\n\n\n<div class=\"wp-block-buttons is-layout-flex wp-block-buttons-is-layout-flex\">\n<div class=\"wp-block-button\"><a class=\"wp-block-button__link wp-element-button\" href=\"https:\/\/kielinivel.tnk.fi\/?page_id=202\"><strong>\u276e\u276e&nbsp;TAKAISIN TEKSTIIN<\/strong><\/a><\/div>\n<\/div>\n\n\n\n<p><\/p>\n","protected":false},"excerpt":{"rendered":"<p>N\u00eb fundin e k\u00ebtyre teksteve m\u00ebsimore gjindet edhe shpjeguesi i r\u00ebnditur n\u00eb baz\u00eb t\u00eb alfabetit p\u00ebr fjal\u00ebt e reja, i cili ndihmon n\u00eb t\u00eb kuptuarit e tem\u00ebs m\u00ebsimore dhe thelbin e saj\u00eb.<\/p>\n","protected":false},"author":2,"featured_media":0,"parent":202,"menu_order":0,"comment_status":"closed","ping_status":"closed","template":"","meta":{"footnotes":""},"class_list":["post-1128","page","type-page","status-publish","hentry"],"_links":{"self":[{"href":"https:\/\/kielinivel.tnk.fi\/index.php?rest_route=\/wp\/v2\/pages\/1128","targetHints":{"allow":["GET"]}}],"collection":[{"href":"https:\/\/kielinivel.tnk.fi\/index.php?rest_route=\/wp\/v2\/pages"}],"about":[{"href":"https:\/\/kielinivel.tnk.fi\/index.php?rest_route=\/wp\/v2\/types\/page"}],"author":[{"embeddable":true,"href":"https:\/\/kielinivel.tnk.fi\/index.php?rest_route=\/wp\/v2\/users\/2"}],"replies":[{"embeddable":true,"href":"https:\/\/kielinivel.tnk.fi\/index.php?rest_route=%2Fwp%2Fv2%2Fcomments&post=1128"}],"version-history":[{"count":5,"href":"https:\/\/kielinivel.tnk.fi\/index.php?rest_route=\/wp\/v2\/pages\/1128\/revisions"}],"predecessor-version":[{"id":3109,"href":"https:\/\/kielinivel.tnk.fi\/index.php?rest_route=\/wp\/v2\/pages\/1128\/revisions\/3109"}],"up":[{"embeddable":true,"href":"https:\/\/kielinivel.tnk.fi\/index.php?rest_route=\/wp\/v2\/pages\/202"}],"wp:attachment":[{"href":"https:\/\/kielinivel.tnk.fi\/index.php?rest_route=%2Fwp%2Fv2%2Fmedia&parent=1128"}],"curies":[{"name":"wp","href":"https:\/\/api.w.org\/{rel}","templated":true}]}}