{"id":1130,"date":"2024-12-10T10:56:08","date_gmt":"2024-12-10T08:56:08","guid":{"rendered":"https:\/\/kielinivel.tnk.fi\/?page_id=1130"},"modified":"2025-01-09T14:04:01","modified_gmt":"2025-01-09T12:04:01","slug":"si-te-mesojme-lenden-e-amvisnise-5","status":"publish","type":"page","link":"https:\/\/kielinivel.tnk.fi\/?page_id=1130","title":{"rendered":"Si t\u00eb m\u00ebsojm\u00eb l\u00ebnd\u00ebn e amvisnis\u00eb? (5)"},"content":{"rendered":"\n<figure class=\"wp-block-audio\"><audio controls src=\"https:\/\/kielinivel.tnk.fi\/wp-content\/uploads\/2025\/01\/Kotitalous_Albania_5.mp3\"><\/audio><\/figure>\n\n\n\n<p>Informacioni rreth ushqimit dhe p\u00ebrb\u00ebr\u00ebsve jepen n\u00eb form\u00ebn e njohurive t\u00eb p\u00ebrgjithshme. NJohurit\u00eb mund t\u00eb paraqiten n\u00eb formen e tabelave, diagrameve apo fotografive. P\u00ebr shembull, imazhi i modelit t\u00eb pjat\u00ebs s\u00eb p\u00ebrgjithshme merret me p\u00ebrb\u00ebrjen e t\u00eb ushqyerit t\u00eb sh\u00ebndetsh\u00ebm. Shum\u00eb tekste brenda librit mundeni ti kuptoni leht\u00ebsisht n\u00ebp\u00ebrmjet tabelave, fotografive, diagrameve etj. <\/p>\n\n\n\n<p>Tekstet e l\u00ebnd\u00ebs s\u00eb amvisnis\u00eb shprehin p\u00ebrveq pregaditjes s\u00eb ushqimit, edhe njohuri tjera rreth ekonomis\u00eb familjare. K\u00ebto tekste jan\u00eb tekste udh\u00ebzuese. N\u00eb ato tekste, m\u00ebsohen edhe koncepte tjera, si materjalet e tekstilit, dhe kujdesi p\u00ebr to si dhe shenjat udh\u00ebzuese, t\u00eb cilat tregojn\u00eb si duhet vepruar. T\u00eb m\u00ebsuarit e k\u00ebsaj l\u00ebnde n\u00ebnkupton koncentrim konstant dhe aktivizim.<\/p>\n\n\n\n<p><\/p>\n\n\n\n<p><\/p>\n\n\n\n<div class=\"wp-block-buttons is-layout-flex wp-block-buttons-is-layout-flex\">\n<div class=\"wp-block-button\"><a class=\"wp-block-button__link wp-element-button\" href=\"https:\/\/kielinivel.tnk.fi\/?page_id=202\"><strong>\u276e\u276e&nbsp;TAKAISIN TEKSTIIN<\/strong><\/a><\/div>\n<\/div>\n\n\n\n<p><\/p>\n","protected":false},"excerpt":{"rendered":"<p>Informacioni rreth ushqimit dhe p\u00ebrb\u00ebr\u00ebsve jepen n\u00eb form\u00ebn e njohurive t\u00eb p\u00ebrgjithshme. NJohurit\u00eb mund t\u00eb paraqiten n\u00eb formen e tabelave, diagrameve apo fotografive. P\u00ebr shembull, imazhi i modelit t\u00eb pjat\u00ebs s\u00eb p\u00ebrgjithshme merret me p\u00ebrb\u00ebrjen e t\u00eb ushqyerit t\u00eb sh\u00ebndetsh\u00ebm. Shum\u00eb tekste brenda librit mundeni ti kuptoni leht\u00ebsisht n\u00ebp\u00ebrmjet tabelave, fotografive, diagrameve etj. Tekstet e [&hellip;]<\/p>\n","protected":false},"author":2,"featured_media":0,"parent":202,"menu_order":0,"comment_status":"closed","ping_status":"closed","template":"","meta":{"footnotes":""},"class_list":["post-1130","page","type-page","status-publish","hentry"],"_links":{"self":[{"href":"https:\/\/kielinivel.tnk.fi\/index.php?rest_route=\/wp\/v2\/pages\/1130","targetHints":{"allow":["GET"]}}],"collection":[{"href":"https:\/\/kielinivel.tnk.fi\/index.php?rest_route=\/wp\/v2\/pages"}],"about":[{"href":"https:\/\/kielinivel.tnk.fi\/index.php?rest_route=\/wp\/v2\/types\/page"}],"author":[{"embeddable":true,"href":"https:\/\/kielinivel.tnk.fi\/index.php?rest_route=\/wp\/v2\/users\/2"}],"replies":[{"embeddable":true,"href":"https:\/\/kielinivel.tnk.fi\/index.php?rest_route=%2Fwp%2Fv2%2Fcomments&post=1130"}],"version-history":[{"count":3,"href":"https:\/\/kielinivel.tnk.fi\/index.php?rest_route=\/wp\/v2\/pages\/1130\/revisions"}],"predecessor-version":[{"id":2739,"href":"https:\/\/kielinivel.tnk.fi\/index.php?rest_route=\/wp\/v2\/pages\/1130\/revisions\/2739"}],"up":[{"embeddable":true,"href":"https:\/\/kielinivel.tnk.fi\/index.php?rest_route=\/wp\/v2\/pages\/202"}],"wp:attachment":[{"href":"https:\/\/kielinivel.tnk.fi\/index.php?rest_route=%2Fwp%2Fv2%2Fmedia&parent=1130"}],"curies":[{"name":"wp","href":"https:\/\/api.w.org\/{rel}","templated":true}]}}