{"id":1153,"date":"2024-12-10T11:24:10","date_gmt":"2024-12-10T09:24:10","guid":{"rendered":"https:\/\/kielinivel.tnk.fi\/?page_id=1153"},"modified":"2025-01-09T14:08:52","modified_gmt":"2025-01-09T12:08:52","slug":"si-ta-mesojme-lenden-e-gjeografise-1","status":"publish","type":"page","link":"https:\/\/kielinivel.tnk.fi\/?page_id=1153","title":{"rendered":"Si ta m\u00ebsojm\u00eb l\u00ebnd\u00ebn e gjeografis\u00eb (1)"},"content":{"rendered":"\n<figure class=\"wp-block-audio\"><audio controls src=\"https:\/\/kielinivel.tnk.fi\/wp-content\/uploads\/2025\/01\/Maantieto_Albania_1.mp3\"><\/audio><\/figure>\n\n\n\n<p>Nj\u00ebsit\u00eb m\u00ebsimore nga l\u00ebnda e gjeografis\u00eb paraqesin mendime apo informacione rreth tok\u00ebs dhe rajonet e saj\u00eb, popullsin\u00eb dhe vendbanimet, klim\u00ebn, bim\u00ebt dhe sistemin diellor.Tekstet m\u00ebsimore nga gjeografia p\u00ebrshkruajn&nbsp; ndryshimet dhe zhvillimet si &nbsp;formimi i planeteve me p\u00ebrb\u00ebrje gazi etj.<\/p>\n\n\n\n<p>N\u00eb tekstet e gjeografis\u00eb zakonisht klasifikohen dukurit\u00eb dhe kjo \u00ebsht\u00eb tipike p\u00ebr&nbsp; l\u00ebnd\u00ebn po flasim. N\u00eb nj\u00ebsit\u00eb m\u00ebsimore nga l\u00ebnda e gjeografis\u00eb p\u00ebrmbajn\u00eb koncepte t\u00eb reja si asteroid, h\u00ebn\u00eb dhe sistemi diellor apo planete tjera. Konceptet shpjegohen me p\u00ebrkufizime dhe shembuj. Kur lexoni tekstet e gjeografis\u00eb, ju k\u00ebrkoni konceptet e sip\u00ebrme dhe grupet t\u00eb cilave u p\u00ebrkasin.<\/p>\n\n\n\n<p><\/p>\n\n\n\n<p><\/p>\n\n\n\n<div class=\"wp-block-buttons is-layout-flex wp-block-buttons-is-layout-flex\">\n<div class=\"wp-block-button\"><a class=\"wp-block-button__link wp-element-button\" href=\"https:\/\/kielinivel.tnk.fi\/?page_id=221\"><strong>\u276e\u276e&nbsp;TAKAISIN TEKSTIIN<\/strong><\/a><\/div>\n<\/div>\n\n\n\n<p><\/p>\n","protected":false},"excerpt":{"rendered":"<p>Nj\u00ebsit\u00eb m\u00ebsimore nga l\u00ebnda e gjeografis\u00eb paraqesin mendime apo informacione rreth tok\u00ebs dhe rajonet e saj\u00eb, popullsin\u00eb dhe vendbanimet, klim\u00ebn, bim\u00ebt dhe sistemin diellor.Tekstet m\u00ebsimore nga gjeografia p\u00ebrshkruajn&nbsp; ndryshimet dhe zhvillimet si &nbsp;formimi i planeteve me p\u00ebrb\u00ebrje gazi etj. N\u00eb tekstet e gjeografis\u00eb zakonisht klasifikohen dukurit\u00eb dhe kjo \u00ebsht\u00eb tipike p\u00ebr&nbsp; l\u00ebnd\u00ebn po flasim. N\u00eb [&hellip;]<\/p>\n","protected":false},"author":2,"featured_media":0,"parent":221,"menu_order":0,"comment_status":"closed","ping_status":"closed","template":"","meta":{"footnotes":""},"class_list":["post-1153","page","type-page","status-publish","hentry"],"_links":{"self":[{"href":"https:\/\/kielinivel.tnk.fi\/index.php?rest_route=\/wp\/v2\/pages\/1153","targetHints":{"allow":["GET"]}}],"collection":[{"href":"https:\/\/kielinivel.tnk.fi\/index.php?rest_route=\/wp\/v2\/pages"}],"about":[{"href":"https:\/\/kielinivel.tnk.fi\/index.php?rest_route=\/wp\/v2\/types\/page"}],"author":[{"embeddable":true,"href":"https:\/\/kielinivel.tnk.fi\/index.php?rest_route=\/wp\/v2\/users\/2"}],"replies":[{"embeddable":true,"href":"https:\/\/kielinivel.tnk.fi\/index.php?rest_route=%2Fwp%2Fv2%2Fcomments&post=1153"}],"version-history":[{"count":3,"href":"https:\/\/kielinivel.tnk.fi\/index.php?rest_route=\/wp\/v2\/pages\/1153\/revisions"}],"predecessor-version":[{"id":2746,"href":"https:\/\/kielinivel.tnk.fi\/index.php?rest_route=\/wp\/v2\/pages\/1153\/revisions\/2746"}],"up":[{"embeddable":true,"href":"https:\/\/kielinivel.tnk.fi\/index.php?rest_route=\/wp\/v2\/pages\/221"}],"wp:attachment":[{"href":"https:\/\/kielinivel.tnk.fi\/index.php?rest_route=%2Fwp%2Fv2%2Fmedia&parent=1153"}],"curies":[{"name":"wp","href":"https:\/\/api.w.org\/{rel}","templated":true}]}}