{"id":1160,"date":"2024-12-10T11:25:57","date_gmt":"2024-12-10T09:25:57","guid":{"rendered":"https:\/\/kielinivel.tnk.fi\/?page_id=1160"},"modified":"2025-01-27T16:40:23","modified_gmt":"2025-01-27T14:40:23","slug":"si-ta-mesojme-lenden-e-gjeografise-3","status":"publish","type":"page","link":"https:\/\/kielinivel.tnk.fi\/?page_id=1160","title":{"rendered":"Si ta m\u00ebsojm\u00eb l\u00ebnd\u00ebn e gjeografis\u00eb (3)"},"content":{"rendered":"\n<figure class=\"wp-block-audio\"><audio controls src=\"https:\/\/kielinivel.tnk.fi\/wp-content\/uploads\/2025\/01\/Maantieto_Albania_2-1.mp3\"><\/audio><\/figure>\n\n\n\n<p>N\u00eb tekstet e zgjatura&nbsp; kemi zakonisht\u00eb edhe n\u00ebntituj, t\u00eb cil\u00ebt na ndihmojn\u00eb t\u00eb parashikojm\u00eb edhe kapitullin e ardh\u00ebsh\u00ebm. N\u00ebp\u00ebrmjet n\u00ebntitujve mund\u00eb ta kuptojm\u00eb edhe thelbin e m\u00ebsimit dhe na mund\u00ebson\u00eb ta kuptojm\u00eb, se p\u00ebr k\u00eb b\u00ebhet fjal\u00eb.<\/p>\n\n\n\n<p><\/p>\n\n\n\n<p><\/p>\n\n\n\n<div class=\"wp-block-buttons is-layout-flex wp-block-buttons-is-layout-flex\">\n<div class=\"wp-block-button\"><a class=\"wp-block-button__link wp-element-button\" href=\"https:\/\/kielinivel.tnk.fi\/?page_id=221\"><strong>\u276e\u276e&nbsp;TAKAISIN TEKSTIIN<\/strong><\/a><\/div>\n<\/div>\n\n\n\n<p><\/p>\n","protected":false},"excerpt":{"rendered":"<p>N\u00eb tekstet e zgjatura&nbsp; kemi zakonisht\u00eb edhe n\u00ebntituj, t\u00eb cil\u00ebt na ndihmojn\u00eb t\u00eb parashikojm\u00eb edhe kapitullin e ardh\u00ebsh\u00ebm. N\u00ebp\u00ebrmjet n\u00ebntitujve mund\u00eb ta kuptojm\u00eb edhe thelbin e m\u00ebsimit dhe na mund\u00ebson\u00eb ta kuptojm\u00eb, se p\u00ebr k\u00eb b\u00ebhet fjal\u00eb.<\/p>\n","protected":false},"author":2,"featured_media":0,"parent":221,"menu_order":0,"comment_status":"closed","ping_status":"closed","template":"","meta":{"footnotes":""},"class_list":["post-1160","page","type-page","status-publish","hentry"],"_links":{"self":[{"href":"https:\/\/kielinivel.tnk.fi\/index.php?rest_route=\/wp\/v2\/pages\/1160","targetHints":{"allow":["GET"]}}],"collection":[{"href":"https:\/\/kielinivel.tnk.fi\/index.php?rest_route=\/wp\/v2\/pages"}],"about":[{"href":"https:\/\/kielinivel.tnk.fi\/index.php?rest_route=\/wp\/v2\/types\/page"}],"author":[{"embeddable":true,"href":"https:\/\/kielinivel.tnk.fi\/index.php?rest_route=\/wp\/v2\/users\/2"}],"replies":[{"embeddable":true,"href":"https:\/\/kielinivel.tnk.fi\/index.php?rest_route=%2Fwp%2Fv2%2Fcomments&post=1160"}],"version-history":[{"count":5,"href":"https:\/\/kielinivel.tnk.fi\/index.php?rest_route=\/wp\/v2\/pages\/1160\/revisions"}],"predecessor-version":[{"id":3852,"href":"https:\/\/kielinivel.tnk.fi\/index.php?rest_route=\/wp\/v2\/pages\/1160\/revisions\/3852"}],"up":[{"embeddable":true,"href":"https:\/\/kielinivel.tnk.fi\/index.php?rest_route=\/wp\/v2\/pages\/221"}],"wp:attachment":[{"href":"https:\/\/kielinivel.tnk.fi\/index.php?rest_route=%2Fwp%2Fv2%2Fmedia&parent=1160"}],"curies":[{"name":"wp","href":"https:\/\/api.w.org\/{rel}","templated":true}]}}