{"id":1162,"date":"2024-12-10T11:27:45","date_gmt":"2024-12-10T09:27:45","guid":{"rendered":"https:\/\/kielinivel.tnk.fi\/?page_id=1162"},"modified":"2025-01-27T16:37:53","modified_gmt":"2025-01-27T14:37:53","slug":"si-ta-mesojme-lenden-e-gjeografise-4","status":"publish","type":"page","link":"https:\/\/kielinivel.tnk.fi\/?page_id=1162","title":{"rendered":"Si ta m\u00ebsojm\u00eb l\u00ebnd\u00ebn e gjeografis\u00eb (4)"},"content":{"rendered":"\n<figure class=\"wp-block-audio\"><audio controls src=\"https:\/\/kielinivel.tnk.fi\/wp-content\/uploads\/2025\/01\/Maantieto_Albania_3-1.mp3\"><\/audio><\/figure>\n\n\n\n<p>N\u00eb nj\u00ebsi m\u00ebsimore njohurit\u00eb mundemi ti p\u00ebrmbledhim n\u00eb diagrame, statistika, tabela si dhe temperatura mesatare etj.<\/p>\n\n\n\n<ol class=\"wp-block-list\">\n<li>P\u00ebr cilat dukuri grafitet flasin?<\/li>\n\n\n\n<li>Cilat jan\u00eb \u00e7\u00ebshtjet kryesore q\u00eb paraqiten n\u00eb grafit?<\/li>\n\n\n\n<li>Nga cilat gj\u00ebra t\u00eb p\u00ebrgjith\u00ebshme paraqiten &nbsp;njohurit\u00eb ?<\/li>\n\n\n\n<li>N\u00eb <a>\u00e7far\u00eb<\/a> m\u00ebnyre grafiti lidhet me tekste tjera brenda l\u00ebnd\u00ebs?<\/li>\n<\/ol>\n\n\n\n<p>Proceset e ndryshme dhe rrug\u00ebt e zhvillimit, paraqiten me diagrame dhe vizatime t\u00eb ndryshme dhe n\u00eb k\u00ebt rast n\u00ebse teksti i nj\u00ebsis\u00eb m\u00ebsimore tregon p\u00ebr ndonj\u00eb proces, nx\u00ebn\u00ebsi mund t\u00eb vizatoj\u00eb nj\u00eb diagram, i cili p\u00ebrshkruan procesin e formimit t\u00eb planeteve q\u00eb p\u00ebrmbajn\u00eb elemente gazi.<\/p>\n\n\n\n<p><\/p>\n\n\n\n<p><\/p>\n\n\n\n<div class=\"wp-block-buttons is-layout-flex wp-block-buttons-is-layout-flex\">\n<div class=\"wp-block-button\"><a class=\"wp-block-button__link wp-element-button\" href=\"https:\/\/kielinivel.tnk.fi\/?page_id=221\"><strong>\u276e\u276e&nbsp;TAKAISIN TEKSTIIN<\/strong><\/a><\/div>\n<\/div>\n\n\n\n<p><\/p>\n","protected":false},"excerpt":{"rendered":"<p>N\u00eb nj\u00ebsi m\u00ebsimore njohurit\u00eb mundemi ti p\u00ebrmbledhim n\u00eb diagrame, statistika, tabela si dhe temperatura mesatare etj. Proceset e ndryshme dhe rrug\u00ebt e zhvillimit, paraqiten me diagrame dhe vizatime t\u00eb ndryshme dhe n\u00eb k\u00ebt rast n\u00ebse teksti i nj\u00ebsis\u00eb m\u00ebsimore tregon p\u00ebr ndonj\u00eb proces, nx\u00ebn\u00ebsi mund t\u00eb vizatoj\u00eb nj\u00eb diagram, i cili p\u00ebrshkruan procesin e formimit [&hellip;]<\/p>\n","protected":false},"author":2,"featured_media":0,"parent":221,"menu_order":0,"comment_status":"closed","ping_status":"closed","template":"","meta":{"footnotes":""},"class_list":["post-1162","page","type-page","status-publish","hentry"],"_links":{"self":[{"href":"https:\/\/kielinivel.tnk.fi\/index.php?rest_route=\/wp\/v2\/pages\/1162","targetHints":{"allow":["GET"]}}],"collection":[{"href":"https:\/\/kielinivel.tnk.fi\/index.php?rest_route=\/wp\/v2\/pages"}],"about":[{"href":"https:\/\/kielinivel.tnk.fi\/index.php?rest_route=\/wp\/v2\/types\/page"}],"author":[{"embeddable":true,"href":"https:\/\/kielinivel.tnk.fi\/index.php?rest_route=\/wp\/v2\/users\/2"}],"replies":[{"embeddable":true,"href":"https:\/\/kielinivel.tnk.fi\/index.php?rest_route=%2Fwp%2Fv2%2Fcomments&post=1162"}],"version-history":[{"count":4,"href":"https:\/\/kielinivel.tnk.fi\/index.php?rest_route=\/wp\/v2\/pages\/1162\/revisions"}],"predecessor-version":[{"id":3847,"href":"https:\/\/kielinivel.tnk.fi\/index.php?rest_route=\/wp\/v2\/pages\/1162\/revisions\/3847"}],"up":[{"embeddable":true,"href":"https:\/\/kielinivel.tnk.fi\/index.php?rest_route=\/wp\/v2\/pages\/221"}],"wp:attachment":[{"href":"https:\/\/kielinivel.tnk.fi\/index.php?rest_route=%2Fwp%2Fv2%2Fmedia&parent=1162"}],"curies":[{"name":"wp","href":"https:\/\/api.w.org\/{rel}","templated":true}]}}