{"id":1164,"date":"2024-12-10T11:29:08","date_gmt":"2024-12-10T09:29:08","guid":{"rendered":"https:\/\/kielinivel.tnk.fi\/?page_id=1164"},"modified":"2025-01-09T14:11:53","modified_gmt":"2025-01-09T12:11:53","slug":"si-ta-mesojme-lenden-e-gjeografise-5","status":"publish","type":"page","link":"https:\/\/kielinivel.tnk.fi\/?page_id=1164","title":{"rendered":"Si ta m\u00ebsojm\u00eb l\u00ebnd\u00ebn e gjeografis\u00eb (5)"},"content":{"rendered":"\n<figure class=\"wp-block-audio\"><audio controls src=\"https:\/\/kielinivel.tnk.fi\/wp-content\/uploads\/2025\/01\/Maantieto_Albania_4.mp3\"><\/audio><\/figure>\n\n\n\n<p>Detyrat mund t\u00eb parashikojn\u00eb, q\u00eb n\u00eb baz\u00eb t\u00eb tekstit apo nj\u00ebsis m\u00ebsimore, mund t\u00eb vim\u00eb deri te ni p\u00ebrfundim(a mund t\u00eb kemi jet\u00eb n\u00eb planetin e marsit). <\/p>\n\n\n\n<p>Teksti m\u00ebsimor\u00eb zakonisht mund\u00eb t\u00eb paraqitet n\u00eb form\u00eb videoje, emisjoneve dokumentare etj dhe fotografit\u00eb e ndryshme ndihmojn\u00eb p\u00ebr ta kuptuar thelbin. Mund\u00ebsia \u00ebsht\u00eb t\u00eb p\u00ebrs\u00ebriten simbas nevoj\u00ebs p\u00ebr tu shiquar.<\/p>\n\n\n\n<p><\/p>\n\n\n\n<p><\/p>\n\n\n\n<div class=\"wp-block-buttons is-layout-flex wp-block-buttons-is-layout-flex\">\n<div class=\"wp-block-button\"><a class=\"wp-block-button__link wp-element-button\" href=\"https:\/\/kielinivel.tnk.fi\/?page_id=221\"><strong>\u276e\u276e&nbsp;TAKAISIN TEKSTIIN<\/strong><\/a><\/div>\n<\/div>\n\n\n\n<p><\/p>\n","protected":false},"excerpt":{"rendered":"<p>Detyrat mund t\u00eb parashikojn\u00eb, q\u00eb n\u00eb baz\u00eb t\u00eb tekstit apo nj\u00ebsis m\u00ebsimore, mund t\u00eb vim\u00eb deri te ni p\u00ebrfundim(a mund t\u00eb kemi jet\u00eb n\u00eb planetin e marsit). Teksti m\u00ebsimor\u00eb zakonisht mund\u00eb t\u00eb paraqitet n\u00eb form\u00eb videoje, emisjoneve dokumentare etj dhe fotografit\u00eb e ndryshme ndihmojn\u00eb p\u00ebr ta kuptuar thelbin. Mund\u00ebsia \u00ebsht\u00eb t\u00eb p\u00ebrs\u00ebriten simbas nevoj\u00ebs p\u00ebr [&hellip;]<\/p>\n","protected":false},"author":2,"featured_media":0,"parent":221,"menu_order":0,"comment_status":"closed","ping_status":"closed","template":"","meta":{"footnotes":""},"class_list":["post-1164","page","type-page","status-publish","hentry"],"_links":{"self":[{"href":"https:\/\/kielinivel.tnk.fi\/index.php?rest_route=\/wp\/v2\/pages\/1164","targetHints":{"allow":["GET"]}}],"collection":[{"href":"https:\/\/kielinivel.tnk.fi\/index.php?rest_route=\/wp\/v2\/pages"}],"about":[{"href":"https:\/\/kielinivel.tnk.fi\/index.php?rest_route=\/wp\/v2\/types\/page"}],"author":[{"embeddable":true,"href":"https:\/\/kielinivel.tnk.fi\/index.php?rest_route=\/wp\/v2\/users\/2"}],"replies":[{"embeddable":true,"href":"https:\/\/kielinivel.tnk.fi\/index.php?rest_route=%2Fwp%2Fv2%2Fcomments&post=1164"}],"version-history":[{"count":4,"href":"https:\/\/kielinivel.tnk.fi\/index.php?rest_route=\/wp\/v2\/pages\/1164\/revisions"}],"predecessor-version":[{"id":2753,"href":"https:\/\/kielinivel.tnk.fi\/index.php?rest_route=\/wp\/v2\/pages\/1164\/revisions\/2753"}],"up":[{"embeddable":true,"href":"https:\/\/kielinivel.tnk.fi\/index.php?rest_route=\/wp\/v2\/pages\/221"}],"wp:attachment":[{"href":"https:\/\/kielinivel.tnk.fi\/index.php?rest_route=%2Fwp%2Fv2%2Fmedia&parent=1164"}],"curies":[{"name":"wp","href":"https:\/\/api.w.org\/{rel}","templated":true}]}}