{"id":1170,"date":"2024-12-10T11:33:49","date_gmt":"2024-12-10T09:33:49","guid":{"rendered":"https:\/\/kielinivel.tnk.fi\/?page_id=1170"},"modified":"2024-12-13T14:21:31","modified_gmt":"2024-12-13T12:21:31","slug":"si-te-pregaditemi-per-provim-nga-gjeografia","status":"publish","type":"page","link":"https:\/\/kielinivel.tnk.fi\/?page_id=1170","title":{"rendered":"Si t\u00eb pregaditemi p\u00ebr provim nga gjeografia?"},"content":{"rendered":"\n<ol class=\"wp-block-list\">\n<li>Lexo nj\u00ebsit m\u00ebsimore dhe kapitujt q\u00eb nd\u00ebrlidhen me provim disa dit\u00eb me radh\u00eb.<br> <\/li>\n\n\n\n<li>Shkruaj me fjal\u00eb tuaja sqarimet rreth koncepteve. Grupoj fjal\u00ebt e panjohura t\u00eb nj\u00ebsive m\u00ebsimore q\u00eb jan\u00eb t\u00eb p\u00ebrcaktuara p\u00ebr provim.<br> <\/li>\n\n\n\n<li>Sigurohu, q\u00eb i keni kuptuar proceset m\u00ebsimore q\u00eb paraqiten n\u00eb lexim e sip\u00ebr. Vizato grafikun.<br> <\/li>\n\n\n\n<li>Ushtro me detyra t\u00eb sht\u00ebpis\u00eb.<br><\/li>\n<\/ol>\n\n\n\n<p><\/p>\n\n\n\n<p><\/p>\n\n\n\n<div class=\"wp-block-buttons is-layout-flex wp-block-buttons-is-layout-flex\">\n<div class=\"wp-block-button\"><a class=\"wp-block-button__link wp-element-button\" href=\"https:\/\/kielinivel.tnk.fi\/?page_id=221\"><strong>\u276e\u276e&nbsp;TAKAISIN TEKSTIIN<\/strong><\/a><\/div>\n<\/div>\n\n\n\n<p><\/p>\n","protected":false},"excerpt":{"rendered":"","protected":false},"author":2,"featured_media":0,"parent":221,"menu_order":13,"comment_status":"closed","ping_status":"closed","template":"","meta":{"footnotes":""},"class_list":["post-1170","page","type-page","status-publish","hentry"],"_links":{"self":[{"href":"https:\/\/kielinivel.tnk.fi\/index.php?rest_route=\/wp\/v2\/pages\/1170","targetHints":{"allow":["GET"]}}],"collection":[{"href":"https:\/\/kielinivel.tnk.fi\/index.php?rest_route=\/wp\/v2\/pages"}],"about":[{"href":"https:\/\/kielinivel.tnk.fi\/index.php?rest_route=\/wp\/v2\/types\/page"}],"author":[{"embeddable":true,"href":"https:\/\/kielinivel.tnk.fi\/index.php?rest_route=\/wp\/v2\/users\/2"}],"replies":[{"embeddable":true,"href":"https:\/\/kielinivel.tnk.fi\/index.php?rest_route=%2Fwp%2Fv2%2Fcomments&post=1170"}],"version-history":[{"count":2,"href":"https:\/\/kielinivel.tnk.fi\/index.php?rest_route=\/wp\/v2\/pages\/1170\/revisions"}],"predecessor-version":[{"id":1186,"href":"https:\/\/kielinivel.tnk.fi\/index.php?rest_route=\/wp\/v2\/pages\/1170\/revisions\/1186"}],"up":[{"embeddable":true,"href":"https:\/\/kielinivel.tnk.fi\/index.php?rest_route=\/wp\/v2\/pages\/221"}],"wp:attachment":[{"href":"https:\/\/kielinivel.tnk.fi\/index.php?rest_route=%2Fwp%2Fv2%2Fmedia&parent=1170"}],"curies":[{"name":"wp","href":"https:\/\/api.w.org\/{rel}","templated":true}]}}