{"id":118,"date":"2024-11-24T21:32:10","date_gmt":"2024-11-24T19:32:10","guid":{"rendered":"https:\/\/kielinivel.tnk.fi\/?page_id=118"},"modified":"2025-01-27T23:09:25","modified_gmt":"2025-01-27T21:09:25","slug":"kurdi","status":"publish","type":"page","link":"https:\/\/kielinivel.tnk.fi\/?page_id=118","title":{"rendered":"kurdi &#8211; opiskeluohjeet kurdiksi"},"content":{"rendered":"\n<p class=\"has-text-align-center has-x-large-font-size\">KEMIA<\/p>\n\n\n\n<hr class=\"wp-block-separator has-alpha-channel-opacity is-style-wide\"\/>\n\n\n\n<p class=\"has-large-font-size\">Aineiden erilaiset ominaisuudet<\/p>\n\n\n\n<figure class=\"wp-block-image alignright size-medium\"><img loading=\"lazy\" decoding=\"async\" width=\"300\" height=\"300\" src=\"https:\/\/kielinivel.tnk.fi\/wp-content\/uploads\/2024\/11\/Kemia1-300x300.png\" alt=\"Koeputkia, joissa on v\u00e4rikk\u00e4it\u00e4 nesteit\u00e4\" class=\"wp-image-550\" srcset=\"https:\/\/kielinivel.tnk.fi\/wp-content\/uploads\/2024\/11\/Kemia1-300x300.png 300w, https:\/\/kielinivel.tnk.fi\/wp-content\/uploads\/2024\/11\/Kemia1-150x150.png 150w, https:\/\/kielinivel.tnk.fi\/wp-content\/uploads\/2024\/11\/Kemia1.png 519w\" sizes=\"auto, (max-width: 300px) 100vw, 300px\" \/><\/figure>\n\n\n\n<p><strong><em>Tutkimus.<\/em><\/strong><em> Tarkastele opettajan antamia n\u00e4ytteit\u00e4 ja pohdi mit\u00e4 yhteisi\u00e4 ja mit\u00e4 erilaisia ominaisuuksia niill\u00e4 on. Yrit\u00e4 p\u00e4\u00e4tell\u00e4 ominaisuuksien avulla, mist\u00e4 aineista on kyse.<\/em><\/p>\n\n\n\n<h1 class=\"wp-block-heading has-medium-font-size\"><strong>Aineen ominaisuuksia <\/strong><a href=\"https:\/\/kielinivel.tnk.fi\/?page_id=2230\" data-type=\"page\" data-id=\"2230\"><img loading=\"lazy\" decoding=\"async\" width=\"90\" height=\"20\" class=\"wp-image-409\" style=\"\" src=\"https:\/\/kielinivel.tnk.fi\/wp-content\/uploads\/2024\/11\/LUE-OHJE-75pix.png\" alt=\"LUE OHJE\"><\/a><\/h1>\n\n\n\n<p>Ymp\u00e4rill\u00e4mme n\u00e4kyv\u00e4t esineet ja materiaalit ovat kaikki jotain kemiallista ainetta. Aineet voidaan tunnistaa niiden ominaisuuksien perusteella. Tunnistaminen tapahtuu sek\u00e4 aistien ett\u00e4 erilaisten mittav\u00e4lineiden avulla.<\/p>\n\n\n\n<p>Esimerkiksi v\u00e4ri, haju, maku, kovuus, kiilto, happamuus, liukoisuus, sulamis- ja kiehumispiste sek\u00e4 s\u00e4hk\u00f6n- ja l\u00e4mm\u00f6njohtavuus ovat aineiden ominaisuuksia.<a href=\"https:\/\/kielinivel.tnk.fi\/?page_id=2232\" data-type=\"page\" data-id=\"2232\"><img loading=\"lazy\" decoding=\"async\" width=\"90\" height=\"20\" class=\"wp-image-409\" style=\"\" src=\"https:\/\/kielinivel.tnk.fi\/wp-content\/uploads\/2024\/11\/LUE-OHJE-75pix.png\" alt=\"LUE OHJE\"><\/a><\/p>\n\n\n\n<p><em>Pohdi. Mit\u00e4 ominaisuuksia vaaditaan \u00e4lypuhelimen valmistuksessa k\u00e4ytetyilt\u00e4 materiaaleilta?<\/em><\/p>\n\n\n\n<p>Aineet voidaan jakaa <strong>happamuuden<\/strong> mukaan happamiin, neutraaleihin ja em\u00e4ksisiin aineisiin mittaamalla aineen pH-luku. <a href=\"https:\/\/kielinivel.tnk.fi\/?page_id=2234\" data-type=\"page\" data-id=\"2234\"><img loading=\"lazy\" decoding=\"async\" width=\"90\" height=\"20\" class=\"wp-image-409\" style=\"\" src=\"https:\/\/kielinivel.tnk.fi\/wp-content\/uploads\/2024\/11\/LUE-OHJE-75pix.png\" alt=\"LUE OHJE\"><\/a><\/p>\n\n\n\n<figure class=\"wp-block-image aligncenter size-medium\"><img loading=\"lazy\" decoding=\"async\" width=\"300\" height=\"110\" src=\"https:\/\/kielinivel.tnk.fi\/wp-content\/uploads\/2024\/11\/pH-300x110.png\" alt=\"\" class=\"wp-image-551\" srcset=\"https:\/\/kielinivel.tnk.fi\/wp-content\/uploads\/2024\/11\/pH-300x110.png 300w, https:\/\/kielinivel.tnk.fi\/wp-content\/uploads\/2024\/11\/pH-768x282.png 768w, https:\/\/kielinivel.tnk.fi\/wp-content\/uploads\/2024\/11\/pH.png 957w\" sizes=\"auto, (max-width: 300px) 100vw, 300px\" \/><\/figure>\n\n\n\n<p>pH-lukua voidaan mitata pH-paperin, pH-mittarin ja indikaattoriliuoksen avulla.<\/p>\n\n\n\n<p>Monet aineet ovat vesiliukoisia eli liukenevat veteen. <strong>Liukoisuus<\/strong> on ominaisuus, joka kuvaa sit\u00e4, kuinka hyvin aine liukenee toisiin aineisiin. <a href=\"https:\/\/kielinivel.tnk.fi\/?page_id=2236\" data-type=\"page\" data-id=\"2236\"><img loading=\"lazy\" decoding=\"async\" width=\"90\" height=\"20\" class=\"wp-image-409\" style=\"\" src=\"https:\/\/kielinivel.tnk.fi\/wp-content\/uploads\/2024\/11\/LUE-OHJE-75pix.png\" alt=\"LUE OHJE\"><\/a><\/p>\n\n\n\n<p><em>Mit\u00e4 olomuotoja n\u00e4et kuvassa? <\/em><a href=\"https:\/\/kielinivel.tnk.fi\/?page_id=2238\" data-type=\"page\" data-id=\"2238\"><img loading=\"lazy\" decoding=\"async\" width=\"90\" height=\"20\" class=\"wp-image-409\" style=\"\" src=\"https:\/\/kielinivel.tnk.fi\/wp-content\/uploads\/2024\/11\/LUE-OHJE-75pix.png\" alt=\"LUE OHJE\"><\/a><\/p>\n\n\n\n<figure class=\"wp-block-image size-full\"><img loading=\"lazy\" decoding=\"async\" width=\"797\" height=\"488\" src=\"https:\/\/kielinivel.tnk.fi\/wp-content\/uploads\/2024\/11\/Olomuotoja.png\" alt=\"Maisemakuva, jossa vett\u00e4, j\u00e4\u00e4t\u00e4, sumua ja taustalla mets\u00e4\u00e4\" class=\"wp-image-552\" srcset=\"https:\/\/kielinivel.tnk.fi\/wp-content\/uploads\/2024\/11\/Olomuotoja.png 797w, https:\/\/kielinivel.tnk.fi\/wp-content\/uploads\/2024\/11\/Olomuotoja-300x184.png 300w, https:\/\/kielinivel.tnk.fi\/wp-content\/uploads\/2024\/11\/Olomuotoja-768x470.png 768w\" sizes=\"auto, (max-width: 797px) 100vw, 797px\" \/><\/figure>\n\n\n\n<h1 class=\"wp-block-heading has-medium-font-size\"><strong>Aineen olomuodot<\/strong><\/h1>\n\n\n\n<p>Aineella on kolme olomuotoa: kiinte\u00e4, neste ja kaasu. Kiinteill\u00e4 aineilla on tietty muoto. Nesteet ottavat astian muodon. Kaasut viev\u00e4t koko sen tilan, joka niill\u00e4 on k\u00e4ytett\u00e4viss\u00e4.<\/p>\n\n\n\n<p>Aineen olomuoto saadaan muuttumaan nostamalla tai laskemalla l\u00e4mp\u00f6tilaa.<\/p>\n\n\n\n<figure class=\"wp-block-image size-full\"><img loading=\"lazy\" decoding=\"async\" width=\"610\" height=\"432\" src=\"https:\/\/kielinivel.tnk.fi\/wp-content\/uploads\/2024\/11\/Olomuotokaavio.png\" alt=\"Kaavio, jossa kuvattu aineen olomuotojen suhteet\" class=\"wp-image-553\" srcset=\"https:\/\/kielinivel.tnk.fi\/wp-content\/uploads\/2024\/11\/Olomuotokaavio.png 610w, https:\/\/kielinivel.tnk.fi\/wp-content\/uploads\/2024\/11\/Olomuotokaavio-300x212.png 300w\" sizes=\"auto, (max-width: 610px) 100vw, 610px\" \/><\/figure>\n\n\n\n<p><a href=\"https:\/\/kielinivel.tnk.fi\/?page_id=2240\" data-type=\"page\" data-id=\"2243\"><img loading=\"lazy\" decoding=\"async\" width=\"90\" height=\"20\" class=\"wp-image-409\" style=\"\" src=\"https:\/\/kielinivel.tnk.fi\/wp-content\/uploads\/2024\/11\/LUE-OHJE-75pix.png\" alt=\"LUE OHJE\"><\/a><\/p>\n\n\n\n<p><strong>Sulamispiste<\/strong> on l\u00e4mp\u00f6tila, jossa puhdas aine sulaa eli muuttuu kiinte\u00e4st\u00e4 aineesta nesteeksi. <a href=\"https:\/\/kielinivel.tnk.fi\/?page_id=2236\" data-type=\"page\" data-id=\"2236\"><img loading=\"lazy\" decoding=\"async\" width=\"90\" height=\"20\" class=\"wp-image-409\" style=\"\" src=\"https:\/\/kielinivel.tnk.fi\/wp-content\/uploads\/2024\/11\/LUE-OHJE-75pix.png\" alt=\"LUE OHJE\"><\/a><\/p>\n\n\n\n<p><strong>Kiehumispiste<\/strong> on l\u00e4mp\u00f6tila, jossa puhdas aine kiehuu eli muuttuu nesteest\u00e4 kaasuksi. <strong>Haihtumista<\/strong> voi tapahtua kaikissa l\u00e4mp\u00f6tiloissa nesteen pintaosista. <a href=\"https:\/\/kielinivel.tnk.fi\/?page_id=2236\" data-type=\"page\" data-id=\"2236\"><img loading=\"lazy\" decoding=\"async\" width=\"90\" height=\"20\" class=\"wp-image-409\" style=\"\" src=\"https:\/\/kielinivel.tnk.fi\/wp-content\/uploads\/2024\/11\/LUE-OHJE-75pix.png\" alt=\"\"><\/a><\/p>\n\n\n\n<figure class=\"wp-block-table\"><table class=\"has-fixed-layout\"><tbody><tr><td><strong>Aine<\/strong><\/td><td><strong>Sulamispiste <\/strong><img loading=\"lazy\" decoding=\"async\" width=\"22\" height=\"16\" src=\"\"><strong><\/strong><\/td><td><strong>Kiehumispiste <\/strong><img loading=\"lazy\" decoding=\"async\" width=\"22\" height=\"16\" src=\"\"><strong><\/strong><\/td><\/tr><tr><td>vesi<\/td><td>0<\/td><td>100<\/td><\/tr><tr><td>alumiini<\/td><td>660<\/td><td>2470<\/td><\/tr><tr><td>elohopea<\/td><td>-39<\/td><td>357<\/td><\/tr><tr><td>happi<\/td><td>-218<\/td><td>-183<\/td><\/tr><tr><td>hopea<\/td><td>962<\/td><td>2210<\/td><\/tr><tr><td>kulta<\/td><td>1063<\/td><td>2810<\/td><\/tr><tr><td>kupari<\/td><td>1038<\/td><td>2570<\/td><\/tr><tr><td>hiilidioksidi<\/td><td>-78<\/td><td>-78<\/td><\/tr><tr><td>etanoli<\/td><td>-117<\/td><td>79<\/td><\/tr><\/tbody><\/table><\/figure>\n\n\n\n<p><em>Taulukko 1. Er\u00e4iden puhtaiden aineiden sulamis- ja kiehumispisteit\u00e4. <a href=\"https:\/\/kielinivel.tnk.fi\/?page_id=2243\" data-type=\"page\" data-id=\"2240\"><img loading=\"lazy\" decoding=\"async\" width=\"90\" height=\"20\" class=\"wp-image-409\" style=\"\" src=\"https:\/\/kielinivel.tnk.fi\/wp-content\/uploads\/2024\/11\/LUE-OHJE-75pix.png\" alt=\"LUE OHJE\"><\/a><\/em> <\/p>\n\n\n\n<p>Metallit ovat hyvi\u00e4 s\u00e4hk\u00f6n- ja l\u00e4mm\u00f6njohteita eli ne <strong>johtavat l\u00e4mp\u00f6\u00e4 ja s\u00e4hk\u00f6\u00e4<\/strong>. Esimerkiksi lasi, puu ja ilma ovat <strong>eristeit\u00e4<\/strong>.<\/p>\n\n\n\n<p class=\"has-small-font-size\"><em>Kuvat luotu Canvan teko\u00e4lyll\u00e4.<\/em><\/p>\n\n\n\n<hr class=\"wp-block-separator has-alpha-channel-opacity is-style-wide\"\/>\n\n\n\n<p class=\"has-text-align-center has-medium-font-size\"><\/p>\n\n\n\n<div class=\"wp-block-buttons is-content-justification-center is-layout-flex wp-container-core-buttons-is-layout-a89b3969 wp-block-buttons-is-layout-flex\">\n<div class=\"wp-block-button is-style-fill\"><a class=\"wp-block-button__link has-background has-text-align-center wp-element-button\" href=\"https:\/\/kielinivel.tnk.fi\/?page_id=2245\" style=\"background-color:#007a4d\"><strong>TEHT\u00c4VI\u00c4<\/strong><\/a><\/div>\n\n\n\n<div class=\"wp-block-button is-style-fill\"><a class=\"wp-block-button__link has-background has-text-align-center wp-element-button\" href=\"https:\/\/kielinivel.tnk.fi\/?page_id=2247\" style=\"background-color:#007a4d\"><strong>KOTONA<\/strong><\/a><\/div>\n\n\n\n<div class=\"wp-block-button\"><a class=\"wp-block-button__link has-background has-text-align-center wp-element-button\" href=\"https:\/\/kielinivel.tnk.fi\/?page_id=2249\" style=\"background-color:#007a4d\"><strong>KOKEISIIN<\/strong><\/a><\/div>\n<\/div>\n\n\n\n<figure class=\"wp-block-audio\"><audio controls src=\"https:\/\/kielinivel.tnk.fi\/wp-content\/uploads\/2025\/01\/Kemia_Kurdi_loppu-1.mp3\"><\/audio><\/figure>\n\n\n\n<hr class=\"wp-block-separator has-alpha-channel-opacity is-style-wide\"\/>\n\n\n\n<p class=\"has-text-align-center has-medium-font-size\"><a href=\"https:\/\/kielinivel.tnk.fi\/?page_id=114\" data-type=\"page\" data-id=\"114\">albania<\/a>\u00a0\u23aa\u00a0<a href=\"https:\/\/kielinivel.tnk.fi\/?page_id=120\" data-type=\"page\" data-id=\"120\">arabia<\/a>\u00a0\u23aa<a href=\"https:\/\/kielinivel.tnk.fi\/?page_id=124\" data-type=\"page\" data-id=\"124\">englanti<\/a>\u23aa<a href=\"https:\/\/kielinivel.tnk.fi\/?page_id=118\" data-type=\"page\" data-id=\"118\">kurdi<\/a>\u23aa<a href=\"https:\/\/kielinivel.tnk.fi\/?page_id=116\" data-type=\"page\" data-id=\"116\">persia<\/a>\u23aa<a href=\"https:\/\/kielinivel.tnk.fi\/?page_id=130\" data-type=\"page\" data-id=\"130\">suomi<\/a>\u00a0\u23aa<a href=\"https:\/\/kielinivel.tnk.fi\/?page_id=122\" data-type=\"page\" data-id=\"122\">ven\u00e4j\u00e4<\/a><\/p>\n\n\n\n<p><\/p>\n","protected":false},"excerpt":{"rendered":"<p>KEMIA Aineiden erilaiset ominaisuudet Tutkimus. Tarkastele opettajan antamia n\u00e4ytteit\u00e4 ja pohdi mit\u00e4 yhteisi\u00e4 ja mit\u00e4 erilaisia ominaisuuksia niill\u00e4 on. Yrit\u00e4 p\u00e4\u00e4tell\u00e4 ominaisuuksien avulla, mist\u00e4 aineista on kyse. Aineen ominaisuuksia Ymp\u00e4rill\u00e4mme n\u00e4kyv\u00e4t esineet ja materiaalit ovat kaikki jotain kemiallista ainetta. Aineet voidaan tunnistaa niiden ominaisuuksien perusteella. Tunnistaminen tapahtuu sek\u00e4 aistien ett\u00e4 erilaisten mittav\u00e4lineiden avulla. Esimerkiksi v\u00e4ri, [&hellip;]<\/p>\n","protected":false},"author":2,"featured_media":0,"parent":103,"menu_order":0,"comment_status":"closed","ping_status":"closed","template":"","meta":{"footnotes":""},"class_list":["post-118","page","type-page","status-publish","hentry"],"_links":{"self":[{"href":"https:\/\/kielinivel.tnk.fi\/index.php?rest_route=\/wp\/v2\/pages\/118","targetHints":{"allow":["GET"]}}],"collection":[{"href":"https:\/\/kielinivel.tnk.fi\/index.php?rest_route=\/wp\/v2\/pages"}],"about":[{"href":"https:\/\/kielinivel.tnk.fi\/index.php?rest_route=\/wp\/v2\/types\/page"}],"author":[{"embeddable":true,"href":"https:\/\/kielinivel.tnk.fi\/index.php?rest_route=\/wp\/v2\/users\/2"}],"replies":[{"embeddable":true,"href":"https:\/\/kielinivel.tnk.fi\/index.php?rest_route=%2Fwp%2Fv2%2Fcomments&post=118"}],"version-history":[{"count":11,"href":"https:\/\/kielinivel.tnk.fi\/index.php?rest_route=\/wp\/v2\/pages\/118\/revisions"}],"predecessor-version":[{"id":3864,"href":"https:\/\/kielinivel.tnk.fi\/index.php?rest_route=\/wp\/v2\/pages\/118\/revisions\/3864"}],"up":[{"embeddable":true,"href":"https:\/\/kielinivel.tnk.fi\/index.php?rest_route=\/wp\/v2\/pages\/103"}],"wp:attachment":[{"href":"https:\/\/kielinivel.tnk.fi\/index.php?rest_route=%2Fwp%2Fv2%2Fmedia&parent=118"}],"curies":[{"name":"wp","href":"https:\/\/api.w.org\/{rel}","templated":true}]}}