{"id":1193,"date":"2024-12-10T12:10:00","date_gmt":"2024-12-10T10:10:00","guid":{"rendered":"https:\/\/kielinivel.tnk.fi\/?page_id=1193"},"modified":"2025-01-09T14:21:44","modified_gmt":"2025-01-09T12:21:44","slug":"si-ta-mesojme-gjuhen-dhe-letersine-finlandeze-dhe-gjuhen-finlandeze-s2-4","status":"publish","type":"page","link":"https:\/\/kielinivel.tnk.fi\/?page_id=1193","title":{"rendered":"Si ta m\u00ebsojm\u00eb gjuh\u00ebn dhe letersin\u00eb finlandeze dhe gjuh\u00ebn finlandeze-S2 (4)"},"content":{"rendered":"\n<figure class=\"wp-block-audio\"><audio controls src=\"https:\/\/kielinivel.tnk.fi\/wp-content\/uploads\/2025\/01\/Suomen-kieli_Albania_4.mp3\"><\/audio><\/figure>\n\n\n\n<p>Temat e teksteve m\u00ebsimore ndryshojn\u00eb p\u00ebr nga gjer\u00ebsa. Sa m\u00eb shum\u00eb nx\u00ebn\u00ebsi ka njohuri rreth bot\u00ebs, aq m\u00eb t\u00eb leht\u00eb do ta ket\u00eb gjat\u00eb or\u00ebs s\u00eb m\u00ebsimit. N\u00eb koh\u00ebn e lir\u00eb t\u00eb lexuarit e teksteve t\u00eb ndryshme, p\u00ebr t\u00eb biseduar me njer\u00ebz tjer\u00eb t\u00eb rritur dhe duke p\u00ebrcjellur lajme, mund t\u00eb krijojm\u00eb njohuri dhe t\u00eb zgj\u00ebrohet diapazoni i t\u00eb shprehurit. T\u00eb m\u00ebsuarit e gjuh\u00ebs finlandeze ndodh\u00eb jo vet\u00ebm n\u00eb or\u00eb t\u00eb m\u00ebsimit.<\/p>\n\n\n\n<p>Detyrat n\u00eb tekstin m\u00ebsimor\u00eb fillojn nga m\u00eb t\u00eb lehtat kah t\u00eb v\u00ebshtirat. Detyra num\u00ebr 1 \u00ebsht\u00eb parapar\u00eb p\u00ebr ata q\u00eb kan filluar ta m\u00ebsojn\u00eb gjuh\u00ebn, sepse pergjigjet gjinden n\u00eb nj\u00ebsin\u00eb m\u00ebsimore. Detyra num\u00ebr 2 \u00ebsht\u00eb parapar\u00eb p\u00ebr nx\u00ebn\u00ebsit, t\u00eb cil\u00ebt p\u00ebrq\u00ebndrohen n\u00eb t\u00eb kuptuarit e konceptit. Detyra num\u00ebr 3 parashikon njohuri m\u00eb t\u00eb thella&nbsp; dhe t\u00eb kuptuarit e tekstit m\u00eb t\u00eb gj\u00ebr\u00eb. Detyrat mund t\u00eb jen\u00eb n\u00eb form\u00ebn efektive dhe funksionale si psh, organizimi i dramave t\u00eb ndryshme, lojrave n\u00eb l\u00ebvizje, biseda me radh\u00eb pastaj tento t\u00eb gjesh\u00eb diqka t\u00eb re, vendos dhe planifiko.<\/p>\n\n\n\n<p><\/p>\n\n\n\n<p><\/p>\n\n\n\n<div class=\"wp-block-buttons is-layout-flex wp-block-buttons-is-layout-flex\">\n<div class=\"wp-block-button\"><a class=\"wp-block-button__link wp-element-button\" href=\"https:\/\/kielinivel.tnk.fi\/?page_id=241\"><strong>\u276e\u276e&nbsp;TAKAISIN TEKSTIIN<\/strong><\/a><\/div>\n<\/div>\n\n\n\n<p><\/p>\n","protected":false},"excerpt":{"rendered":"<p>Temat e teksteve m\u00ebsimore ndryshojn\u00eb p\u00ebr nga gjer\u00ebsa. Sa m\u00eb shum\u00eb nx\u00ebn\u00ebsi ka njohuri rreth bot\u00ebs, aq m\u00eb t\u00eb leht\u00eb do ta ket\u00eb gjat\u00eb or\u00ebs s\u00eb m\u00ebsimit. N\u00eb koh\u00ebn e lir\u00eb t\u00eb lexuarit e teksteve t\u00eb ndryshme, p\u00ebr t\u00eb biseduar me njer\u00ebz tjer\u00eb t\u00eb rritur dhe duke p\u00ebrcjellur lajme, mund t\u00eb krijojm\u00eb njohuri dhe t\u00eb [&hellip;]<\/p>\n","protected":false},"author":2,"featured_media":0,"parent":241,"menu_order":0,"comment_status":"closed","ping_status":"closed","template":"","meta":{"footnotes":""},"class_list":["post-1193","page","type-page","status-publish","hentry"],"_links":{"self":[{"href":"https:\/\/kielinivel.tnk.fi\/index.php?rest_route=\/wp\/v2\/pages\/1193","targetHints":{"allow":["GET"]}}],"collection":[{"href":"https:\/\/kielinivel.tnk.fi\/index.php?rest_route=\/wp\/v2\/pages"}],"about":[{"href":"https:\/\/kielinivel.tnk.fi\/index.php?rest_route=\/wp\/v2\/types\/page"}],"author":[{"embeddable":true,"href":"https:\/\/kielinivel.tnk.fi\/index.php?rest_route=\/wp\/v2\/users\/2"}],"replies":[{"embeddable":true,"href":"https:\/\/kielinivel.tnk.fi\/index.php?rest_route=%2Fwp%2Fv2%2Fcomments&post=1193"}],"version-history":[{"count":3,"href":"https:\/\/kielinivel.tnk.fi\/index.php?rest_route=\/wp\/v2\/pages\/1193\/revisions"}],"predecessor-version":[{"id":2765,"href":"https:\/\/kielinivel.tnk.fi\/index.php?rest_route=\/wp\/v2\/pages\/1193\/revisions\/2765"}],"up":[{"embeddable":true,"href":"https:\/\/kielinivel.tnk.fi\/index.php?rest_route=\/wp\/v2\/pages\/241"}],"wp:attachment":[{"href":"https:\/\/kielinivel.tnk.fi\/index.php?rest_route=%2Fwp%2Fv2%2Fmedia&parent=1193"}],"curies":[{"name":"wp","href":"https:\/\/api.w.org\/{rel}","templated":true}]}}