{"id":1195,"date":"2024-12-10T12:10:26","date_gmt":"2024-12-10T10:10:26","guid":{"rendered":"https:\/\/kielinivel.tnk.fi\/?page_id=1195"},"modified":"2025-01-09T14:22:25","modified_gmt":"2025-01-09T12:22:25","slug":"si-ta-mesojme-gjuhen-dhe-letersine-finlandeze-dhe-gjuhen-finlandeze-s2-5","status":"publish","type":"page","link":"https:\/\/kielinivel.tnk.fi\/?page_id=1195","title":{"rendered":"Si ta m\u00ebsojm\u00eb gjuh\u00ebn dhe letersin\u00eb finlandeze dhe gjuh\u00ebn finlandeze-S2 (5)"},"content":{"rendered":"\n<figure class=\"wp-block-audio\"><audio controls src=\"https:\/\/kielinivel.tnk.fi\/wp-content\/uploads\/2025\/01\/Suomen-kieli_Albania_5.mp3\"><\/audio><\/figure>\n\n\n\n<p>N\u00eb or\u00ebn e t\u00eb m\u00ebsuarit t\u00eb gjuh\u00ebs finlandeze njoftohemi edhe me kultur\u00ebn finlandeze dhe let\u00ebrsin\u00eb.Banor\u00ebt q\u00eb banojn\u00eb n\u00eb Finland\u00eb t\u00eb ken\u00eb njohuri t\u00eb mjaftueshme rreth shoq\u00ebris\u00eb, gjuh\u00ebs dhe kultur\u00ebs. Duke u njoftuar me let\u00ebrsin\u00eb dhe mediat t\u00eb rinj\u00ebt njoftohen p\u00ebr t\u00eb kaluar\u00ebn, jet\u00ebn, zakonet, mendimet e njer\u00ebzve dhe vlerat morale t\u00eb shoq\u00ebris\u00eb, si p\u00ebrhapja e lajmeve dhe objektivizmi i tyre. Edukimi mediatik\u00eb \u00ebsht\u00eb i r\u00ebnd\u00ebsish\u00ebm p\u00ebr t\u00eb rinj\u00ebt, q\u00eb ata t\u00eb din\u00eb ta vler\u00ebsojn\u00eb situat\u00ebn dhe t\u00eb dh\u00ebnat, t\u00eb cilat vin\u00eb n\u00ebp\u00ebrmjet t\u00eb mediave t\u00eb shkruara apo elektronike.<\/p>\n\n\n\n<p><\/p>\n\n\n\n<p><\/p>\n\n\n\n<div class=\"wp-block-buttons is-layout-flex wp-block-buttons-is-layout-flex\">\n<div class=\"wp-block-button\"><a class=\"wp-block-button__link wp-element-button\" href=\"https:\/\/kielinivel.tnk.fi\/?page_id=241\"><strong>\u276e\u276e&nbsp;TAKAISIN TEKSTIIN<\/strong><\/a><\/div>\n<\/div>\n\n\n\n<p><\/p>\n","protected":false},"excerpt":{"rendered":"<p>N\u00eb or\u00ebn e t\u00eb m\u00ebsuarit t\u00eb gjuh\u00ebs finlandeze njoftohemi edhe me kultur\u00ebn finlandeze dhe let\u00ebrsin\u00eb.Banor\u00ebt q\u00eb banojn\u00eb n\u00eb Finland\u00eb t\u00eb ken\u00eb njohuri t\u00eb mjaftueshme rreth shoq\u00ebris\u00eb, gjuh\u00ebs dhe kultur\u00ebs. Duke u njoftuar me let\u00ebrsin\u00eb dhe mediat t\u00eb rinj\u00ebt njoftohen p\u00ebr t\u00eb kaluar\u00ebn, jet\u00ebn, zakonet, mendimet e njer\u00ebzve dhe vlerat morale t\u00eb shoq\u00ebris\u00eb, si p\u00ebrhapja e [&hellip;]<\/p>\n","protected":false},"author":2,"featured_media":0,"parent":241,"menu_order":0,"comment_status":"closed","ping_status":"closed","template":"","meta":{"footnotes":""},"class_list":["post-1195","page","type-page","status-publish","hentry"],"_links":{"self":[{"href":"https:\/\/kielinivel.tnk.fi\/index.php?rest_route=\/wp\/v2\/pages\/1195","targetHints":{"allow":["GET"]}}],"collection":[{"href":"https:\/\/kielinivel.tnk.fi\/index.php?rest_route=\/wp\/v2\/pages"}],"about":[{"href":"https:\/\/kielinivel.tnk.fi\/index.php?rest_route=\/wp\/v2\/types\/page"}],"author":[{"embeddable":true,"href":"https:\/\/kielinivel.tnk.fi\/index.php?rest_route=\/wp\/v2\/users\/2"}],"replies":[{"embeddable":true,"href":"https:\/\/kielinivel.tnk.fi\/index.php?rest_route=%2Fwp%2Fv2%2Fcomments&post=1195"}],"version-history":[{"count":3,"href":"https:\/\/kielinivel.tnk.fi\/index.php?rest_route=\/wp\/v2\/pages\/1195\/revisions"}],"predecessor-version":[{"id":2767,"href":"https:\/\/kielinivel.tnk.fi\/index.php?rest_route=\/wp\/v2\/pages\/1195\/revisions\/2767"}],"up":[{"embeddable":true,"href":"https:\/\/kielinivel.tnk.fi\/index.php?rest_route=\/wp\/v2\/pages\/241"}],"wp:attachment":[{"href":"https:\/\/kielinivel.tnk.fi\/index.php?rest_route=%2Fwp%2Fv2%2Fmedia&parent=1195"}],"curies":[{"name":"wp","href":"https:\/\/api.w.org\/{rel}","templated":true}]}}