{"id":1199,"date":"2024-12-10T12:11:32","date_gmt":"2024-12-10T10:11:32","guid":{"rendered":"https:\/\/kielinivel.tnk.fi\/?page_id=1199"},"modified":"2024-12-13T14:21:07","modified_gmt":"2024-12-13T12:21:07","slug":"si-ta-mesojme-gjuhen-finlandeze-ne-shtepi","status":"publish","type":"page","link":"https:\/\/kielinivel.tnk.fi\/?page_id=1199","title":{"rendered":"Si ta m\u00ebsojm\u00eb gjuh\u00ebn finlandeze n\u00eb sht\u00ebpi"},"content":{"rendered":"\n<ol class=\"wp-block-list\">\n<li>Lexo kapitujt e librit dhe p\u00ebrs\u00ebriti temat e shkruara n\u00eb fletore.<\/li>\n\n\n\n<li>Kryej detyrat e sht\u00ebpis\u00eb.<\/li>\n\n\n\n<li>Ushtro t\u00eb lexuarit t\u00ebr koh\u00ebn. Gjat koh\u00ebs s\u00eb lir\u00eb, lexo tekste t\u00eb shkurta psh, paketimet ushqimore si qum\u00ebshti, reklama, lajm\u00ebrimet e ndryshme, biblotekat etj.<\/li>\n\n\n\n<li>Shiqo programe n\u00eb tv apo nd\u00ebgjo n\u00eb radio programe apo n\u00eb internet etj.<\/li>\n\n\n\n<li>P\u00ebrdor gjuh\u00ebn finlandeze sa m\u00eb tep\u00ebr q\u00eb t\u00eb &nbsp;mundesh.Mos e ndrysho n\u00eb gjuh\u00eb angleze edhe n\u00ebse e ke n\u00eb mendje.<\/li>\n\n\n\n<li>M\u00ebso gjuh\u00ebn duke k\u00ebrkuar gjithnj\u00eb n\u00eb biblotek\u00eb libra, n\u00ebse gjuh\u00ebn am\u00ebtare e njeh mir\u00eb , at\u00ebher do ta m\u00ebsosh edhe gjuh\u00ebn tjet\u00ebr leht\u00ebsisht.<\/li>\n\n\n\n<li>Bisedo me t\u00eb rriturit n\u00eb gjuh\u00ebn amtare rreth ndodhive n\u00eb planetin ton\u00eb, detyrave t\u00eb sht\u00ebpis\u00eb, Finlandes, shkoll\u00ebs, aktiviteteve t\u00eb lira. K\u00ebshtu krijoni njohuri rreth bot\u00ebs, q\u00eb t\u00eb mund ti m\u00ebsojm\u00eb apo kuptojm\u00eb gj\u00ebrat e reja. N\u00ebse dukurit\u00eb apo<strong> fenomenet<\/strong> jan t\u00eb njohura p\u00ebr juve, at\u00ebher\u00eb fjala finlandeze, q\u00eb do t\u00eb thot\u00eb <strong>fenomen<\/strong> \u00ebsht\u00eb m\u00eb e leht\u00eb p\u00ebr t&#8217;u mbajtur mend.<\/li>\n\n\n\n<li>Ti p\u00ebrmirsosh gabimet gjuh\u00ebsore, duke m\u00ebsuar nga nj\u00eb \u00e7\u00ebshtje dhe duke u bazuar n\u00eb vler\u00ebsimin e kthyer nga m\u00ebsimdh\u00ebn\u00ebsi.<\/li>\n<\/ol>\n\n\n\n<p><\/p>\n\n\n\n<p><\/p>\n\n\n\n<div class=\"wp-block-buttons is-layout-flex wp-block-buttons-is-layout-flex\">\n<div class=\"wp-block-button\"><a class=\"wp-block-button__link wp-element-button\" href=\"https:\/\/kielinivel.tnk.fi\/?page_id=241\"><strong>\u276e\u276e&nbsp;TAKAISIN TEKSTIIN<\/strong><\/a><\/div>\n<\/div>\n\n\n\n<p><\/p>\n","protected":false},"excerpt":{"rendered":"","protected":false},"author":2,"featured_media":0,"parent":241,"menu_order":12,"comment_status":"closed","ping_status":"closed","template":"","meta":{"footnotes":""},"class_list":["post-1199","page","type-page","status-publish","hentry"],"_links":{"self":[{"href":"https:\/\/kielinivel.tnk.fi\/index.php?rest_route=\/wp\/v2\/pages\/1199","targetHints":{"allow":["GET"]}}],"collection":[{"href":"https:\/\/kielinivel.tnk.fi\/index.php?rest_route=\/wp\/v2\/pages"}],"about":[{"href":"https:\/\/kielinivel.tnk.fi\/index.php?rest_route=\/wp\/v2\/types\/page"}],"author":[{"embeddable":true,"href":"https:\/\/kielinivel.tnk.fi\/index.php?rest_route=\/wp\/v2\/users\/2"}],"replies":[{"embeddable":true,"href":"https:\/\/kielinivel.tnk.fi\/index.php?rest_route=%2Fwp%2Fv2%2Fcomments&post=1199"}],"version-history":[{"count":2,"href":"https:\/\/kielinivel.tnk.fi\/index.php?rest_route=\/wp\/v2\/pages\/1199\/revisions"}],"predecessor-version":[{"id":1220,"href":"https:\/\/kielinivel.tnk.fi\/index.php?rest_route=\/wp\/v2\/pages\/1199\/revisions\/1220"}],"up":[{"embeddable":true,"href":"https:\/\/kielinivel.tnk.fi\/index.php?rest_route=\/wp\/v2\/pages\/241"}],"wp:attachment":[{"href":"https:\/\/kielinivel.tnk.fi\/index.php?rest_route=%2Fwp%2Fv2%2Fmedia&parent=1199"}],"curies":[{"name":"wp","href":"https:\/\/api.w.org\/{rel}","templated":true}]}}