{"id":1201,"date":"2024-12-10T12:25:49","date_gmt":"2024-12-10T10:25:49","guid":{"rendered":"https:\/\/kielinivel.tnk.fi\/?page_id=1201"},"modified":"2024-12-13T14:20:58","modified_gmt":"2024-12-13T12:20:58","slug":"si-te-pregaditemi-per-provim-nga-gjuha-dhe-letersia-finlandeze","status":"publish","type":"page","link":"https:\/\/kielinivel.tnk.fi\/?page_id=1201","title":{"rendered":"Si t\u00eb pregaditemi p\u00ebr provim nga gjuha dhe let\u00ebrsia finlandeze?"},"content":{"rendered":"\n<ol class=\"wp-block-list\">\n<li>Lexo kapitujt dhe temat m\u00ebsimore disa dit\u00eb&nbsp; me radh\u00eb, pjes\u00eb pjes\u00eb. Shkruaj thelbin e m\u00ebsimit, lista&nbsp; p\u00ebr ti mbajtur n\u00eb mendje, vizato tabela krahasuese, diagrame etj. Sigurohuni q\u00eb ti kuptoni nj\u00ebsit\u00eb m\u00ebsimore dhe fjalorin e tyre. Plot\u00ebsoni aft\u00ebsit\u00eb tuaja duke shqyrtuar sh\u00ebnimet paraprake.<\/li>\n\n\n\n<li>P\u00ebrs\u00ebrit shprehjet dhe konceptet e m\u00ebsuara deri tani dhe shkruaj ato n\u00eb m\u00ebnyr\u00eb t\u00eb drejt, q\u00eb mos t\u00eb vendosen fjal\u00ebt n\u00eb vende t\u00eb gabuara.<\/li>\n\n\n\n<li>P\u00ebrs\u00ebriti detyrat nga gramatika duke ushtruar detyrat e pakryera dhe ato t\u00eb kryera m\u00eb her\u00ebt.\n<ul class=\"wp-block-list\">\n<li>Cila \u00ebsht\u00eb dometh\u00ebnia e fenomenit gramatikor? \u00c7far\u00eb sjell fenomeni gramatikor n\u00eb nj\u00eb fjal\u00eb apo fraz\u00eb?<\/li>\n\n\n\n<li>Cilit grup gramatikor apo fjali i takon ajo shprehje?<\/li>\n\n\n\n<li>N\u00ebse \u00e7\u00ebshtja lidhet me r\u00ebnditjen e fjal\u00ebs p\u00ebr t\u00eb bashkrenduar fjalin\u00eb si psh, foljen n\u00eb numrin njej\u00ebs veta e par\u00eb dhe shum\u00ebsi veta e tret\u00eb&nbsp; dhe p\u00ebrshtatja e tyre me zanore dhe bashk\u00ebting\u00ebllore<\/li>\n\n\n\n<li>\u00c7far\u00eb ndryshimesh p\u00ebsojn\u00eb fjal\u00ebt n\u00eb raste t\u00eb ndryshme<\/li>\n\n\n\n<li>Si ndryshon t\u00eb shkruarit,t\u00eb folurit dhe t\u00eb shprehurit n\u00eb raste t\u00eb caktuara?<\/li>\n\n\n\n<li>N\u00ebse \u00e7\u00ebshtja<em> q\u00eb duhet m\u00ebsuar lidhet me fjalit\u00eb: \u00c7far\u00eb lloj ndryshimesh ndodhin n\u00eb t\u00eb gjith\u00eb fjalin\u00eb kur ndodh fenomeni?&nbsp; Shembull, ndryshimi i foljes n\u00eb nj\u00eb fjali n\u00ebpohim dhe&nbsp; mohim, po lexoj nj\u00eb lib\u00ebr &#8211; Nuk e lexoj librin.<\/em><\/li>\n<\/ul>\n<\/li>\n\n\n\n<li>P\u00ebrs\u00ebriti fjal\u00ebt nga nj\u00ebsit\u00eb m\u00ebsimore, dhe k\u00ebshtu do t\u00eb dish\u00eb tu p\u00ebrgjigjesh m\u00eb gjat\u00eb pyetjeve.<\/li>\n\n\n\n<li>Lexo tekste t\u00eb ndryshme paraprakisht, n\u00ebse provimi e k\u00ebrkon.<\/li>\n\n\n\n<li>N\u00eb detyrat e shkrimit dhe t\u00eb t\u00eb folurit, njihuni me kriteret e vler\u00ebsimit n\u00eb m\u00ebnyr\u00eb q\u00eb t\u00eb dini se \u00e7far\u00eb \u00ebsht\u00eb performanca m\u00eb e mir\u00eb.<\/li>\n<\/ol>\n\n\n\n<p><\/p>\n\n\n\n<p><\/p>\n\n\n\n<div class=\"wp-block-buttons is-layout-flex wp-block-buttons-is-layout-flex\">\n<div class=\"wp-block-button\"><a class=\"wp-block-button__link wp-element-button\" href=\"https:\/\/kielinivel.tnk.fi\/?page_id=241\"><strong>\u276e\u276e&nbsp;TAKAISIN TEKSTIIN<\/strong><\/a><\/div>\n<\/div>\n\n\n\n<p><\/p>\n","protected":false},"excerpt":{"rendered":"","protected":false},"author":2,"featured_media":0,"parent":241,"menu_order":13,"comment_status":"closed","ping_status":"closed","template":"","meta":{"footnotes":""},"class_list":["post-1201","page","type-page","status-publish","hentry"],"_links":{"self":[{"href":"https:\/\/kielinivel.tnk.fi\/index.php?rest_route=\/wp\/v2\/pages\/1201","targetHints":{"allow":["GET"]}}],"collection":[{"href":"https:\/\/kielinivel.tnk.fi\/index.php?rest_route=\/wp\/v2\/pages"}],"about":[{"href":"https:\/\/kielinivel.tnk.fi\/index.php?rest_route=\/wp\/v2\/types\/page"}],"author":[{"embeddable":true,"href":"https:\/\/kielinivel.tnk.fi\/index.php?rest_route=\/wp\/v2\/users\/2"}],"replies":[{"embeddable":true,"href":"https:\/\/kielinivel.tnk.fi\/index.php?rest_route=%2Fwp%2Fv2%2Fcomments&post=1201"}],"version-history":[{"count":3,"href":"https:\/\/kielinivel.tnk.fi\/index.php?rest_route=\/wp\/v2\/pages\/1201\/revisions"}],"predecessor-version":[{"id":1221,"href":"https:\/\/kielinivel.tnk.fi\/index.php?rest_route=\/wp\/v2\/pages\/1201\/revisions\/1221"}],"up":[{"embeddable":true,"href":"https:\/\/kielinivel.tnk.fi\/index.php?rest_route=\/wp\/v2\/pages\/241"}],"wp:attachment":[{"href":"https:\/\/kielinivel.tnk.fi\/index.php?rest_route=%2Fwp%2Fv2%2Fmedia&parent=1201"}],"curies":[{"name":"wp","href":"https:\/\/api.w.org\/{rel}","templated":true}]}}