{"id":159,"date":"2024-11-24T22:24:55","date_gmt":"2024-11-24T20:24:55","guid":{"rendered":"https:\/\/kielinivel.tnk.fi\/?page_id=159"},"modified":"2025-01-27T23:14:35","modified_gmt":"2025-01-27T21:14:35","slug":"arabia","status":"publish","type":"page","link":"https:\/\/kielinivel.tnk.fi\/?page_id=159","title":{"rendered":"arabia  &#8211; opiskeluohjeet arabiaksi"},"content":{"rendered":"\n<p class=\"has-text-align-center has-x-large-font-size\">MATEMATIIKKA<\/p>\n\n\n\n<hr class=\"wp-block-separator has-alpha-channel-opacity is-style-wide\"\/>\n\n\n\n<p class=\"has-large-font-size\"><strong>Kokonaisluvut<\/strong> <a href=\"https:\/\/kielinivel.tnk.fi\/?page_id=1812\" data-type=\"page\" data-id=\"1812\"><img loading=\"lazy\" decoding=\"async\" width=\"90\" height=\"20\" class=\"wp-image-409\" style=\"\" src=\"https:\/\/kielinivel.tnk.fi\/wp-content\/uploads\/2024\/11\/LUE-OHJE-75pix.png\" alt=\"LUE OHJE\"><\/a><\/p>\n\n\n\n<p>Tavallisia lukum\u00e4\u00e4r\u00e4\u00e4 ilmaisevia lukuja 0, 1, 2, 3, &#8230; kutsutaan <strong>luonnollisiksi luvuiksi<\/strong>.<\/p>\n\n\n\n<figure class=\"wp-block-image alignright size-medium\"><img loading=\"lazy\" decoding=\"async\" width=\"226\" height=\"300\" src=\"https:\/\/kielinivel.tnk.fi\/wp-content\/uploads\/2024\/12\/Lampomittari-226x300.jpg\" alt=\"Ulkona olevan l\u00e4mp\u00f6mittarin asteikko\" class=\"wp-image-589\" srcset=\"https:\/\/kielinivel.tnk.fi\/wp-content\/uploads\/2024\/12\/Lampomittari-226x300.jpg 226w, https:\/\/kielinivel.tnk.fi\/wp-content\/uploads\/2024\/12\/Lampomittari.jpg 391w\" sizes=\"auto, (max-width: 226px) 100vw, 226px\" \/><\/figure>\n\n\n\n<p>Arkiel\u00e4m\u00e4ss\u00e4 tarvitaan my\u00f6s lukuja, jotka ovat pienempi\u00e4 kuin nolla. N\u00e4it\u00e4 lukuja kutsutaan <strong>negatiivisiksi luvuiksi<\/strong>. Niiden etumerkki on miinus (<img loading=\"lazy\" decoding=\"async\" width=\"8\" height=\"15\" src=\"\">). <a href=\"https:\/\/kielinivel.tnk.fi\/?page_id=1814\" data-type=\"page\" data-id=\"1814\"><img loading=\"lazy\" decoding=\"async\" width=\"90\" height=\"20\" class=\"wp-image-409\" style=\"\" src=\"https:\/\/kielinivel.tnk.fi\/wp-content\/uploads\/2024\/11\/LUE-OHJE-75pix.png\" alt=\"LUE OHJE\"><\/a><\/p>\n\n\n\n<p><strong>Kokonaislukuja<\/strong> ovat \u2026, -3, -2, -1, 0 ,1, 2, 3, \u2026 <a href=\"https:\/\/kielinivel.tnk.fi\/?page_id=1816\" data-type=\"page\" data-id=\"1816\"><img loading=\"lazy\" decoding=\"async\" width=\"90\" height=\"20\" class=\"wp-image-409\" style=\"\" src=\"https:\/\/kielinivel.tnk.fi\/wp-content\/uploads\/2024\/11\/LUE-OHJE-75pix.png\" alt=\"LUE OHJE\"><\/a><\/p>\n\n\n\n<p>Kokonaislukuja voidaan havainnollistaa l\u00e4mp\u00f6mittarilla tai <strong>lukusuoralla<\/strong>.\u00a0 <a href=\"https:\/\/kielinivel.tnk.fi\/?page_id=1818\" data-type=\"page\" data-id=\"1818\"><img loading=\"lazy\" decoding=\"async\" width=\"90\" height=\"20\" class=\"wp-image-409\" style=\"\" src=\"https:\/\/kielinivel.tnk.fi\/wp-content\/uploads\/2024\/11\/LUE-OHJE-75pix.png\" alt=\"LUE OHJE\"><\/a><\/p>\n\n\n\n<p><strong><em>Esimerkki 1<\/em><\/strong><strong>.<\/strong> Mit\u00e4 lukua vastaavat lukusuoran pisteet A, B, C ja D?<\/p>\n\n\n\n<figure class=\"wp-block-image size-full\"><img loading=\"lazy\" decoding=\"async\" width=\"904\" height=\"86\" src=\"https:\/\/kielinivel.tnk.fi\/wp-content\/uploads\/2024\/12\/Lukusuora2.png\" alt=\"lukusuora jossa n\u00e4kyy numeroita ja kirjaimia\n\" class=\"wp-image-591\" srcset=\"https:\/\/kielinivel.tnk.fi\/wp-content\/uploads\/2024\/12\/Lukusuora2.png 904w, https:\/\/kielinivel.tnk.fi\/wp-content\/uploads\/2024\/12\/Lukusuora2-300x29.png 300w, https:\/\/kielinivel.tnk.fi\/wp-content\/uploads\/2024\/12\/Lukusuora2-768x73.png 768w\" sizes=\"auto, (max-width: 904px) 100vw, 904px\" \/><\/figure>\n\n\n\n<p><strong><em>Ratkaisu<\/em><\/strong><\/p>\n\n\n\n<p>A = 2&nbsp;&nbsp;&nbsp;&nbsp;&nbsp;&nbsp;&nbsp;&nbsp;&nbsp;&nbsp;&nbsp;&nbsp;&nbsp;&nbsp;&nbsp;&nbsp;&nbsp;&nbsp;&nbsp;&nbsp;&nbsp;&nbsp;&nbsp;&nbsp;&nbsp;&nbsp;&nbsp;&nbsp;&nbsp;&nbsp;&nbsp;&nbsp;&nbsp;&nbsp;&nbsp; <br>B = -3&nbsp;&nbsp;&nbsp;&nbsp;&nbsp;&nbsp;&nbsp;&nbsp;&nbsp;&nbsp;&nbsp;&nbsp;&nbsp;&nbsp;&nbsp;&nbsp;&nbsp;&nbsp;&nbsp;&nbsp;&nbsp;&nbsp;&nbsp;&nbsp;&nbsp;&nbsp;&nbsp;&nbsp;&nbsp;&nbsp;&nbsp;&nbsp;&nbsp;&nbsp; <br>C = -7&nbsp;&nbsp;&nbsp;&nbsp;&nbsp;&nbsp;&nbsp;&nbsp;&nbsp;&nbsp;&nbsp;&nbsp;&nbsp;&nbsp;&nbsp;&nbsp;&nbsp;&nbsp;&nbsp;&nbsp;&nbsp;&nbsp;&nbsp;&nbsp;&nbsp;&nbsp;&nbsp;&nbsp;&nbsp;&nbsp;&nbsp;&nbsp;&nbsp;&nbsp; <br>D = 4<\/p>\n\n\n\n<p><a href=\"https:\/\/kielinivel.tnk.fi\/?page_id=1820\" data-type=\"page\" data-id=\"1820\"><img loading=\"lazy\" decoding=\"async\" width=\"90\" height=\"20\" class=\"wp-image-409\" style=\"\" src=\"https:\/\/kielinivel.tnk.fi\/wp-content\/uploads\/2024\/11\/LUE-OHJE-75pix.png\" alt=\"LUE OHJE\"><\/a><\/p>\n\n\n\n<p><strong><em>Esimerkki 2<\/em><\/strong><strong>.<\/strong> M\u00e4\u00e4rit\u00e4 l\u00e4mp\u00f6tila, kun<\/p>\n\n\n\n<ol style=\"list-style-type:lower-alpha\" class=\"wp-block-list\">\n<li>alkuper\u00e4inen l\u00e4mp\u00f6tila on -4 \u00b0C ja l\u00e4mp\u00f6tila nousee 6 \u00b0C.<\/li>\n\n\n\n<li>alkuper\u00e4inen l\u00e4mp\u00f6tila on 5 \u00b0C ja l\u00e4mp\u00f6tila laskee 8 \u00b0C.<\/li>\n\n\n\n<li>alkuper\u00e4inen l\u00e4mp\u00f6tila on -10 \u00b0C ja l\u00e4mp\u00f6tila laskee 2 \u00b0C.<\/li>\n<\/ol>\n\n\n\n<p><strong><em>Ratkaisu<\/em><\/strong><\/p>\n\n\n\n<ol style=\"list-style-type:lower-alpha\" class=\"wp-block-list\">\n<li>L\u00e4mp\u00f6tila nousee 6 astetta, joten alkuper\u00e4iseen l\u00e4mp\u00f6tilaan lis\u00e4t\u00e4\u00e4n 6 \u00b0C.<br>-4 \u00b0C + 6 \u00b0C = 2 \u00b0C<br> <\/li>\n\n\n\n<li>L\u00e4mp\u00f6tila laskee 8 astetta, joten alkuper\u00e4isest\u00e4 l\u00e4mp\u00f6tilasta v\u00e4hennet\u00e4\u00e4n 8 \u00b0C.<br>5 \u00b0C \u2013 8 \u00b0C = -3 \u00b0C<br> <\/li>\n\n\n\n<li>L\u00e4mp\u00f6tila laskee 2 astetta, joten alkuper\u00e4isest\u00e4 l\u00e4mp\u00f6tilasta v\u00e4hennet\u00e4\u00e4n 2 \u00b0C.<br>-10 \u00b0C \u2013  2 \u00b0C = -12 \u00b0C<\/li>\n<\/ol>\n\n\n\n<p><a href=\"https:\/\/kielinivel.tnk.fi\/?page_id=1824\" data-type=\"page\" data-id=\"1824\"><img loading=\"lazy\" decoding=\"async\" width=\"90\" height=\"20\" class=\"wp-image-409\" style=\"\" src=\"https:\/\/kielinivel.tnk.fi\/wp-content\/uploads\/2024\/11\/LUE-OHJE-75pix.png\" alt=\"LUE OHJE\"><\/a><\/p>\n\n\n\n<p><strong>Teht\u00e4vi\u00e4  <\/strong><a href=\"https:\/\/kielinivel.tnk.fi\/?page_id=1822\" data-type=\"page\" data-id=\"1822\"><img loading=\"lazy\" decoding=\"async\" width=\"90\" height=\"20\" class=\"wp-image-409\" style=\"\" src=\"https:\/\/kielinivel.tnk.fi\/wp-content\/uploads\/2024\/11\/LUE-OHJE-75pix.png\" alt=\"LUE OHJE\"><\/a><\/p>\n\n\n\n<p>1. Mit\u00e4 lukua kirjaimet osoittavat?<\/p>\n\n\n\n<figure class=\"wp-block-image size-full\"><img loading=\"lazy\" decoding=\"async\" width=\"904\" height=\"104\" src=\"https:\/\/kielinivel.tnk.fi\/wp-content\/uploads\/2024\/12\/Lukusuora3.png\" alt=\"lukusuora jossa numeroita ja kirjaimia\" class=\"wp-image-597\" srcset=\"https:\/\/kielinivel.tnk.fi\/wp-content\/uploads\/2024\/12\/Lukusuora3.png 904w, https:\/\/kielinivel.tnk.fi\/wp-content\/uploads\/2024\/12\/Lukusuora3-300x35.png 300w, https:\/\/kielinivel.tnk.fi\/wp-content\/uploads\/2024\/12\/Lukusuora3-768x88.png 768w\" sizes=\"auto, (max-width: 904px) 100vw, 904px\" \/><\/figure>\n\n\n\n<p>2. Kirjoita l\u00e4mp\u00f6tilat 3 \u00b0C, -1 \u00b0C, 0 \u00b0C, 26 \u00b0C, -3 \u00b0C, -12 \u00b0C ja 14\u00b0C suuruusj\u00e4rjestykseen kylmimm\u00e4st\u00e4 l\u00e4mpimimp\u00e4\u00e4n.<\/p>\n\n\n\n<p>3. L\u00e4mp\u00f6tila on 9 \u00b0C. Mik\u00e4 on l\u00e4mp\u00f6tila, kun se&nbsp;<br>a) nousee 8 asteella<br>b) nousee 13 asteella<br>c) laskee 7 asteella<br>d) laskee 15 asteella?<\/p>\n\n\n\n<p><a href=\"https:\/\/kielinivel.tnk.fi\/?page_id=1826\" data-type=\"page\" data-id=\"1826\"><img loading=\"lazy\" decoding=\"async\" width=\"90\" height=\"20\" class=\"wp-image-409\" style=\"\" src=\"https:\/\/kielinivel.tnk.fi\/wp-content\/uploads\/2024\/11\/LUE-OHJE-75pix.png\" alt=\"LUE OHJE\"><\/a><\/p>\n\n\n\n<p class=\"has-small-font-size\">L\u00e4mp\u00f6mittarin kuva: <a href=\"https:\/\/pixabay.com\/fi\/photos\/l%c3%a4mp%c3%b6mittari-tutkinto-l%c3%a4mp%c3%b6tila-167378\/\">https:\/\/pixabay.com\/fi\/photos\/l%c3%a4mp%c3%b6mittari-tutkinto-l%c3%a4mp%c3%b6tila-167378\/<\/a><\/p>\n\n\n\n<p><\/p>\n\n\n\n<hr class=\"wp-block-separator has-alpha-channel-opacity is-style-wide\"\/>\n\n\n\n<p class=\"has-text-align-center has-medium-font-size\"><\/p>\n\n\n\n<div class=\"wp-block-buttons is-content-justification-center is-layout-flex wp-container-core-buttons-is-layout-a89b3969 wp-block-buttons-is-layout-flex\">\n<div class=\"wp-block-button is-style-fill\"><a class=\"wp-block-button__link has-background has-text-align-center wp-element-button\" href=\"https:\/\/kielinivel.tnk.fi\/?page_id=1828\" style=\"background-color:#007a4d\"><strong>TEHT\u00c4VI\u00c4<\/strong><\/a><\/div>\n\n\n\n<div class=\"wp-block-button is-style-fill\"><a class=\"wp-block-button__link has-background has-text-align-center wp-element-button\" href=\"https:\/\/kielinivel.tnk.fi\/?page_id=1832\" style=\"background-color:#007a4d\"><strong>KOTONA<\/strong><\/a><\/div>\n\n\n\n<div class=\"wp-block-button\"><a class=\"wp-block-button__link has-background has-text-align-center wp-element-button\" href=\"https:\/\/kielinivel.tnk.fi\/?page_id=1834\" style=\"background-color:#007a4d\"><strong>KOKEISIIN<\/strong><\/a><\/div>\n<\/div>\n\n\n\n<hr class=\"wp-block-separator has-alpha-channel-opacity is-style-wide\"\/>\n\n\n\n<p class=\"has-text-align-center\"><a href=\"https:\/\/kielinivel.tnk.fi\/?page_id=161\" data-type=\"page\" data-id=\"161\">albania<\/a>&nbsp;\u23aa&nbsp;<a href=\"https:\/\/kielinivel.tnk.fi\/?page_id=159\" data-type=\"page\" data-id=\"159\">arabia<\/a>&nbsp;\u23aa<a href=\"https:\/\/kielinivel.tnk.fi\/?page_id=165\" data-type=\"page\" data-id=\"165\">englanti<\/a>\u23aa<a href=\"https:\/\/kielinivel.tnk.fi\/?page_id=157\" data-type=\"page\" data-id=\"157\">kurdi<\/a>\u23aa<a href=\"https:\/\/kielinivel.tnk.fi\/?page_id=155\" data-type=\"page\" data-id=\"155\">persia<\/a>\u23aa<a href=\"https:\/\/kielinivel.tnk.fi\/?page_id=169\" data-type=\"page\" data-id=\"169\">suomi<\/a>&nbsp;\u23aa<a href=\"https:\/\/kielinivel.tnk.fi\/?page_id=163\" data-type=\"page\" data-id=\"163\">ven\u00e4j\u00e4<\/a><\/p>\n\n\n\n<p><\/p>\n","protected":false},"excerpt":{"rendered":"<p>MATEMATIIKKA Kokonaisluvut Tavallisia lukum\u00e4\u00e4r\u00e4\u00e4 ilmaisevia lukuja 0, 1, 2, 3, &#8230; kutsutaan luonnollisiksi luvuiksi. Arkiel\u00e4m\u00e4ss\u00e4 tarvitaan my\u00f6s lukuja, jotka ovat pienempi\u00e4 kuin nolla. N\u00e4it\u00e4 lukuja kutsutaan negatiivisiksi luvuiksi. Niiden etumerkki on miinus (). Kokonaislukuja ovat \u2026, -3, -2, -1, 0 ,1, 2, 3, \u2026 Kokonaislukuja voidaan havainnollistaa l\u00e4mp\u00f6mittarilla tai lukusuoralla.\u00a0 Esimerkki 1. Mit\u00e4 lukua vastaavat [&hellip;]<\/p>\n","protected":false},"author":2,"featured_media":0,"parent":134,"menu_order":0,"comment_status":"closed","ping_status":"closed","template":"","meta":{"footnotes":""},"class_list":["post-159","page","type-page","status-publish","hentry"],"_links":{"self":[{"href":"https:\/\/kielinivel.tnk.fi\/index.php?rest_route=\/wp\/v2\/pages\/159","targetHints":{"allow":["GET"]}}],"collection":[{"href":"https:\/\/kielinivel.tnk.fi\/index.php?rest_route=\/wp\/v2\/pages"}],"about":[{"href":"https:\/\/kielinivel.tnk.fi\/index.php?rest_route=\/wp\/v2\/types\/page"}],"author":[{"embeddable":true,"href":"https:\/\/kielinivel.tnk.fi\/index.php?rest_route=\/wp\/v2\/users\/2"}],"replies":[{"embeddable":true,"href":"https:\/\/kielinivel.tnk.fi\/index.php?rest_route=%2Fwp%2Fv2%2Fcomments&post=159"}],"version-history":[{"count":7,"href":"https:\/\/kielinivel.tnk.fi\/index.php?rest_route=\/wp\/v2\/pages\/159\/revisions"}],"predecessor-version":[{"id":3870,"href":"https:\/\/kielinivel.tnk.fi\/index.php?rest_route=\/wp\/v2\/pages\/159\/revisions\/3870"}],"up":[{"embeddable":true,"href":"https:\/\/kielinivel.tnk.fi\/index.php?rest_route=\/wp\/v2\/pages\/134"}],"wp:attachment":[{"href":"https:\/\/kielinivel.tnk.fi\/index.php?rest_route=%2Fwp%2Fv2%2Fmedia&parent=159"}],"curies":[{"name":"wp","href":"https:\/\/api.w.org\/{rel}","templated":true}]}}