{"id":179,"date":"2024-11-24T22:35:58","date_gmt":"2024-11-24T20:35:58","guid":{"rendered":"https:\/\/kielinivel.tnk.fi\/?page_id=179"},"modified":"2025-01-27T23:20:28","modified_gmt":"2025-01-27T21:20:28","slug":"kurdi","status":"publish","type":"page","link":"https:\/\/kielinivel.tnk.fi\/?page_id=179","title":{"rendered":"kurdi\u00a0\u2013 opiskeluohjeet kurdiksi"},"content":{"rendered":"\n<p class=\"has-text-align-center has-x-large-font-size\">KIELENOPISKELU<\/p>\n\n\n\n<hr class=\"wp-block-separator has-alpha-channel-opacity is-style-wide\"\/>\n\n\n\n<p class=\"has-large-font-size\"><strong>BASIC TEXT: Have you been to London?<\/strong><\/p>\n\n\n\n<p><strong>Tim and Sarah are chatting in the school yard.<\/strong><\/p>\n\n\n\n<p class=\"has-medium-font-size\">Tim: Hey Sarah, have you ever been to London?<\/p>\n\n\n\n<p class=\"has-medium-font-size\">Sarah: No, I haven&#8217;t been there yet. But I&#8217;ve always wanted to visit Buckingham Palace.<\/p>\n\n\n\n<p class=\"has-medium-font-size\">Tim: Really? I went there last summer with my family. It was amazing!<\/p>\n\n\n\n<p class=\"has-medium-font-size\">Sarah: Wow! What else did you do?<\/p>\n\n\n\n<p class=\"has-medium-font-size\">Tim: Well, we also visited the Tower of London. Have you ever seen the Crown Jewels?<\/p>\n\n\n\n<p class=\"has-medium-font-size\">Sarah: No, I haven&#8217;t but I&#8217;ve seen pictures in books.<\/p>\n\n\n\n<p class=\"has-medium-font-size\">Tim: You should definitely go someday.<\/p>\n\n\n\n<p class=\"has-medium-font-size\">Sarah: I hope I can go soon. London sounds like a beautiful city.<\/p>\n\n\n\n<p class=\"has-medium-font-size\">Tim: I can give you some tips on where to go and what to see.<\/p>\n\n\n\n<p><a href=\"https:\/\/kielinivel.tnk.fi\/?page_id=2319\" data-type=\"page\" data-id=\"2319\"><img loading=\"lazy\" decoding=\"async\" width=\"90\" height=\"20\" class=\"wp-image-409\" style=\"\" src=\"https:\/\/kielinivel.tnk.fi\/wp-content\/uploads\/2024\/11\/LUE-OHJE-75pix.png\" alt=\"LUE OHJE\"><\/a><\/p>\n\n\n\n<p class=\"has-large-font-size\"><strong>MAIN TEXT: My home and neighborhood<\/strong><\/p>\n\n\n\n<p><strong>13-year-old Max lives in Greenfield with his family. He has got an assignment to write about his home and neighborhood.<\/strong><\/p>\n\n\n\n<p>Where do I live? I live in a small town called Greenfield. It&#8217;s a cozy place with lots of friendly people. My house is on Oak Street, near the park. It&#8217;s not a big house, but it&#8217;s comfortable and feels like home.<\/p>\n\n\n\n<p>I love my neighborhood because it&#8217;s quiet and safe. There are always kids playing outside, riding bikes or playing soccer. Sometimes we have block parties and everyone comes together to have fun.<\/p>\n\n\n\n<p>My favorite part of our town is the park. It has a playground, a pond with ducks, and lots of trees. I like to go there after school to relax and hang out with my friends.<\/p>\n\n\n\n<p>Even though Greenfield is small, there&#8217;s always something to do. We have a movie theater, a few restaurants, and a library where I like to go to read books. I feel lucky to live here. It&#8217;s not the biggest or fanciest place, but it&#8217;s home to me. <a href=\"https:\/\/kielinivel.tnk.fi\/?page_id=2317\" data-type=\"page\" data-id=\"2317\"><img loading=\"lazy\" decoding=\"async\" width=\"90\" height=\"20\" class=\"wp-image-409\" style=\"\" src=\"https:\/\/kielinivel.tnk.fi\/wp-content\/uploads\/2024\/11\/LUE-OHJE-75pix.png\" alt=\"LUE OHJE\"><\/a><\/p>\n\n\n\n<p class=\"has-large-font-size\"><strong>VOCABULARY<\/strong><\/p>\n\n\n\n<p><a href=\"https:\/\/kielinivel.tnk.fi\/?page_id=2321\" data-type=\"page\" data-id=\"2321\"><img loading=\"lazy\" decoding=\"async\" width=\"90\" height=\"20\" class=\"wp-image-409\" style=\"\" src=\"https:\/\/kielinivel.tnk.fi\/wp-content\/uploads\/2024\/11\/LUE-OHJE-75pix.png\" alt=\"LUE OHJE\"><\/a><\/p>\n\n\n\n<figure class=\"wp-block-table is-style-regular has-small-font-size\" style=\"margin-top:0;margin-right:0;margin-bottom:0;margin-left:0;padding-top:0;padding-right:0;padding-bottom:0;padding-left:0\"><table class=\"has-foreground-color has-text-color has-link-color has-border-color has-background-border-color\" style=\"border-style:dotted\"><tbody><tr><td>school yard<\/td><td>koulun piha<\/td><td><\/td><td>near<\/td><td>l\u00e4hell\u00e4<\/td><\/tr><tr><td>to chat<\/td><td>jutella<\/td><td>&nbsp;<\/td><td>safe<\/td><td>turvallinen<\/td><\/tr><tr><td>yet<\/td><td>viel\u00e4<\/td><td>&nbsp;<\/td><td>to relax<\/td><td>rentoutua<\/td><\/tr><tr><td>to visit<\/td><td>vierailla<\/td><td>&nbsp;<\/td><td>comfortable<\/td><td>mukava<\/td><\/tr><tr><td>Buckingham Palace&nbsp;<\/td><td><em>kuninkaanlinna<\/em><\/td><td><\/td><td>soccer<\/td><td>jalkapallo<\/td><\/tr><tr><td>amazing<\/td><td>upea<\/td><td>&nbsp;<\/td><td>a block party<\/td><td>katujuhlat<\/td><\/tr><tr><td>Tower of London&nbsp;<\/td><td><em>keskiaikainen tornilinna<\/em><\/td><td>&nbsp;<\/td><td>a playground<\/td><td>leikkikentt\u00e4<\/td><\/tr><tr><td>Crown Jewels<\/td><td>kruununjalokivet<\/td><td>&nbsp;<\/td><td>a pond<\/td><td>lampi<\/td><\/tr><tr><td>definitely<\/td><td>ehdottomasti<\/td><td>&nbsp;<\/td><td>a duck<\/td><td>ankka<\/td><\/tr><tr><td>a tip<\/td><td>vihje, vinkki<\/td><td>&nbsp;<\/td><td>to hang* out<\/td><td>viett\u00e4\u00e4 aikaa<\/td><\/tr><tr><td>with<\/td><td>kanssa<\/td><td>&nbsp;<\/td><td>*<em>hang, hung, hung<\/em><\/td><td>viett\u00e4\u00e4, roikkua<\/td><\/tr><tr><td>an assignment<\/td><td>&nbsp;teht\u00e4v\u00e4<\/td><td>&nbsp;<\/td><td>a park<\/td><td>puisto<\/td><\/tr><tr><td>neighborhood<\/td><td>naapurusto<\/td><td>&nbsp;<\/td><td>fancy<\/td><td>hieno<\/td><\/tr><tr><td>cozy<\/td><td>mukava, viihtyis\u00e4<\/td><td>&nbsp;<\/td><td>even though<\/td><td>vaikka<\/td><\/tr><\/tbody><\/table><\/figure>\n\n\n\n<figure class=\"wp-block-image size-full\"><img loading=\"lazy\" decoding=\"async\" width=\"628\" height=\"272\" src=\"https:\/\/kielinivel.tnk.fi\/wp-content\/uploads\/2024\/12\/puhekupla.png\" alt=\"Puhekupla: I have visited London many times. I have seen \nthe Buckingham Palace and I have eaten fish and chips!\nI haven\u2019t tasted bangers and mash but my dad has tried it.\nHave you travelled to many countries? \" class=\"wp-image-659\" srcset=\"https:\/\/kielinivel.tnk.fi\/wp-content\/uploads\/2024\/12\/puhekupla.png 628w, https:\/\/kielinivel.tnk.fi\/wp-content\/uploads\/2024\/12\/puhekupla-300x130.png 300w\" sizes=\"auto, (max-width: 628px) 100vw, 628px\" \/><\/figure>\n\n\n\n<p><\/p>\n\n\n\n<p class=\"has-large-font-size\"><strong>GRAMMAR: PERFEKTI  <a href=\"https:\/\/kielinivel.tnk.fi\/?page_id=2323\" data-type=\"page\" data-id=\"2323\"><img loading=\"lazy\" decoding=\"async\" width=\"90\" height=\"20\" class=\"wp-image-409\" style=\"\" src=\"https:\/\/kielinivel.tnk.fi\/wp-content\/uploads\/2024\/11\/LUE-OHJE-75pix.png\" alt=\"\"><\/a><\/strong><\/p>\n\n\n\n<p><strong>Perfekti\u00e4 k\u00e4ytet\u00e4\u00e4n, kun kerrotaan, mit\u00e4 <u>on tehnyt<\/u> tai mit\u00e4 <u>on tapahtunut<\/u>.<\/strong><\/p>\n\n\n\n<p><strong>MUODOSTUS:<\/strong><\/p>\n\n\n\n<figure class=\"wp-block-image size-full\"><img loading=\"lazy\" decoding=\"async\" width=\"710\" height=\"366\" src=\"https:\/\/kielinivel.tnk.fi\/wp-content\/uploads\/2024\/12\/MUODOSTUKSET.png\" alt=\"\" class=\"wp-image-662\" srcset=\"https:\/\/kielinivel.tnk.fi\/wp-content\/uploads\/2024\/12\/MUODOSTUKSET.png 710w, https:\/\/kielinivel.tnk.fi\/wp-content\/uploads\/2024\/12\/MUODOSTUKSET-300x155.png 300w\" sizes=\"auto, (max-width: 710px) 100vw, 710px\" \/><\/figure>\n\n\n\n<figure style=\"line-height:1.9\" class=\"wp-block-table has-medium-font-size\"><table class=\"has-foreground-color has-text-color has-link-color has-border-color has-background-border-color has-fixed-layout\"><tbody><tr><td><strong>KIELTOMUOTO:<\/strong><br><em>I <strong><u>haven\u2019t<\/u><\/strong> been to London.<\/em><br><strong><em>Min\u00e4 en ole ollut Lontoossa.<\/em><\/strong><br><em>She <strong><u>hasn\u2019t<\/u><\/strong> played the violin.<\/em><br><strong><em>H\u00e4n ei ole soittanut viulua.<\/em><\/strong><em> &nbsp;<\/em><\/td><td><strong>KYSYMYSLAUSE:<\/strong> <br><strong><em><u>Have<\/u><\/em><\/strong><em> you been to London?<\/em> <br><strong><em>Oletko ollut Lontoossa?<\/em><\/strong><em> <\/em> <br><strong><em><u>Has<\/u><\/em><\/strong><em> she played the violin?<\/em> <br><strong><em>Onko h\u00e4n soittanut viulua?<\/em><\/strong><\/td><\/tr><\/tbody><\/table><\/figure>\n\n\n\n<p><\/p>\n\n\n\n<hr class=\"wp-block-separator has-alpha-channel-opacity is-style-wide\"\/>\n\n\n\n<p class=\"has-text-align-center has-medium-font-size\"><\/p>\n\n\n\n<div class=\"wp-block-buttons is-content-justification-center is-layout-flex wp-container-core-buttons-is-layout-a89b3969 wp-block-buttons-is-layout-flex\">\n<div class=\"wp-block-button is-style-fill\"><a class=\"wp-block-button__link has-background has-text-align-center wp-element-button\" href=\"https:\/\/kielinivel.tnk.fi\/?page_id=2329\" style=\"background-color:#007a4d\"><strong>TEHT\u00c4VI\u00c4<\/strong><\/a><\/div>\n\n\n\n<div class=\"wp-block-button is-style-fill\"><a class=\"wp-block-button__link has-background has-text-align-center wp-element-button\" href=\"https:\/\/kielinivel.tnk.fi\/?page_id=2331\" style=\"background-color:#007a4d\"><strong>KOTONA<\/strong><\/a><\/div>\n\n\n\n<div class=\"wp-block-button\"><a class=\"wp-block-button__link has-background has-text-align-center wp-element-button\" href=\"https:\/\/kielinivel.tnk.fi\/?page_id=2333\" style=\"background-color:#007a4d\"><strong>KOKEISIIN<\/strong><\/a><\/div>\n<\/div>\n\n\n\n<figure class=\"wp-block-audio\"><audio controls src=\"https:\/\/kielinivel.tnk.fi\/wp-content\/uploads\/2025\/01\/Kielen_opiskelu_Kurdi-loppu.mp3\"><\/audio><\/figure>\n\n\n\n<hr class=\"wp-block-separator has-alpha-channel-opacity is-style-wide\"\/>\n\n\n\n<p><a href=\"https:\/\/kielinivel.tnk.fi\/?page_id=183\" data-type=\"page\" data-id=\"183\">albania<\/a>&nbsp;\u23aa&nbsp;<a href=\"https:\/\/kielinivel.tnk.fi\/?page_id=181\" data-type=\"page\" data-id=\"181\">arabia<\/a>&nbsp;\u23aa<a href=\"https:\/\/kielinivel.tnk.fi\/?page_id=187\" data-type=\"page\" data-id=\"187\">englanti<\/a>\u23aa<a href=\"https:\/\/kielinivel.tnk.fi\/?page_id=179\" data-type=\"page\" data-id=\"179\">kurdi<\/a>\u23aa<a href=\"https:\/\/kielinivel.tnk.fi\/?page_id=177\" data-type=\"page\" data-id=\"177\">persia<\/a>\u23aa<a href=\"https:\/\/kielinivel.tnk.fi\/?page_id=189\" data-type=\"page\" data-id=\"189\">somali<\/a>\u23aa<a href=\"https:\/\/kielinivel.tnk.fi\/?page_id=191\" data-type=\"page\" data-id=\"191\">suomi<\/a>&nbsp;\u23aa<a href=\"https:\/\/kielinivel.tnk.fi\/?page_id=185\" data-type=\"page\" data-id=\"185\">ven\u00e4j\u00e4<\/a><\/p>\n\n\n\n<p><\/p>\n","protected":false},"excerpt":{"rendered":"<p>KIELENOPISKELU BASIC TEXT: Have you been to London? Tim and Sarah are chatting in the school yard. Tim: Hey Sarah, have you ever been to London? Sarah: No, I haven&#8217;t been there yet. But I&#8217;ve always wanted to visit Buckingham Palace. Tim: Really? I went there last summer with my family. It was amazing! Sarah: [&hellip;]<\/p>\n","protected":false},"author":2,"featured_media":0,"parent":175,"menu_order":0,"comment_status":"closed","ping_status":"closed","template":"","meta":{"footnotes":""},"class_list":["post-179","page","type-page","status-publish","hentry"],"_links":{"self":[{"href":"https:\/\/kielinivel.tnk.fi\/index.php?rest_route=\/wp\/v2\/pages\/179","targetHints":{"allow":["GET"]}}],"collection":[{"href":"https:\/\/kielinivel.tnk.fi\/index.php?rest_route=\/wp\/v2\/pages"}],"about":[{"href":"https:\/\/kielinivel.tnk.fi\/index.php?rest_route=\/wp\/v2\/types\/page"}],"author":[{"embeddable":true,"href":"https:\/\/kielinivel.tnk.fi\/index.php?rest_route=\/wp\/v2\/users\/2"}],"replies":[{"embeddable":true,"href":"https:\/\/kielinivel.tnk.fi\/index.php?rest_route=%2Fwp%2Fv2%2Fcomments&post=179"}],"version-history":[{"count":9,"href":"https:\/\/kielinivel.tnk.fi\/index.php?rest_route=\/wp\/v2\/pages\/179\/revisions"}],"predecessor-version":[{"id":3878,"href":"https:\/\/kielinivel.tnk.fi\/index.php?rest_route=\/wp\/v2\/pages\/179\/revisions\/3878"}],"up":[{"embeddable":true,"href":"https:\/\/kielinivel.tnk.fi\/index.php?rest_route=\/wp\/v2\/pages\/175"}],"wp:attachment":[{"href":"https:\/\/kielinivel.tnk.fi\/index.php?rest_route=%2Fwp%2Fv2%2Fmedia&parent=179"}],"curies":[{"name":"wp","href":"https:\/\/api.w.org\/{rel}","templated":true}]}}