{"id":196,"date":"2024-11-24T22:44:30","date_gmt":"2024-11-24T20:44:30","guid":{"rendered":"https:\/\/kielinivel.tnk.fi\/?page_id=196"},"modified":"2025-01-27T23:25:35","modified_gmt":"2025-01-27T21:25:35","slug":"persia","status":"publish","type":"page","link":"https:\/\/kielinivel.tnk.fi\/?page_id=196","title":{"rendered":"persia &#8211; opiskeluohjeet persiaksi"},"content":{"rendered":"\n<p class=\"has-text-align-center has-x-large-font-size\">KOTITALOUS<\/p>\n\n\n\n<hr class=\"wp-block-separator has-alpha-channel-opacity is-style-wide\"\/>\n\n\n\n<p><\/p>\n\n\n\n<p class=\"has-large-font-size\"><strong>KASVISSOSEKEITTO <\/strong><a href=\"https:\/\/kielinivel.tnk.fi\/?page_id=2568\" data-type=\"page\" data-id=\"2568\"><img loading=\"lazy\" decoding=\"async\" width=\"90\" height=\"20\" class=\"wp-image-409\" style=\"\" src=\"https:\/\/kielinivel.tnk.fi\/wp-content\/uploads\/2024\/11\/LUE-OHJE-75pix.png\" alt=\"LUE OHJE\"><\/a><\/p>\n\n\n\n<p class=\"has-medium-font-size\">2 perunaa<br>2 porkkanaa<br>1 palsternakka<br>1 sipuli<br>1 valkosipulinkynsi<br>6 dl vett\u00e4<br>1 kasvisliemikuutio<br>\u00bd tl mustapippuria<br>1 tl timjamia<br>\u00bd tl paprikamaustetta<br>1 dl ruokakermaa<\/p>\n\n\n\n<figure class=\"wp-block-table\"><table class=\"has-fixed-layout\"><tbody><tr><td>1. <em><u>Kuori<\/u><\/em> ja <em><u>paloittele<\/u><\/em> perunat ja juurekset.<br>2. Kuori ja <em><u>hienonna<\/u><\/em> sipuli. <em><u>Purista <\/u><\/em>valkosipulinkynsi.<br>3.<em><u> Mittaa<\/u><\/em> vesi kattilaan. <em><u>Kiehauta, <\/u><\/em>\u00a0lis\u00e4\u00e4 liemikuutio.<br>4. Lis\u00e4\u00e4 pilkotut kasvikset. Veden tulee peitt\u00e4\u00e4 juuri ja juuri kasvikset. Jos vett\u00e4 on liikaa, kaada v\u00e4h\u00e4n pois.<br>5. <em><u>Keit\u00e4<\/u><\/em> kunnes kasvikset ovat pehmeit\u00e4. <em><u>Kokeile kypsyytt\u00e4<\/u><\/em> haarukalla.<br>6. <em><u>Soseuta<\/u><\/em> kasvikset sauvasekoittimella kattilassa. <em><u>Lis\u00e4\u00e4 mausteet<\/u><\/em> ja ruokakerma. Kiehauta. <br><a href=\"https:\/\/kielinivel.tnk.fi\/?page_id=2570\" data-type=\"page\" data-id=\"2570\"><img loading=\"lazy\" decoding=\"async\" width=\"90\" height=\"20\" class=\"wp-image-409\" style=\"\" src=\"https:\/\/kielinivel.tnk.fi\/wp-content\/uploads\/2024\/11\/LUE-OHJE-75pix.png\" alt=\"LUE OHJE\"><\/a><\/td><\/tr><\/tbody><\/table><\/figure>\n\n\n\n<p><\/p>\n\n\n\n<p class=\"has-large-font-size\"><strong>S\u00c4MPYL\u00c4T<\/strong><\/p>\n\n\n\n<p>2 \u00bd dl vett\u00e4 tai maitoa<br>\u00bd palaa hiivaa<br>3\/4 tl suolaa<br>3 dl vehn\u00e4jauhoja<br>noin 2 dl s\u00e4mpyl\u00e4jauhoja<br>2 rkl ruoka\u00f6ljy\u00e4<\/p>\n\n\n\n<figure class=\"wp-block-table\"><table class=\"has-fixed-layout\"><tbody><tr><td>1. <em><u>L\u00e4mmit\u00e4<\/u><\/em> neste k\u00e4denl\u00e4mp\u00f6iseksi.<br>2. <em><u>Murenna<\/u><\/em> hiiva nesteeseen ja sekoita kunnes liuennut.<br>3. Lis\u00e4\u00e4 suola ja vehn\u00e4jauhot <em><u>puuhaarukalla sekoittaen<\/u><\/em>.<br>4. Lis\u00e4\u00e4 rasva. Lis\u00e4\u00e4 s\u00e4mpyl\u00e4jauhoja pikkuhiljaa <em><u>k\u00e4dell\u00e4 alustaen<\/u><\/em>, kunnes taikina irtoaa kulhosta ja se muodostaa pehme\u00e4n pallon.<br>\u00a05. <em><u>Kohota<\/u><\/em> liinalla peitettyn\u00e4 l\u00e4mpim\u00e4ss\u00e4 paikassa.\u00a0<br>6. <em><u>Pane uuni kuumenemaan<\/u><\/em> 225 asteeseen.<br>7. <em><u>Vaivaa<\/u><\/em> taikina hyvin jauhotetulla p\u00f6yd\u00e4ll\u00e4. Muotoile taikinasta tanko ja <em><u>jaa <\/u><\/em>se 10 osaan.<br>8. <em><u>Py\u00f6rittele<\/u><\/em> palaset s\u00e4mpyl\u00f6iksi. Nostele ne leivinpaperin p\u00e4\u00e4lle. <em><u>Anna kohota peitettyn\u00e4<\/u><\/em> l\u00e4mpim\u00e4ss\u00e4 paikassa.<br>9. <em><u>Paista<\/u><\/em> uunin <em><u>keskitasolla<\/u><\/em> noin 10-13 minuuttia<br><a href=\"https:\/\/kielinivel.tnk.fi\/?page_id=2572\" data-type=\"page\" data-id=\"2572\"><img loading=\"lazy\" decoding=\"async\" width=\"90\" height=\"20\" class=\"wp-image-409\" style=\"\" src=\"https:\/\/kielinivel.tnk.fi\/wp-content\/uploads\/2024\/11\/LUE-OHJE-75pix.png\" alt=\"LUE OHJE\"><\/a><\/td><\/tr><\/tbody><\/table><\/figure>\n\n\n\n<p><\/p>\n\n\n\n<p class=\"has-large-font-size\"><strong>PYYKINPESU VAATII TAITOA!<\/strong><\/p>\n\n\n\n<p>Kaikkia <em><u>tekstiilej\u00e4<\/u><\/em> ei voi pest\u00e4 samaan aikaan pyykinpesukoneessa. Eri materiaalit vaativat erilaisia l\u00e4mp\u00f6tiloja ja <em><u>pesutapoja<\/u><\/em> pysy\u00e4kseen hyv\u00e4n\u00e4. V\u00e4\u00e4r\u00e4 l\u00e4mp\u00f6tila tai pesutapa voi jopa pilata tekstiilin. Oikein hoidettu tekstiili pysyy kunnossa pitk\u00e4\u00e4n. <\/p>\n\n\n\n<p><em><u>Lajittele <\/u><\/em>pyykki ennen pesua: <a href=\"https:\/\/kielinivel.tnk.fi\/?page_id=2576\" data-type=\"page\" data-id=\"2576\"><img loading=\"lazy\" decoding=\"async\" width=\"90\" height=\"20\" class=\"wp-image-409\" style=\"\" src=\"https:\/\/kielinivel.tnk.fi\/wp-content\/uploads\/2024\/11\/LUE-OHJE-75pix.png\" alt=\"LUE OHJE\"><\/a><\/p>\n\n\n\n<ul class=\"wp-block-list\">\n<li>Likaisuuden mukaan: esimerkiksi juuri pidetyt urheiluvaatteet eiv\u00e4t tarvitse kovin pitk\u00e4\u00e4 pesua, kun taas likaiset pyyhkeet eiv\u00e4t tule hetkess\u00e4 puhtaiksi. &nbsp;<\/li>\n\n\n\n<li>V\u00e4rin mukaan: vaaleat, tummat ja v\u00e4rikk\u00e4\u00e4t tekstiilit erikseen<\/li>\n\n\n\n<li>Pesul\u00e4mp\u00f6tilan mukaan: tarkista oikea l\u00e4mp\u00f6tila <em><u>hoito-ohjemerkist\u00e4<\/u><\/em>. Kuuma vesi irrottaa likaa tehokkaammin mutta kaikki materiaalit eiv\u00e4t kest\u00e4 kuumaa.<\/li>\n\n\n\n<li>Pesutavan mukaan: tarkista hoito-ohjemerkist\u00e4 valittava pesutyyppi (normaaliohjelma, hienopesu, k\u00e4sinpesu, kemiallinen pesu). Kaikkia tekstiilej\u00e4 ei voi laittaa pesukoneeseen lainkaan vaan ne on viet\u00e4v\u00e4 pesulaan puhdistettavaksi. <a href=\"https:\/\/kielinivel.tnk.fi\/?page_id=2574\" data-type=\"page\" data-id=\"2574\"><img loading=\"lazy\" decoding=\"async\" width=\"90\" height=\"20\" class=\"wp-image-409\" style=\"\" src=\"https:\/\/kielinivel.tnk.fi\/wp-content\/uploads\/2024\/11\/LUE-OHJE-75pix.png\" alt=\"LUE OHJE\"><\/a><\/li>\n<\/ul>\n\n\n\n<hr class=\"wp-block-separator has-alpha-channel-opacity is-style-wide\"\/>\n\n\n\n<p class=\"has-text-align-center has-medium-font-size\"><\/p>\n\n\n\n<div class=\"wp-block-buttons is-content-justification-center is-layout-flex wp-container-core-buttons-is-layout-a89b3969 wp-block-buttons-is-layout-flex\">\n<div class=\"wp-block-button is-style-fill\"><a class=\"wp-block-button__link has-background has-text-align-center wp-element-button\" href=\"https:\/\/kielinivel.tnk.fi\/?page_id=2578\" style=\"background-color:#007a4d\"><strong>TEHT\u00c4VI\u00c4<\/strong><\/a><\/div>\n\n\n\n<div class=\"wp-block-button is-style-fill\"><a class=\"wp-block-button__link has-background has-text-align-center wp-element-button\" href=\"https:\/\/kielinivel.tnk.fi\/?page_id=2580\" style=\"background-color:#007a4d\"><strong>KOTONA<\/strong><\/a><\/div>\n\n\n\n<div class=\"wp-block-button\"><a class=\"wp-block-button__link has-background has-text-align-center wp-element-button\" href=\"https:\/\/kielinivel.tnk.fi\/?page_id=2580\" style=\"background-color:#007a4d\"><strong>KOKEISIIN<\/strong><\/a><\/div>\n<\/div>\n\n\n\n<figure class=\"wp-block-audio\"><audio controls src=\"https:\/\/kielinivel.tnk.fi\/wp-content\/uploads\/2025\/01\/Kotitalous_Persia_loppu.mp3\"><\/audio><\/figure>\n\n\n\n<hr class=\"wp-block-separator has-alpha-channel-opacity is-style-wide\"\/>\n\n\n\n<p class=\"has-text-align-center\"><a href=\"https:\/\/kielinivel.tnk.fi\/?page_id=202\" data-type=\"page\" data-id=\"202\">albania<\/a>&nbsp;\u23aa&nbsp;<a href=\"https:\/\/kielinivel.tnk.fi\/?page_id=200\" data-type=\"page\" data-id=\"200\">arabia<\/a>&nbsp;\u23aa<a href=\"https:\/\/kielinivel.tnk.fi\/?page_id=206\" data-type=\"page\" data-id=\"206\">englanti<\/a>\u23aa<a href=\"https:\/\/kielinivel.tnk.fi\/?page_id=198\" data-type=\"page\" data-id=\"198\">kurdi<\/a>\u23aa<a href=\"https:\/\/kielinivel.tnk.fi\/?page_id=196\" data-type=\"page\" data-id=\"196\">persia<\/a>\u23aa<a href=\"https:\/\/kielinivel.tnk.fi\/?page_id=208\" data-type=\"page\" data-id=\"208\">somali<\/a>\u23aa<a href=\"https:\/\/kielinivel.tnk.fi\/?page_id=210\" data-type=\"page\" data-id=\"210\">suomi<\/a>&nbsp;\u23aa<a href=\"https:\/\/kielinivel.tnk.fi\/?page_id=204\" data-type=\"page\" data-id=\"204\">ven\u00e4j\u00e4<\/a><\/p>\n\n\n\n<p><\/p>\n","protected":false},"excerpt":{"rendered":"<p>KOTITALOUS KASVISSOSEKEITTO 2 perunaa2 porkkanaa1 palsternakka1 sipuli1 valkosipulinkynsi6 dl vett\u00e41 kasvisliemikuutio\u00bd tl mustapippuria1 tl timjamia\u00bd tl paprikamaustetta1 dl ruokakermaa 1. Kuori ja paloittele perunat ja juurekset.2. Kuori ja hienonna sipuli. Purista valkosipulinkynsi.3. Mittaa vesi kattilaan. Kiehauta, \u00a0lis\u00e4\u00e4 liemikuutio.4. Lis\u00e4\u00e4 pilkotut kasvikset. Veden tulee peitt\u00e4\u00e4 juuri ja juuri kasvikset. Jos vett\u00e4 on liikaa, kaada v\u00e4h\u00e4n pois.5. [&hellip;]<\/p>\n","protected":false},"author":2,"featured_media":0,"parent":194,"menu_order":0,"comment_status":"closed","ping_status":"closed","template":"","meta":{"footnotes":""},"class_list":["post-196","page","type-page","status-publish","hentry"],"_links":{"self":[{"href":"https:\/\/kielinivel.tnk.fi\/index.php?rest_route=\/wp\/v2\/pages\/196","targetHints":{"allow":["GET"]}}],"collection":[{"href":"https:\/\/kielinivel.tnk.fi\/index.php?rest_route=\/wp\/v2\/pages"}],"about":[{"href":"https:\/\/kielinivel.tnk.fi\/index.php?rest_route=\/wp\/v2\/types\/page"}],"author":[{"embeddable":true,"href":"https:\/\/kielinivel.tnk.fi\/index.php?rest_route=\/wp\/v2\/users\/2"}],"replies":[{"embeddable":true,"href":"https:\/\/kielinivel.tnk.fi\/index.php?rest_route=%2Fwp%2Fv2%2Fcomments&post=196"}],"version-history":[{"count":7,"href":"https:\/\/kielinivel.tnk.fi\/index.php?rest_route=\/wp\/v2\/pages\/196\/revisions"}],"predecessor-version":[{"id":3886,"href":"https:\/\/kielinivel.tnk.fi\/index.php?rest_route=\/wp\/v2\/pages\/196\/revisions\/3886"}],"up":[{"embeddable":true,"href":"https:\/\/kielinivel.tnk.fi\/index.php?rest_route=\/wp\/v2\/pages\/194"}],"wp:attachment":[{"href":"https:\/\/kielinivel.tnk.fi\/index.php?rest_route=%2Fwp%2Fv2%2Fmedia&parent=196"}],"curies":[{"name":"wp","href":"https:\/\/api.w.org\/{rel}","templated":true}]}}