{"id":2024,"date":"2025-01-03T12:47:45","date_gmt":"2025-01-03T10:47:45","guid":{"rendered":"https:\/\/kielinivel.tnk.fi\/?page_id=2024"},"modified":"2025-01-03T13:40:53","modified_gmt":"2025-01-03T11:40:53","slug":"leylisyada","status":"publish","type":"page","link":"https:\/\/kielinivel.tnk.fi\/?page_id=2024","title":{"rendered":"Leylisyada:"},"content":{"rendered":"\n<figure class=\"wp-block-audio\"><audio controls src=\"https:\/\/kielinivel.tnk.fi\/wp-content\/uploads\/2025\/01\/Historia-tehtavat.mp3\"><\/audio><\/figure>\n\n\n\n<ol class=\"wp-block-list\">\n<li>Waa maxay fikradda kusoo noq-noqoneysaa qoraalka dhexdiisa? &nbsp;<\/li>\n\n\n\n<li>Maxay yihiin arrimaha ugu muhiimsan ee qoraalka (saddex arrimood)? Sideed ku heshay?<\/li>\n\n\n\n<li>Akhri mawduuca lagaga hadlayo &#8221;warshaduhu waxay wax ka beddelaan nolosha dadka&#8221; kana soo dhexsaar jaantus muujinaya sababaha iyo cawaaqibka warshadaynta ee lagaga hadlay qaybta qoraalka.<\/li>\n\n\n\n<li>Tutustu Teollistuminen muuttaa ihmisten el\u00e4m\u00e4\u00e4 -osaan ja piirr\u00e4 siit\u00e4 kuvio, joka&nbsp; esittelee tekstinosassa k\u00e4sitellyt teollistumisen syyt ja seuraukset. Waa maxay cawaaqibta togan iyo midda taban ee ay u leeyihiin nolosha qofka caadiga ah? Ku calaamadee + \/ -.<\/li>\n\n\n\n<li>Waa maxay macluumaadka muhiimka ah ee ku saabsan warshadaynta ee laga dheehanayo shaxda 1-aad?<\/li>\n\n\n\n<li>Sidee sawirada qoraalka ku jira ula xidhiidha warshadaynta?<\/li>\n\n\n\n<li>Maxaad ka fahamtay warshadeynta, adigoo ku saleynaya qoraalka, shaxda iyo sawirra\u00b4da?<\/li>\n<\/ol>\n\n\n\n<p><\/p>\n\n\n\n<div class=\"wp-block-buttons is-layout-flex wp-block-buttons-is-layout-flex\">\n<div class=\"wp-block-button\"><a class=\"wp-block-button__link wp-element-button\" href=\"https:\/\/kielinivel.tnk.fi\/?page_id=80\"><strong>\u276e\u276e&nbsp;TAKAISIN TEKSTIIN<\/strong><\/a><\/div>\n<\/div>\n\n\n\n<p><\/p>\n","protected":false},"excerpt":{"rendered":"","protected":false},"author":2,"featured_media":0,"parent":80,"menu_order":11,"comment_status":"closed","ping_status":"closed","template":"","meta":{"footnotes":""},"class_list":["post-2024","page","type-page","status-publish","hentry"],"_links":{"self":[{"href":"https:\/\/kielinivel.tnk.fi\/index.php?rest_route=\/wp\/v2\/pages\/2024","targetHints":{"allow":["GET"]}}],"collection":[{"href":"https:\/\/kielinivel.tnk.fi\/index.php?rest_route=\/wp\/v2\/pages"}],"about":[{"href":"https:\/\/kielinivel.tnk.fi\/index.php?rest_route=\/wp\/v2\/types\/page"}],"author":[{"embeddable":true,"href":"https:\/\/kielinivel.tnk.fi\/index.php?rest_route=\/wp\/v2\/users\/2"}],"replies":[{"embeddable":true,"href":"https:\/\/kielinivel.tnk.fi\/index.php?rest_route=%2Fwp%2Fv2%2Fcomments&post=2024"}],"version-history":[{"count":2,"href":"https:\/\/kielinivel.tnk.fi\/index.php?rest_route=\/wp\/v2\/pages\/2024\/revisions"}],"predecessor-version":[{"id":2053,"href":"https:\/\/kielinivel.tnk.fi\/index.php?rest_route=\/wp\/v2\/pages\/2024\/revisions\/2053"}],"up":[{"embeddable":true,"href":"https:\/\/kielinivel.tnk.fi\/index.php?rest_route=\/wp\/v2\/pages\/80"}],"wp:attachment":[{"href":"https:\/\/kielinivel.tnk.fi\/index.php?rest_route=%2Fwp%2Fv2%2Fmedia&parent=2024"}],"curies":[{"name":"wp","href":"https:\/\/api.w.org\/{rel}","templated":true}]}}