{"id":2030,"date":"2025-01-03T12:50:27","date_gmt":"2025-01-03T10:50:27","guid":{"rendered":"https:\/\/kielinivel.tnk.fi\/?page_id=2030"},"modified":"2025-01-03T13:41:28","modified_gmt":"2025-01-03T11:41:28","slug":"sidee-baad-dib-u-eegis-ugu-sameyn-kartaa-casharrada-marka-aad-u-diyaargaroobeysid-imtixaanka-taariikhda","status":"publish","type":"page","link":"https:\/\/kielinivel.tnk.fi\/?page_id=2030","title":{"rendered":"Sidee baad dib u eegis ugu sameyn kartaa casharrada, marka aad u diyaargaroobeysid\u00a0 imtixaanka taariikhda?"},"content":{"rendered":"\n<figure class=\"wp-block-audio\"><audio controls src=\"https:\/\/kielinivel.tnk.fi\/wp-content\/uploads\/2025\/01\/Historia-kokeisiin-kertaaminen.mp3\"><\/audio><\/figure>\n\n\n\n<ol class=\"wp-block-list\">\n<li>Akhri cutubka casharka wakhti kasta, markay dhammaato xiisadda oo samee leyliska\/shaqada guri ee la isku diray<\/li>\n\n\n\n<li>Bilow inaad wakhti hore ka hor u diyaargarowdo imitixaamka. U qeybi arrimaha aad dib u eegista ku sameyneysid maalm o kala duwan. Aloita kokeeseen kertaaminen hyviss\u00e4 ajoin. Jaa kerrattava asia p\u00e4iv\u00e4urakoihin. Kusoo celi hal mawduuc markiiba.<\/li>\n\n\n\n<li>Waa maxay qeybaha yar-yar ee uu ka kooban yahay aagga imtixaanka?<\/li>\n\n\n\n<li>Maxay yihiin fikradaha cusub ee udub dhexaadka u ah qayb kasta? Sidey isula xidhiidhaan?<\/li>\n\n\n\n<li>Xooga saar qodobada ugu muhiimsan oo hubi inaad fahantay. Sameyso xusuusqor: hoosta ka xariiq, nambarree, ku calaamadee midabyo. Isticmaal nakhshad aad hab-fikirkaada ku muujineysid, sawiro, jaantusyo, maab iyo shax si ay saacidaad kuugu noqoto. Tusaalooyinka, sawirada iyo cinwaan-hoosaadka ayaa kaa caawinaya inaad xasuusato qodobbada ugu muhiimsan.<\/li>\n\n\n\n<li>U sharax fikirka mawduuca qoyskaaga ama boombale adigoo kor ugu dhawaaqaya. Duub sharaxaaddaada.<\/li>\n\n\n\n<li>Xusuusnow sida loo qoro jawaabta wanaagsan ee imtaxaanka. Ku celceli adigoo isticmaalaya xusuusqor.<\/li>\n<\/ol>\n\n\n\n<p><\/p>\n\n\n\n<div class=\"wp-block-buttons is-layout-flex wp-block-buttons-is-layout-flex\">\n<div class=\"wp-block-button\"><a class=\"wp-block-button__link wp-element-button\" href=\"https:\/\/kielinivel.tnk.fi\/?page_id=80\"><strong>\u276e\u276e&nbsp;TAKAISIN TEKSTIIN<\/strong><\/a><\/div>\n<\/div>\n\n\n\n<p><\/p>\n","protected":false},"excerpt":{"rendered":"","protected":false},"author":2,"featured_media":0,"parent":80,"menu_order":13,"comment_status":"closed","ping_status":"closed","template":"","meta":{"footnotes":""},"class_list":["post-2030","page","type-page","status-publish","hentry"],"_links":{"self":[{"href":"https:\/\/kielinivel.tnk.fi\/index.php?rest_route=\/wp\/v2\/pages\/2030","targetHints":{"allow":["GET"]}}],"collection":[{"href":"https:\/\/kielinivel.tnk.fi\/index.php?rest_route=\/wp\/v2\/pages"}],"about":[{"href":"https:\/\/kielinivel.tnk.fi\/index.php?rest_route=\/wp\/v2\/types\/page"}],"author":[{"embeddable":true,"href":"https:\/\/kielinivel.tnk.fi\/index.php?rest_route=\/wp\/v2\/users\/2"}],"replies":[{"embeddable":true,"href":"https:\/\/kielinivel.tnk.fi\/index.php?rest_route=%2Fwp%2Fv2%2Fcomments&post=2030"}],"version-history":[{"count":2,"href":"https:\/\/kielinivel.tnk.fi\/index.php?rest_route=\/wp\/v2\/pages\/2030\/revisions"}],"predecessor-version":[{"id":2056,"href":"https:\/\/kielinivel.tnk.fi\/index.php?rest_route=\/wp\/v2\/pages\/2030\/revisions\/2056"}],"up":[{"embeddable":true,"href":"https:\/\/kielinivel.tnk.fi\/index.php?rest_route=\/wp\/v2\/pages\/80"}],"wp:attachment":[{"href":"https:\/\/kielinivel.tnk.fi\/index.php?rest_route=%2Fwp%2Fv2%2Fmedia&parent=2030"}],"curies":[{"name":"wp","href":"https:\/\/api.w.org\/{rel}","templated":true}]}}