{"id":225,"date":"2024-11-24T22:54:15","date_gmt":"2024-11-24T20:54:15","guid":{"rendered":"https:\/\/kielinivel.tnk.fi\/?page_id=225"},"modified":"2025-01-27T23:33:04","modified_gmt":"2025-01-27T21:33:04","slug":"englanti","status":"publish","type":"page","link":"https:\/\/kielinivel.tnk.fi\/?page_id=225","title":{"rendered":"englanti  &#8211; opiskeluohjeet englanniksi"},"content":{"rendered":"\n<p class=\"has-text-align-center has-x-large-font-size\">MAANTIETO<\/p>\n\n\n\n<hr class=\"wp-block-separator has-alpha-channel-opacity is-style-wide\"\/>\n\n\n\n<p class=\"has-large-font-size\"><strong>Planeetta Tellus on kotimme<\/strong><\/p>\n\n\n\n<p>Oma kotiplaneettamme on nimelt\u00e4\u00e4n Tellus. Asumme aurinkokunnassa, jonka keskust\u00e4hten\u00e4 on oma t\u00e4htemme, Aurinko. Aurinkokuntamme koostuu <strong>t\u00e4hdest\u00e4 <\/strong>ja sit\u00e4 kiert\u00e4vist\u00e4 <strong>planeetoista<\/strong>. Aurinkokunnassamme on lis\u00e4ksi <strong>asteroideja ja kuita<\/strong>. Kuut ovat planeettojen kiertolaisia. Asteroidit ovat planeettoja pienempi\u00e4 kivest\u00e4 koostuvia taivaankappaleita. Suurin osa aurinkokuntamme asteroideista sijaitsee Marsin ja Jupiterin v\u00e4liss\u00e4. Alla olevassa kuvassa n\u00e4kyy my\u00f6s aurinkokunnassamme kiit\u00e4v\u00e4 pyrst\u00f6t\u00e4hti eli <strong>komeetta<\/strong>. Ne eiv\u00e4t kuitenkaan ole aurinkokuntamme pysyvi\u00e4 j\u00e4seni\u00e4. <a href=\"https:\/\/kielinivel.tnk.fi\/?page_id=1395\" data-type=\"page\" data-id=\"1395\"><img loading=\"lazy\" decoding=\"async\" width=\"90\" height=\"20\" class=\"wp-image-409\" style=\"\" src=\"https:\/\/kielinivel.tnk.fi\/wp-content\/uploads\/2024\/11\/LUE-OHJE-75pix.png\" alt=\"LUE OHJE\"><\/a><\/p>\n\n\n\n<p><strong>Kaasu- ja kiviplaneetat <a href=\"https:\/\/kielinivel.tnk.fi\/?page_id=1399\" data-type=\"page\" data-id=\"1399\"><img loading=\"lazy\" decoding=\"async\" width=\"90\" height=\"20\" class=\"wp-image-409\" style=\"\" src=\"https:\/\/kielinivel.tnk.fi\/wp-content\/uploads\/2024\/11\/LUE-OHJE-75pix.png\" alt=\"LUE OHJE\"><\/a><\/strong><\/p>\n\n\n\n<figure class=\"wp-block-image alignright size-medium is-resized\"><img loading=\"lazy\" decoding=\"async\" width=\"300\" height=\"188\" src=\"https:\/\/kielinivel.tnk.fi\/wp-content\/uploads\/2024\/12\/Planeetat-300x188.png\" alt=\"Kuvio auringosta ja sit\u00e4 kiert\u00e4vist\u00e4 planeetoista\" class=\"wp-image-686\" style=\"width:450px\" srcset=\"https:\/\/kielinivel.tnk.fi\/wp-content\/uploads\/2024\/12\/Planeetat-300x188.png 300w, https:\/\/kielinivel.tnk.fi\/wp-content\/uploads\/2024\/12\/Planeetat-768x482.png 768w, https:\/\/kielinivel.tnk.fi\/wp-content\/uploads\/2024\/12\/Planeetat.png 782w\" sizes=\"auto, (max-width: 300px) 100vw, 300px\" \/><\/figure>\n\n\n\n<p>Planeetat ovat keskust\u00e4hte\u00e4 kiert\u00e4vi\u00e4, usein py\u00f6reit\u00e4 taivaankappaleita. L\u00e4himp\u00e4n\u00e4 Aurinkoa ovat kiviplaneetat Merkurius, Venus, Maa ja Mars. Kun Aurinkokuntamme noin 4,6 miljardia vuotta sitten syntyi py\u00f6riv\u00e4st\u00e4 kaasu- ja p\u00f6lypilvest\u00e4, raskaimmat aineet j\u00e4iv\u00e4t l\u00e4hemm\u00e4s Aurinkoa. Kaasuplaneetat ovat suuria j\u00e4ttil\u00e4isi\u00e4 ja ne sijaitsevat kauempana Auringosta. Kaasuplaneettoja ovat Jupiter, Saturnus, Uranus ja Neptunus. <a href=\"https:\/\/kielinivel.tnk.fi\/?page_id=1397\" data-type=\"page\" data-id=\"1397\"><img loading=\"lazy\" decoding=\"async\" width=\"90\" height=\"20\" class=\"wp-image-409\" style=\"\" src=\"https:\/\/kielinivel.tnk.fi\/wp-content\/uploads\/2024\/11\/LUE-OHJE-75pix.png\" alt=\"LUE OHJE\"><\/a><\/p>\n\n\n\n<p><strong>Vain Maassa on el\u00e4m\u00e4\u00e4<\/strong><\/p>\n\n\n\n<p>Oma kotiplaneettamme on ainoa planeetta, jolla tied\u00e4mme varmasti olevan el\u00e4m\u00e4\u00e4. Maassa on nestem\u00e4ist\u00e4 vett\u00e4, sill\u00e4 se sijaitsee juuri sopivalla et\u00e4isyydell\u00e4 Auringosta. Kauempana vesi muuttuisi kiinte\u00e4ksi j\u00e4\u00e4ksi ja l\u00e4hemp\u00e4n\u00e4 vesi muuttuisi kaasumaiseksi vesih\u00f6yryksi. Maalla on magneettikentt\u00e4, joka suojaa Auringosta tulevilta haitallisilta hiukkasilta. Maalla on my\u00f6s ilmakeh\u00e4, jossa on otsonikerros. Otsonikerros antaa suojaa Auringosta tulevalta UV-s\u00e4teilylt\u00e4. Tarvitaan energiaa, nestem\u00e4ist\u00e4 vett\u00e4 sek\u00e4 soluja suojaavia vaarallisten hiukkasten ja s\u00e4teilyjen esteit\u00e4 mahdollistamaan el\u00e4m\u00e4.<\/p>\n\n\n\n<p class=\"has-medium-font-size\"><strong>Teht\u00e4vi\u00e4 <a href=\"https:\/\/kielinivel.tnk.fi\/?page_id=1403\" data-type=\"page\" data-id=\"1403\"><img loading=\"lazy\" decoding=\"async\" width=\"90\" height=\"20\" class=\"wp-image-409\" style=\"\" src=\"https:\/\/kielinivel.tnk.fi\/wp-content\/uploads\/2024\/11\/LUE-OHJE-75pix.png\" alt=\"LUE OHJE\"><\/a><\/strong><\/p>\n\n\n\n<p>1. Piirr\u00e4 aurinkokunta. Merkitse piirrokseen aurinkokuntaan kuuluvat osat.<\/p>\n\n\n\n<p>2. Selit\u00e4 k\u00e4sitteet planeetta, kuu ja asteroidi.<\/p>\n\n\n\n<p>3. Mit\u00e4 tarvitaan mahdollistamaan el\u00e4m\u00e4 Maassa?<\/p>\n\n\n\n<p>4. Selvit\u00e4, voisiko Marsissa olla el\u00e4m\u00e4\u00e4.<\/p>\n\n\n\n<p><strong>Ilmastodiagrammi<\/strong> \u00a0 <a href=\"https:\/\/kielinivel.tnk.fi\/?page_id=1401\" data-type=\"page\" data-id=\"1401\"><img loading=\"lazy\" decoding=\"async\" width=\"90\" height=\"20\" class=\"wp-image-409\" style=\"\" src=\"https:\/\/kielinivel.tnk.fi\/wp-content\/uploads\/2024\/11\/LUE-OHJE-75pix.png\" alt=\"LUE OHJE\"><\/a><\/p>\n\n\n\n<figure class=\"wp-block-image size-full\"><a href=\"https:\/\/kielinivel.tnk.fi\/wp-content\/uploads\/2024\/12\/Ilmastodiagrammi.jpg\" target=\"_blank\" rel=\" noreferrer noopener\"><img loading=\"lazy\" decoding=\"async\" width=\"904\" height=\"564\" src=\"https:\/\/kielinivel.tnk.fi\/wp-content\/uploads\/2024\/12\/Ilmastodiagrammi.jpg\" alt=\"Diagrammi jossa sinisi\u00e4 pylb\u00e4it\u00e4 kuukausien kohdalla sek\u00e4 punainen l\u00e4mp\u00f6tilak\u00e4yr\u00e4\" class=\"wp-image-690\" srcset=\"https:\/\/kielinivel.tnk.fi\/wp-content\/uploads\/2024\/12\/Ilmastodiagrammi.jpg 904w, https:\/\/kielinivel.tnk.fi\/wp-content\/uploads\/2024\/12\/Ilmastodiagrammi-300x187.jpg 300w, https:\/\/kielinivel.tnk.fi\/wp-content\/uploads\/2024\/12\/Ilmastodiagrammi-768x479.jpg 768w\" sizes=\"auto, (max-width: 904px) 100vw, 904px\" \/><\/a><\/figure>\n\n\n\n<p>Yll\u00e4 n\u00e4et Guinean ilmastodiagrammin. Guinea on valtio, joka sijaitsee L\u00e4nsi-Afrikassa. Guineassa on sademets\u00e4\u00e4, savannia ja vuoristoa.<\/p>\n\n\n\n<p>Ilmastodiagrammi kertoo alueen ilmastosta. Ilmastodiagrammiin on merkitty kuukausittaiset keskiarvot sadem\u00e4\u00e4r\u00e4st\u00e4 (siniset pylv\u00e4\u00e4t) sek\u00e4 l\u00e4mp\u00f6tilasta (punainen viiva). Kuukausittaiset keskiarvot sadem\u00e4\u00e4rist\u00e4 ja l\u00e4mp\u00f6tiloista on laskettu 30 vuoden ajalta. Sadem\u00e4\u00e4r\u00e4t on ilmoitettu millimetrein\u00e4 ja l\u00e4mp\u00f6tilat celsiusasteina.<\/p>\n\n\n\n<p>Ilmastodiagrammin mukaan Guinea sijaitsee l\u00e4hell\u00e4 p\u00e4iv\u00e4ntasaajaa. T\u00e4m\u00e4 n\u00e4hd\u00e4\u00e4n diagrammissa katsomalla l\u00e4mp\u00f6tilak\u00e4yr\u00e4\u00e4, joka on melko tasainen. P\u00e4iv\u00e4ntasaajan l\u00e4heisyydess\u00e4 ei ole erillisi\u00e4 samanlaisia vuodenaikoja, niin kuin meill\u00e4 on. Guineassa on kaksi vuodenaikaa, sadekausi ja kuivakausi. Diagrammista n\u00e4hd\u00e4\u00e4n, ett\u00e4 kuivakausi esiintyy joulu-maaliskuussa, jolloin alueella sataa hyvin v\u00e4h\u00e4n tai ei ollenkaan. Sadekausi ulottuu huhtikuusta marraskuuhun ja eniten sataa hein\u00e4-lokakuussa. L\u00e4mp\u00f6tilat ovat alhaisemmat sadekauden aikana, koska aurinko paistaa silloin v\u00e4hemm\u00e4n pilvisyyden vuoksi.<\/p>\n\n\n\n<p>Alueilla, joissa esiintyy sadekausi ja kuivakausi, on savannia. Savanni on kasvillisuusalue, jolla kasvaa v\u00e4h\u00e4n puita ja paljon erilaisia heini\u00e4, jotka muodostavat laajoja ruohikkoalueita.<\/p>\n\n\n\n<p><\/p>\n\n\n\n<hr class=\"wp-block-separator has-alpha-channel-opacity is-style-wide\"\/>\n\n\n\n<p class=\"has-text-align-center has-medium-font-size\"><\/p>\n\n\n\n<div class=\"wp-block-buttons is-content-justification-center is-layout-flex wp-container-core-buttons-is-layout-a89b3969 wp-block-buttons-is-layout-flex\">\n<div class=\"wp-block-button is-style-fill\"><a class=\"wp-block-button__link has-background has-text-align-center wp-element-button\" href=\"https:\/\/kielinivel.tnk.fi\/?page_id=1405\" style=\"background-color:#007a4d\"><strong>TEHT\u00c4VI\u00c4<\/strong><\/a><\/div>\n\n\n\n<div class=\"wp-block-button is-style-fill\"><a class=\"wp-block-button__link has-background has-text-align-center wp-element-button\" href=\"https:\/\/kielinivel.tnk.fi\/?page_id=1407\" style=\"background-color:#007a4d\"><strong>KOTONA<\/strong><\/a><\/div>\n\n\n\n<div class=\"wp-block-button\"><a class=\"wp-block-button__link has-background has-text-align-center wp-element-button\" href=\"https:\/\/kielinivel.tnk.fi\/?page_id=1409\" style=\"background-color:#007a4d\"><strong>KOKEISIIN<\/strong><\/a><\/div>\n<\/div>\n\n\n\n<hr class=\"wp-block-separator has-alpha-channel-opacity is-style-wide\"\/>\n\n\n\n<p class=\"has-text-align-center\"><a href=\"https:\/\/kielinivel.tnk.fi\/?page_id=221\" data-type=\"page\" data-id=\"221\">albania<\/a>&nbsp;\u23aa&nbsp;<a href=\"https:\/\/kielinivel.tnk.fi\/?page_id=219\" data-type=\"page\" data-id=\"219\">arabia<\/a>&nbsp;\u23aa<a href=\"https:\/\/kielinivel.tnk.fi\/?page_id=225\" data-type=\"page\" data-id=\"225\">englanti<\/a>\u23aa<a href=\"https:\/\/kielinivel.tnk.fi\/?page_id=217\" data-type=\"page\" data-id=\"217\">kurdi<\/a>\u23aa<a href=\"https:\/\/kielinivel.tnk.fi\/?page_id=215\" data-type=\"page\" data-id=\"215\">persia<\/a>\u23aa<a href=\"https:\/\/kielinivel.tnk.fi\/?page_id=230\" data-type=\"page\" data-id=\"230\">suomi<\/a>&nbsp;\u23aa<a href=\"https:\/\/kielinivel.tnk.fi\/?page_id=223\" data-type=\"page\" data-id=\"223\">ven\u00e4j\u00e4<\/a><\/p>\n\n\n\n<p><\/p>\n","protected":false},"excerpt":{"rendered":"<p>MAANTIETO Planeetta Tellus on kotimme Oma kotiplaneettamme on nimelt\u00e4\u00e4n Tellus. Asumme aurinkokunnassa, jonka keskust\u00e4hten\u00e4 on oma t\u00e4htemme, Aurinko. Aurinkokuntamme koostuu t\u00e4hdest\u00e4 ja sit\u00e4 kiert\u00e4vist\u00e4 planeetoista. Aurinkokunnassamme on lis\u00e4ksi asteroideja ja kuita. Kuut ovat planeettojen kiertolaisia. Asteroidit ovat planeettoja pienempi\u00e4 kivest\u00e4 koostuvia taivaankappaleita. Suurin osa aurinkokuntamme asteroideista sijaitsee Marsin ja Jupiterin v\u00e4liss\u00e4. Alla olevassa kuvassa n\u00e4kyy [&hellip;]<\/p>\n","protected":false},"author":2,"featured_media":0,"parent":213,"menu_order":0,"comment_status":"closed","ping_status":"closed","template":"","meta":{"footnotes":""},"class_list":["post-225","page","type-page","status-publish","hentry"],"_links":{"self":[{"href":"https:\/\/kielinivel.tnk.fi\/index.php?rest_route=\/wp\/v2\/pages\/225","targetHints":{"allow":["GET"]}}],"collection":[{"href":"https:\/\/kielinivel.tnk.fi\/index.php?rest_route=\/wp\/v2\/pages"}],"about":[{"href":"https:\/\/kielinivel.tnk.fi\/index.php?rest_route=\/wp\/v2\/types\/page"}],"author":[{"embeddable":true,"href":"https:\/\/kielinivel.tnk.fi\/index.php?rest_route=\/wp\/v2\/users\/2"}],"replies":[{"embeddable":true,"href":"https:\/\/kielinivel.tnk.fi\/index.php?rest_route=%2Fwp%2Fv2%2Fcomments&post=225"}],"version-history":[{"count":7,"href":"https:\/\/kielinivel.tnk.fi\/index.php?rest_route=\/wp\/v2\/pages\/225\/revisions"}],"predecessor-version":[{"id":3893,"href":"https:\/\/kielinivel.tnk.fi\/index.php?rest_route=\/wp\/v2\/pages\/225\/revisions\/3893"}],"up":[{"embeddable":true,"href":"https:\/\/kielinivel.tnk.fi\/index.php?rest_route=\/wp\/v2\/pages\/213"}],"wp:attachment":[{"href":"https:\/\/kielinivel.tnk.fi\/index.php?rest_route=%2Fwp%2Fv2%2Fmedia&parent=225"}],"curies":[{"name":"wp","href":"https:\/\/api.w.org\/{rel}","templated":true}]}}