{"id":249,"date":"2024-11-24T23:03:04","date_gmt":"2024-11-24T21:03:04","guid":{"rendered":"https:\/\/kielinivel.tnk.fi\/?page_id=249"},"modified":"2025-01-27T23:41:43","modified_gmt":"2025-01-27T21:41:43","slug":"suomi","status":"publish","type":"page","link":"https:\/\/kielinivel.tnk.fi\/?page_id=249","title":{"rendered":"suomi &#8211; opiskeluohjeet suomeksi"},"content":{"rendered":"\n<p class=\"has-text-align-center has-x-large-font-size\">S2 &#8211; SUOMEN KIELI<\/p>\n\n\n\n<hr class=\"wp-block-separator has-alpha-channel-opacity is-style-wide\"\/>\n\n\n\n<p class=\"has-large-font-size\"><strong>Uutinen on yleisin juttutyyppi<\/strong><\/p>\n\n\n\n<p>Uutisten t\u00e4rkein teht\u00e4v\u00e4 on v\u00e4litt\u00e4\u00e4 tietoa t\u00e4rkeist\u00e4 ajankohtaisista asioista ja tapahtumista sek\u00e4 muista lukijoita kiinnostavista asioista. Uutinen vastaa yleens\u00e4 kysymyksiin <em>mit\u00e4<\/em>, <em>miss\u00e4<\/em> ja<em> milloin<\/em>. <a href=\"https:\/\/kielinivel.tnk.fi\/?page_id=917\" data-type=\"page\" data-id=\"915\"><img loading=\"lazy\" decoding=\"async\" width=\"90\" height=\"20\" class=\"wp-image-409\" style=\"\" src=\"https:\/\/kielinivel.tnk.fi\/wp-content\/uploads\/2024\/11\/LUE-OHJE-75pix.png\" alt=\"\"><\/a><\/p>\n\n\n\n<figure class=\"wp-block-image alignright size-medium\"><img loading=\"lazy\" decoding=\"async\" width=\"300\" height=\"190\" src=\"https:\/\/kielinivel.tnk.fi\/wp-content\/uploads\/2024\/12\/sanomalehtia-300x190.jpg\" alt=\"sanomalehti\u00e4 p\u00f6yd\u00e4ll\u00e4\" class=\"wp-image-610\" srcset=\"https:\/\/kielinivel.tnk.fi\/wp-content\/uploads\/2024\/12\/sanomalehtia-300x190.jpg 300w, https:\/\/kielinivel.tnk.fi\/wp-content\/uploads\/2024\/12\/sanomalehtia.jpg 641w\" sizes=\"auto, (max-width: 300px) 100vw, 300px\" \/><\/figure>\n\n\n\n<p>Tyypillisimpien uutisten rakenne noudattaa samaa kaavaa: t\u00e4rkein asia esitet\u00e4\u00e4n ensin, lis\u00e4tiedot sen j\u00e4lkeen. <a href=\"https:\/\/kielinivel.tnk.fi\/?page_id=919\" data-type=\"page\" data-id=\"919\"><img loading=\"lazy\" decoding=\"async\" width=\"90\" height=\"20\" class=\"wp-image-409\" style=\"\" src=\"https:\/\/kielinivel.tnk.fi\/wp-content\/uploads\/2024\/11\/LUE-OHJE-75pix.png\" alt=\"\"><\/a><\/p>\n\n\n\n<p>Uutisen aihe ilmenee useimmiten <strong>otsikossa<\/strong>. Otsikoilla houkutellaan lukijoita klikkaamaan auki uutinen. Kaupallisilla uutissivuilla <strong>klikkiotsikot <\/strong>muovataan tarkoituksella sellaisiksi, ett\u00e4 ne eiv\u00e4t kerro liikaa uutisen sis\u00e4ll\u00f6st\u00e4. Klikkiotsikot her\u00e4tt\u00e4v\u00e4t usein lukijoissa uteliaisuutta tai ep\u00e4uskoa, mink\u00e4 vuoksi uutinen halutaan lukea.<\/p>\n\n\n\n<p>Aloituskappaleessa tai <strong>ingressiss\u00e4 <\/strong>tiivistet\u00e4\u00e4n uutisen p\u00e4\u00e4sis\u00e4lt\u00f6. T\u00e4m\u00e4n j\u00e4lkeen kuvataan <strong>leip\u00e4tekstiss\u00e4<\/strong> tyypillisesti tapahtumien taustat, esimerkiksi mik\u00e4 on edelt\u00e4nyt tapahtumia ja mik\u00e4 on johtanut tapahtuneeseen. Uutisen esitysj\u00e4rjestys ei v\u00e4ltt\u00e4m\u00e4tt\u00e4 noudata aikaj\u00e4rjestyst\u00e4. \u00a0<a href=\"https:\/\/kielinivel.tnk.fi\/?page_id=915\" data-type=\"page\" data-id=\"915\"><img loading=\"lazy\" decoding=\"async\" width=\"90\" height=\"20\" class=\"wp-image-409\" style=\"\" src=\"https:\/\/kielinivel.tnk.fi\/wp-content\/uploads\/2024\/11\/LUE-OHJE-75pix.png\" alt=\"\"><\/a><\/p>\n\n\n\n<p>Uutiset eiv\u00e4t aina kuvaa koko tapahtunutta kokonaisuudessaan. Suurista, ihmisi\u00e4 kiinnostavista tapahtumista julkaistaan uutisia luettavaksi jo ennen kuin kaikkea tietoa tapahtuneesta on k\u00e4sill\u00e4.<\/p>\n\n\n\n<p class=\"has-medium-font-size\">Uutismediat kilpailevat usein siit\u00e4, kuka saa julkaistua tietoa tapahtumista ensimm\u00e4isen\u00e4. T\u00e4m\u00e4n vuoksi uutinen merkitt\u00e4v\u00e4st\u00e4 aiheesta, saattaa pirstaloitua useaksi pienemm\u00e4ksi uutiseksi, joiden sis\u00e4lt\u00f6\u00e4 t\u00e4ydennet\u00e4\u00e4n sit\u00e4 mukaa, kun aiheesta tiedet\u00e4\u00e4n enemm\u00e4n.<\/p>\n\n\n\n<p class=\"has-large-font-size\"><strong>Uutisten julkaisua koskevat my\u00f6s s\u00e4\u00e4nn\u00f6t<\/strong><\/p>\n\n\n\n<p>Uutisten on pyritt\u00e4v\u00e4 aina kuvaamaan tapahtumia sellaisella tavalla, ett\u00e4 lukija pystyy luottamaan niiden <strong>objektiivisuuteen<\/strong> eli totuudenmukaisuuteen ja puolueettomuuteen. <a href=\"https:\/\/kielinivel.tnk.fi\/?page_id=921\" data-type=\"page\" data-id=\"921\"><img loading=\"lazy\" decoding=\"async\" width=\"90\" height=\"20\" class=\"wp-image-409\" style=\"\" src=\"https:\/\/kielinivel.tnk.fi\/wp-content\/uploads\/2024\/11\/LUE-OHJE-75pix.png\" alt=\"\"><\/a><\/p>\n\n\n\n<p><strong>Totuudenmukaisuutta<\/strong> luo se, ett\u00e4 journalisti on tarkistanut saamansa tiedot oikeiksi, erottanut omat mielipiteens\u00e4 faktojen joukosta ja varmistunut siit\u00e4, ett\u00e4 h\u00e4nen l\u00e4hteens\u00e4 ovat luotettavia. <strong>Journalistinen tieto<\/strong> on siis tarkistettua tietoa. <\/p>\n\n\n\n<p>Jos tapahtumasta haastatellaan henkil\u00f6it\u00e4, toimittajan on varmistettava, ett\u00e4 kaikenlaiset n\u00e4k\u00f6kulmat tulevat edustetuiksi.<br><br>Jos uutisjutun otsikko ei vastaa jutun asiasis\u00e4lt\u00f6\u00e4, rikotaan <strong>journalistin ohjeita<\/strong>. Yksityisel\u00e4m\u00e4\u00e4n liittyvi\u00e4 arkaluonteisia asioita ei saa julkaista ilman asianomaisen lupaa. Moitittavaa on my\u00f6s, jos uutisena esitet\u00e4\u00e4n mainoksia tai kaupallisia ilmoituksia &nbsp;tuomatta sit\u00e4 selke\u00e4sti ilmi lukijalle.<\/p>\n\n\n\n<p>Tahattomasti levitetty\u00e4 virheellist\u00e4 sanotaan <strong>misinformaatioksi<\/strong>. Se pit\u00e4\u00e4 korjata <strong>oikaisussa<\/strong>.<\/p>\n\n\n\n<p>Jos tieto on tahallisesti v\u00e4\u00e4ristelty\u00e4, sit\u00e4 sanotaan <strong>disinformaatioksi<\/strong>.<\/p>\n\n\n\n<figure class=\"wp-block-image size-full\"><a href=\"https:\/\/kielinivel.tnk.fi\/wp-content\/uploads\/2024\/12\/Uutinen-kolarista.png\" target=\"_blank\" rel=\" noreferrer noopener\"><img loading=\"lazy\" decoding=\"async\" width=\"1546\" height=\"1714\" src=\"https:\/\/kielinivel.tnk.fi\/wp-content\/uploads\/2024\/12\/Uutinen-kolarista.png\" alt=\"\" class=\"wp-image-611\" srcset=\"https:\/\/kielinivel.tnk.fi\/wp-content\/uploads\/2024\/12\/Uutinen-kolarista.png 1546w, https:\/\/kielinivel.tnk.fi\/wp-content\/uploads\/2024\/12\/Uutinen-kolarista-271x300.png 271w, https:\/\/kielinivel.tnk.fi\/wp-content\/uploads\/2024\/12\/Uutinen-kolarista-924x1024.png 924w, https:\/\/kielinivel.tnk.fi\/wp-content\/uploads\/2024\/12\/Uutinen-kolarista-768x851.png 768w, https:\/\/kielinivel.tnk.fi\/wp-content\/uploads\/2024\/12\/Uutinen-kolarista-1385x1536.png 1385w\" sizes=\"auto, (max-width: 1546px) 100vw, 1546px\" \/><\/a><\/figure>\n\n\n\n<p class=\"has-medium-font-size\"><strong>1. Lue uutinen <em>Kahden henkil\u00f6auton nokkakolari H\u00e4meenlinnassa \u2013 Kuljettajat loukkaantuivat liev\u00e4sti <\/em>ja vastaa kysymyksiin.<\/strong><\/p>\n\n\n\n<p class=\"has-medium-font-size\"><strong>a.<\/strong> Mit\u00e4? <strong>b<\/strong>. Miss\u00e4? <strong>c.<\/strong> Milloin? <strong>d.<\/strong> Miksi? &nbsp;<strong>e.<\/strong> Kuka? <strong>f.<\/strong> Miten?<\/p>\n\n\n\n<p class=\"has-medium-font-size\"><strong>2. <\/strong><strong>Mit\u00e4 tarkoitetaan a. <\/strong>klikkiotsikolla<strong>&nbsp;&nbsp;<\/strong><strong>b. <\/strong>objektiivisuudella <strong>c. <\/strong>oikaisulla?<\/p>\n\n\n\n<p class=\"has-medium-font-size\"><strong>3. Mit\u00e4 asioita journalistin on mietitt\u00e4v\u00e4 ennen uutisen julkaisua?<\/strong><\/p>\n\n\n\n<p><strong>4. Etsi netist\u00e4 uutinen, josta poimit jutun osat. Esitelk\u00e4\u00e4 l\u00f6yt\u00e4m\u00e4nne uutiset muulle luokalle.<\/strong> <\/p>\n\n\n\n<p><a href=\"https:\/\/kielinivel.tnk.fi\/?page_id=923\" data-type=\"page\" data-id=\"923\"><img loading=\"lazy\" decoding=\"async\" width=\"90\" height=\"20\" class=\"wp-image-409\" style=\"\" src=\"https:\/\/kielinivel.tnk.fi\/wp-content\/uploads\/2024\/11\/LUE-OHJE-75pix.png\" alt=\"\"><\/a><\/p>\n\n\n\n<hr class=\"wp-block-separator has-alpha-channel-opacity is-style-wide\"\/>\n\n\n\n<p class=\"has-text-align-center has-medium-font-size\"><\/p>\n\n\n\n<div class=\"wp-block-buttons is-content-justification-center is-layout-flex wp-container-core-buttons-is-layout-a89b3969 wp-block-buttons-is-layout-flex\">\n<div class=\"wp-block-button is-style-fill\"><a class=\"wp-block-button__link has-background has-text-align-center wp-element-button\" href=\"https:\/\/kielinivel.tnk.fi\/?page_id=925\" style=\"background-color:#007a4d\"><strong>TEHT\u00c4VI\u00c4<\/strong><\/a><\/div>\n\n\n\n<div class=\"wp-block-button is-style-fill\"><a class=\"wp-block-button__link has-background has-text-align-center wp-element-button\" href=\"https:\/\/kielinivel.tnk.fi\/?page_id=927\" style=\"background-color:#007a4d\"><strong>KOTONA<\/strong><\/a><\/div>\n\n\n\n<div class=\"wp-block-button\"><a class=\"wp-block-button__link has-background has-text-align-center wp-element-button\" href=\"https:\/\/kielinivel.tnk.fi\/?page_id=929\" style=\"background-color:#007a4d\"><strong>KOKEISIIN<\/strong><\/a><\/div>\n<\/div>\n\n\n\n<hr class=\"wp-block-separator has-alpha-channel-opacity is-style-wide\"\/>\n\n\n\n<p class=\"has-text-align-center\"><a href=\"https:\/\/kielinivel.tnk.fi\/?page_id=241\" data-type=\"page\" data-id=\"241\">albania<\/a>&nbsp;\u23aa&nbsp;<a href=\"https:\/\/kielinivel.tnk.fi\/?page_id=239\" data-type=\"page\" data-id=\"239\">arabia<\/a>&nbsp;\u23aa<a href=\"https:\/\/kielinivel.tnk.fi\/?page_id=245\" data-type=\"page\" data-id=\"245\">englanti<\/a>\u23aa<a href=\"https:\/\/kielinivel.tnk.fi\/?page_id=237\" data-type=\"page\" data-id=\"237\">kurdi<\/a>\u23aa<a href=\"https:\/\/kielinivel.tnk.fi\/?page_id=235\" data-type=\"page\" data-id=\"235\">persia<\/a>\u23aa<a href=\"https:\/\/kielinivel.tnk.fi\/?page_id=247\" data-type=\"page\" data-id=\"247\">somali<\/a>\u23aa<a href=\"https:\/\/kielinivel.tnk.fi\/?page_id=249\" data-type=\"page\" data-id=\"249\">suomi<\/a>&nbsp;\u23aa<a href=\"https:\/\/kielinivel.tnk.fi\/?page_id=243\" data-type=\"page\" data-id=\"243\">ven\u00e4j\u00e4<\/a><\/p>\n\n\n\n<p><\/p>\n","protected":false},"excerpt":{"rendered":"<p>S2 &#8211; SUOMEN KIELI Uutinen on yleisin juttutyyppi Uutisten t\u00e4rkein teht\u00e4v\u00e4 on v\u00e4litt\u00e4\u00e4 tietoa t\u00e4rkeist\u00e4 ajankohtaisista asioista ja tapahtumista sek\u00e4 muista lukijoita kiinnostavista asioista. Uutinen vastaa yleens\u00e4 kysymyksiin mit\u00e4, miss\u00e4 ja milloin. Tyypillisimpien uutisten rakenne noudattaa samaa kaavaa: t\u00e4rkein asia esitet\u00e4\u00e4n ensin, lis\u00e4tiedot sen j\u00e4lkeen. Uutisen aihe ilmenee useimmiten otsikossa. Otsikoilla houkutellaan lukijoita klikkaamaan auki [&hellip;]<\/p>\n","protected":false},"author":2,"featured_media":0,"parent":233,"menu_order":0,"comment_status":"closed","ping_status":"closed","template":"","meta":{"footnotes":""},"class_list":["post-249","page","type-page","status-publish","hentry"],"_links":{"self":[{"href":"https:\/\/kielinivel.tnk.fi\/index.php?rest_route=\/wp\/v2\/pages\/249","targetHints":{"allow":["GET"]}}],"collection":[{"href":"https:\/\/kielinivel.tnk.fi\/index.php?rest_route=\/wp\/v2\/pages"}],"about":[{"href":"https:\/\/kielinivel.tnk.fi\/index.php?rest_route=\/wp\/v2\/types\/page"}],"author":[{"embeddable":true,"href":"https:\/\/kielinivel.tnk.fi\/index.php?rest_route=\/wp\/v2\/users\/2"}],"replies":[{"embeddable":true,"href":"https:\/\/kielinivel.tnk.fi\/index.php?rest_route=%2Fwp%2Fv2%2Fcomments&post=249"}],"version-history":[{"count":8,"href":"https:\/\/kielinivel.tnk.fi\/index.php?rest_route=\/wp\/v2\/pages\/249\/revisions"}],"predecessor-version":[{"id":3903,"href":"https:\/\/kielinivel.tnk.fi\/index.php?rest_route=\/wp\/v2\/pages\/249\/revisions\/3903"}],"up":[{"embeddable":true,"href":"https:\/\/kielinivel.tnk.fi\/index.php?rest_route=\/wp\/v2\/pages\/233"}],"wp:attachment":[{"href":"https:\/\/kielinivel.tnk.fi\/index.php?rest_route=%2Fwp%2Fv2%2Fmedia&parent=249"}],"curies":[{"name":"wp","href":"https:\/\/api.w.org\/{rel}","templated":true}]}}