{"id":267,"date":"2024-11-25T00:21:23","date_gmt":"2024-11-24T22:21:23","guid":{"rendered":"https:\/\/kielinivel.tnk.fi\/?page_id=267"},"modified":"2025-01-13T22:39:39","modified_gmt":"2025-01-13T20:39:39","slug":"miten-yhteiskuntaoppia-opiskellaan-1","status":"publish","type":"page","link":"https:\/\/kielinivel.tnk.fi\/?page_id=267","title":{"rendered":"Miten yhteiskuntaoppia opiskellaan &#8211; 1"},"content":{"rendered":"\n<figure class=\"wp-block-audio\"><audio controls src=\"https:\/\/kielinivel.tnk.fi\/wp-content\/uploads\/2025\/01\/Suomi_yhteiskuntaoppi_1-2025-01-12-13_58_23.mp3\"><\/audio><\/figure>\n\n\n\n<p>Yhteiskuntaoppi k\u00e4sittelee suomalaisen yhteiskunnan ilmi\u00f6it\u00e4, rakenteita ja toimintaa. Opetettavat k\u00e4sitteet ovat usein laajoja ja <strong>abstrakteja eli k\u00e4sitteellisi\u00e4<\/strong>. K\u00e4sitteellinen asia on sellainen, ett\u00e4 siit\u00e4&nbsp; voi antaa konkreettisia (n\u00e4kyviss\u00e4 olevia) esimerkkej\u00e4 tai ilmenemismuotoja, mutta k\u00e4sitett\u00e4 itse\u00e4\u00e4n ei voi n\u00e4hd\u00e4. T\u00e4llaisia k\u00e4sitteit\u00e4 ovat esimerkiksi <em>demokratia tai<\/em> <em>tasa-arvo<\/em>. Molemmista voi antaa esimerkkej\u00e4, mutta kumpaakaan ei voi n\u00e4hd\u00e4.&nbsp; Esimerkiksi tasa-arvo ilmenee niin, ett\u00e4 miehill\u00e4 ja naisilla on yht\u00e4l\u00e4inen oikeus omaan omaisuuteensa. &nbsp;Tasa-arvosta itsest\u00e4\u00e4n ei voi ottaa valokuvaa.<\/p>\n\n\n\n<p><strong>Lukuteksti<\/strong> on tarkoitettu luettavaksi p\u00e4\u00e4asiassa kotona. Oppitunnilla opettaja selitt\u00e4\u00e4 opetettavan kokonaisuuden keskeiset k\u00e4sitteet ja esimerkit tai ilmenemismuodot. Tunnilla tehd\u00e4\u00e4n teht\u00e4vi\u00e4, jotka auttavat ymm\u00e4rt\u00e4m\u00e4\u00e4n k\u00e4sitteiden sis\u00e4lt\u00f6\u00e4. Kuvat tai graafit antavat lis\u00e4tietoja ja selvent\u00e4v\u00e4t.<\/p>\n\n\n\n<p><\/p>\n\n\n\n<div class=\"wp-block-buttons is-layout-flex wp-block-buttons-is-layout-flex\">\n<div class=\"wp-block-button\"><a class=\"wp-block-button__link wp-element-button\" href=\"https:\/\/kielinivel.tnk.fi\/?page_id=85\"><strong>\u276e\u276e&nbsp;TAKAISIN TEKSTIIN<\/strong><\/a><\/div>\n<\/div>\n\n\n\n<p><\/p>\n","protected":false},"excerpt":{"rendered":"<p>Yhteiskuntaoppi k\u00e4sittelee suomalaisen yhteiskunnan ilmi\u00f6it\u00e4, rakenteita ja toimintaa. Opetettavat k\u00e4sitteet ovat usein laajoja ja abstrakteja eli k\u00e4sitteellisi\u00e4. K\u00e4sitteellinen asia on sellainen, ett\u00e4 siit\u00e4&nbsp; voi antaa konkreettisia (n\u00e4kyviss\u00e4 olevia) esimerkkej\u00e4 tai ilmenemismuotoja, mutta k\u00e4sitett\u00e4 itse\u00e4\u00e4n ei voi n\u00e4hd\u00e4. T\u00e4llaisia k\u00e4sitteit\u00e4 ovat esimerkiksi demokratia tai tasa-arvo. Molemmista voi antaa esimerkkej\u00e4, mutta kumpaakaan ei voi n\u00e4hd\u00e4.&nbsp; Esimerkiksi tasa-arvo [&hellip;]<\/p>\n","protected":false},"author":2,"featured_media":0,"parent":85,"menu_order":1,"comment_status":"closed","ping_status":"closed","template":"","meta":{"footnotes":""},"class_list":["post-267","page","type-page","status-publish","hentry"],"_links":{"self":[{"href":"https:\/\/kielinivel.tnk.fi\/index.php?rest_route=\/wp\/v2\/pages\/267","targetHints":{"allow":["GET"]}}],"collection":[{"href":"https:\/\/kielinivel.tnk.fi\/index.php?rest_route=\/wp\/v2\/pages"}],"about":[{"href":"https:\/\/kielinivel.tnk.fi\/index.php?rest_route=\/wp\/v2\/types\/page"}],"author":[{"embeddable":true,"href":"https:\/\/kielinivel.tnk.fi\/index.php?rest_route=\/wp\/v2\/users\/2"}],"replies":[{"embeddable":true,"href":"https:\/\/kielinivel.tnk.fi\/index.php?rest_route=%2Fwp%2Fv2%2Fcomments&post=267"}],"version-history":[{"count":5,"href":"https:\/\/kielinivel.tnk.fi\/index.php?rest_route=\/wp\/v2\/pages\/267\/revisions"}],"predecessor-version":[{"id":3501,"href":"https:\/\/kielinivel.tnk.fi\/index.php?rest_route=\/wp\/v2\/pages\/267\/revisions\/3501"}],"up":[{"embeddable":true,"href":"https:\/\/kielinivel.tnk.fi\/index.php?rest_route=\/wp\/v2\/pages\/85"}],"wp:attachment":[{"href":"https:\/\/kielinivel.tnk.fi\/index.php?rest_route=%2Fwp%2Fv2%2Fmedia&parent=267"}],"curies":[{"name":"wp","href":"https:\/\/api.w.org\/{rel}","templated":true}]}}