{"id":275,"date":"2024-11-25T00:32:32","date_gmt":"2024-11-24T22:32:32","guid":{"rendered":"https:\/\/kielinivel.tnk.fi\/?page_id=275"},"modified":"2025-01-27T16:30:03","modified_gmt":"2025-01-27T14:30:03","slug":"miten-yhteiskuntaoppia-opiskellaan-2","status":"publish","type":"page","link":"https:\/\/kielinivel.tnk.fi\/?page_id=275","title":{"rendered":"Miten yhteiskuntaoppia opiskellaan &#8211; 2"},"content":{"rendered":"\n<figure class=\"wp-block-audio\"><audio controls src=\"https:\/\/kielinivel.tnk.fi\/wp-content\/uploads\/2025\/01\/Suomi_yhteiskuntaoppi_2-2025-01-12-14_01_27.mp3\"><\/audio><\/figure>\n\n\n\n<p>Teksteiss\u00e4 on runsaasti <strong>k\u00e4sitteiden selityksi\u00e4 <\/strong>tai<strong> m\u00e4\u00e4ritelmi\u00e4<\/strong>. M\u00e4\u00e4ritelm\u00e4 l\u00f6ytyy usein samasta virkkeest\u00e4, jossa k\u00e4sitett\u00e4kin on k\u00e4ytetty, tai sitten viereisest\u00e4 virkkeest\u00e4.<\/p>\n\n\n\n<p>M\u00e4\u00e4ritelm\u00e4n tarkoituksena on selitt\u00e4\u00e4 tarkasti, mik\u00e4 tai millainen jokin asia on ja mihin ryhm\u00e4\u00e4n tai yl\u00e4k\u00e4sitteeseen se kuuluu.M\u00e4\u00e4ritelm\u00e4ss\u00e4 on kolme osaa:<\/p>\n\n\n\n<ul class=\"wp-block-list\">\n<li>m\u00e4\u00e4ritelt\u00e4v\u00e4 k\u00e4site<\/li>\n\n\n\n<li>yl\u00e4k\u00e4site\/ryhm\u00e4&nbsp;<\/li>\n\n\n\n<li>olennainen ominaisuus, joka erottaa m\u00e4\u00e4ritelt\u00e4v\u00e4n k\u00e4sitteen muista k\u00e4sitteist\u00e4. &nbsp;<\/li>\n<\/ul>\n\n\n\n<p>Esimerkiksi <em>kansan\u00e4\u00e4nestys<\/em> m\u00e4\u00e4ritell\u00e4\u00e4n tekstiss\u00e4 <em>\u00e4\u00e4nestykseksi<\/em> (ryhm\u00e4 \/ yl\u00e4k\u00e4site, johon kansan\u00e4\u00e4nestyskin kuuluu) <em>jossa kansalainen saa ilmaista n\u00e4kemyksens\u00e4 asiasta suoraan eik\u00e4 edustajansa kautta<\/em> (olennaisia ominaisuuksia, jotka erottavat kansan\u00e4\u00e4nestyksen muista \u00e4\u00e4nestystavoista).<\/p>\n\n\n\n<p><\/p>\n\n\n\n<div class=\"wp-block-buttons is-layout-flex wp-block-buttons-is-layout-flex\">\n<div class=\"wp-block-button\"><a class=\"wp-block-button__link wp-element-button\" href=\"https:\/\/kielinivel.tnk.fi\/?page_id=85\"><strong>\u276e\u276e&nbsp;TAKAISIN TEKSTIIN<\/strong><\/a><\/div>\n<\/div>\n\n\n\n<p><\/p>\n","protected":false},"excerpt":{"rendered":"<p>Teksteiss\u00e4 on runsaasti k\u00e4sitteiden selityksi\u00e4 tai m\u00e4\u00e4ritelmi\u00e4. M\u00e4\u00e4ritelm\u00e4 l\u00f6ytyy usein samasta virkkeest\u00e4, jossa k\u00e4sitett\u00e4kin on k\u00e4ytetty, tai sitten viereisest\u00e4 virkkeest\u00e4. M\u00e4\u00e4ritelm\u00e4n tarkoituksena on selitt\u00e4\u00e4 tarkasti, mik\u00e4 tai millainen jokin asia on ja mihin ryhm\u00e4\u00e4n tai yl\u00e4k\u00e4sitteeseen se kuuluu.M\u00e4\u00e4ritelm\u00e4ss\u00e4 on kolme osaa: Esimerkiksi kansan\u00e4\u00e4nestys m\u00e4\u00e4ritell\u00e4\u00e4n tekstiss\u00e4 \u00e4\u00e4nestykseksi (ryhm\u00e4 \/ yl\u00e4k\u00e4site, johon kansan\u00e4\u00e4nestyskin kuuluu) jossa kansalainen saa [&hellip;]<\/p>\n","protected":false},"author":2,"featured_media":0,"parent":85,"menu_order":2,"comment_status":"closed","ping_status":"closed","template":"","meta":{"footnotes":""},"class_list":["post-275","page","type-page","status-publish","hentry"],"_links":{"self":[{"href":"https:\/\/kielinivel.tnk.fi\/index.php?rest_route=\/wp\/v2\/pages\/275","targetHints":{"allow":["GET"]}}],"collection":[{"href":"https:\/\/kielinivel.tnk.fi\/index.php?rest_route=\/wp\/v2\/pages"}],"about":[{"href":"https:\/\/kielinivel.tnk.fi\/index.php?rest_route=\/wp\/v2\/types\/page"}],"author":[{"embeddable":true,"href":"https:\/\/kielinivel.tnk.fi\/index.php?rest_route=\/wp\/v2\/users\/2"}],"replies":[{"embeddable":true,"href":"https:\/\/kielinivel.tnk.fi\/index.php?rest_route=%2Fwp%2Fv2%2Fcomments&post=275"}],"version-history":[{"count":5,"href":"https:\/\/kielinivel.tnk.fi\/index.php?rest_route=\/wp\/v2\/pages\/275\/revisions"}],"predecessor-version":[{"id":3841,"href":"https:\/\/kielinivel.tnk.fi\/index.php?rest_route=\/wp\/v2\/pages\/275\/revisions\/3841"}],"up":[{"embeddable":true,"href":"https:\/\/kielinivel.tnk.fi\/index.php?rest_route=\/wp\/v2\/pages\/85"}],"wp:attachment":[{"href":"https:\/\/kielinivel.tnk.fi\/index.php?rest_route=%2Fwp%2Fv2%2Fmedia&parent=275"}],"curies":[{"name":"wp","href":"https:\/\/api.w.org\/{rel}","templated":true}]}}