{"id":277,"date":"2024-11-25T00:33:43","date_gmt":"2024-11-24T22:33:43","guid":{"rendered":"https:\/\/kielinivel.tnk.fi\/?page_id=277"},"modified":"2025-01-13T22:41:13","modified_gmt":"2025-01-13T20:41:13","slug":"niten-yhteiskuntaoppia-opiskellaan-3","status":"publish","type":"page","link":"https:\/\/kielinivel.tnk.fi\/?page_id=277","title":{"rendered":"Miten yhteiskuntaoppia opiskellaan &#8211; 3"},"content":{"rendered":"\n<figure class=\"wp-block-audio\"><audio controls src=\"https:\/\/kielinivel.tnk.fi\/wp-content\/uploads\/2025\/01\/Suomi_yhteiskuntaoppi_3-2025-01-12-14_04_02.mp3\"><\/audio><\/figure>\n\n\n\n<p>Joskus m\u00e4\u00e4ritelm\u00e4t esimerkkeineen muodostavat hyvinkin laajoja <strong>kuvauksia<\/strong>, kuten tekstiss\u00e4 <em>vallan kolmijaon <\/em>kuvaus. Kuvaus voi sis\u00e4lt\u00e4\u00e4 m\u00e4\u00e4ritelm\u00e4n ja esimerkkien lis\u00e4ksi <strong>erilaisia k\u00e4sityksi\u00e4 <\/strong>m\u00e4\u00e4ritelt\u00e4v\u00e4st\u00e4 asiasta tai&nbsp; <strong>seurauksien ja syiden pohdintaa<\/strong>.<\/p>\n\n\n\n<p><\/p>\n\n\n\n<div class=\"wp-block-buttons is-layout-flex wp-block-buttons-is-layout-flex\">\n<div class=\"wp-block-button\"><a class=\"wp-block-button__link wp-element-button\" href=\"https:\/\/kielinivel.tnk.fi\/?page_id=85\"><strong>\u276e\u276e&nbsp;TAKAISIN TEKSTIIN<\/strong><\/a><\/div>\n<\/div>\n\n\n\n<p><\/p>\n","protected":false},"excerpt":{"rendered":"<p>Joskus m\u00e4\u00e4ritelm\u00e4t esimerkkeineen muodostavat hyvinkin laajoja kuvauksia, kuten tekstiss\u00e4 vallan kolmijaon kuvaus. Kuvaus voi sis\u00e4lt\u00e4\u00e4 m\u00e4\u00e4ritelm\u00e4n ja esimerkkien lis\u00e4ksi erilaisia k\u00e4sityksi\u00e4 m\u00e4\u00e4ritelt\u00e4v\u00e4st\u00e4 asiasta tai&nbsp; seurauksien ja syiden pohdintaa.<\/p>\n","protected":false},"author":2,"featured_media":0,"parent":85,"menu_order":3,"comment_status":"closed","ping_status":"closed","template":"","meta":{"footnotes":""},"class_list":["post-277","page","type-page","status-publish","hentry"],"_links":{"self":[{"href":"https:\/\/kielinivel.tnk.fi\/index.php?rest_route=\/wp\/v2\/pages\/277","targetHints":{"allow":["GET"]}}],"collection":[{"href":"https:\/\/kielinivel.tnk.fi\/index.php?rest_route=\/wp\/v2\/pages"}],"about":[{"href":"https:\/\/kielinivel.tnk.fi\/index.php?rest_route=\/wp\/v2\/types\/page"}],"author":[{"embeddable":true,"href":"https:\/\/kielinivel.tnk.fi\/index.php?rest_route=\/wp\/v2\/users\/2"}],"replies":[{"embeddable":true,"href":"https:\/\/kielinivel.tnk.fi\/index.php?rest_route=%2Fwp%2Fv2%2Fcomments&post=277"}],"version-history":[{"count":5,"href":"https:\/\/kielinivel.tnk.fi\/index.php?rest_route=\/wp\/v2\/pages\/277\/revisions"}],"predecessor-version":[{"id":3505,"href":"https:\/\/kielinivel.tnk.fi\/index.php?rest_route=\/wp\/v2\/pages\/277\/revisions\/3505"}],"up":[{"embeddable":true,"href":"https:\/\/kielinivel.tnk.fi\/index.php?rest_route=\/wp\/v2\/pages\/85"}],"wp:attachment":[{"href":"https:\/\/kielinivel.tnk.fi\/index.php?rest_route=%2Fwp%2Fv2%2Fmedia&parent=277"}],"curies":[{"name":"wp","href":"https:\/\/api.w.org\/{rel}","templated":true}]}}