{"id":285,"date":"2024-11-25T00:45:23","date_gmt":"2024-11-24T22:45:23","guid":{"rendered":"https:\/\/kielinivel.tnk.fi\/?page_id=285"},"modified":"2025-01-13T22:41:40","modified_gmt":"2025-01-13T20:41:40","slug":"tehtavia","status":"publish","type":"page","link":"https:\/\/kielinivel.tnk.fi\/?page_id=285","title":{"rendered":"Teht\u00e4vi\u00e4"},"content":{"rendered":"\n<figure class=\"wp-block-audio\"><audio controls src=\"https:\/\/kielinivel.tnk.fi\/wp-content\/uploads\/2025\/01\/Suomi_yhteiskuntaoppi_tehtavat-2025-01-12-15_00_56.mp3\"><\/audio><\/figure>\n\n\n\n<ol class=\"wp-block-list\">\n<li>Etsi tekstist\u00e4 t\u00e4rkeimm\u00e4t k\u00e4sitteet ja niiden m\u00e4\u00e4ritelm\u00e4t.<\/li>\n\n\n\n<li>Miten selitet\u00e4\u00e4n <em>vaalisalaisuus<\/em>?<\/li>\n\n\n\n<li>Millaiset asiat kuuluvat <em>demokratiaan<\/em>?<\/li>\n<\/ol>\n\n\n\n<p><\/p>\n\n\n\n<div class=\"wp-block-buttons is-layout-flex wp-block-buttons-is-layout-flex\">\n<div class=\"wp-block-button\"><a class=\"wp-block-button__link wp-element-button\" href=\"https:\/\/kielinivel.tnk.fi\/?page_id=85\"><strong>\u276e\u276e&nbsp;TAKAISIN TEKSTIIN<\/strong><\/a><\/div>\n<\/div>\n\n\n\n<p><\/p>\n","protected":false},"excerpt":{"rendered":"","protected":false},"author":2,"featured_media":0,"parent":85,"menu_order":11,"comment_status":"closed","ping_status":"closed","template":"","meta":{"footnotes":""},"class_list":["post-285","page","type-page","status-publish","hentry"],"_links":{"self":[{"href":"https:\/\/kielinivel.tnk.fi\/index.php?rest_route=\/wp\/v2\/pages\/285","targetHints":{"allow":["GET"]}}],"collection":[{"href":"https:\/\/kielinivel.tnk.fi\/index.php?rest_route=\/wp\/v2\/pages"}],"about":[{"href":"https:\/\/kielinivel.tnk.fi\/index.php?rest_route=\/wp\/v2\/types\/page"}],"author":[{"embeddable":true,"href":"https:\/\/kielinivel.tnk.fi\/index.php?rest_route=\/wp\/v2\/users\/2"}],"replies":[{"embeddable":true,"href":"https:\/\/kielinivel.tnk.fi\/index.php?rest_route=%2Fwp%2Fv2%2Fcomments&post=285"}],"version-history":[{"count":5,"href":"https:\/\/kielinivel.tnk.fi\/index.php?rest_route=\/wp\/v2\/pages\/285\/revisions"}],"predecessor-version":[{"id":3507,"href":"https:\/\/kielinivel.tnk.fi\/index.php?rest_route=\/wp\/v2\/pages\/285\/revisions\/3507"}],"up":[{"embeddable":true,"href":"https:\/\/kielinivel.tnk.fi\/index.php?rest_route=\/wp\/v2\/pages\/85"}],"wp:attachment":[{"href":"https:\/\/kielinivel.tnk.fi\/index.php?rest_route=%2Fwp%2Fv2%2Fmedia&parent=285"}],"curies":[{"name":"wp","href":"https:\/\/api.w.org\/{rel}","templated":true}]}}