{"id":288,"date":"2024-11-25T00:47:45","date_gmt":"2024-11-24T22:47:45","guid":{"rendered":"https:\/\/kielinivel.tnk.fi\/?page_id=288"},"modified":"2025-01-13T22:42:31","modified_gmt":"2025-01-13T20:42:31","slug":"miten-yhteiskuntaoppia-opiskellaan-kotona","status":"publish","type":"page","link":"https:\/\/kielinivel.tnk.fi\/?page_id=288","title":{"rendered":"Miten yhteiskuntaoppia opiskellaan kotona?"},"content":{"rendered":"\n<figure class=\"wp-block-audio\"><audio controls src=\"https:\/\/kielinivel.tnk.fi\/wp-content\/uploads\/2025\/01\/Suomi_yhteiskuntaoppi_kotona-2025-01-12-14_14_28.mp3\"><\/audio><\/figure>\n\n\n\n<ol class=\"wp-block-list\">\n<li>Tutustu otsikkoon. Mit\u00e4 tied\u00e4t asiasta jo nyt? Millaisia havaintoja tai kokemuksia&nbsp; asiasta sinulla itsell\u00e4si on?<\/li>\n\n\n\n<li>Lue koko teksti. Tee lista kaikista tekstin mainitsemista asioista, joista otsikko muodostuu. N\u00e4in&nbsp; ymm\u00e4rr\u00e4t, mist\u00e4 osista kokonaisuus muodostuu.&nbsp;<\/li>\n\n\n\n<li>Tutki listaasi ja varmista, ett\u00e4 osaat m\u00e4\u00e4ritell\u00e4 k\u00e4sitteet, jotka tekstiss\u00e4 mainitaan.<\/li>\n\n\n\n<li>Kirjaa muistiin sanat tai asiat, joita et ymm\u00e4rr\u00e4. Kysy opettajalta seuraavalla tunnilla.<\/li>\n\n\n\n<li>Tee kotiteht\u00e4v\u00e4t. K\u00e4yt\u00e4 apuna lukuteksti\u00e4, kuvia ja graafeja. Muista kirjoittaa vastauksiin hyv\u00e4\u00e4 yleiskielt\u00e4.<\/li>\n<\/ol>\n\n\n\n<p><\/p>\n\n\n\n<div class=\"wp-block-buttons is-layout-flex wp-block-buttons-is-layout-flex\">\n<div class=\"wp-block-button\"><a class=\"wp-block-button__link wp-element-button\" href=\"https:\/\/kielinivel.tnk.fi\/?page_id=85\"><strong>\u276e\u276e&nbsp;TAKAISIN TEKSTIIN<\/strong><\/a><\/div>\n<\/div>\n\n\n\n<p><\/p>\n","protected":false},"excerpt":{"rendered":"","protected":false},"author":2,"featured_media":0,"parent":85,"menu_order":12,"comment_status":"closed","ping_status":"closed","template":"","meta":{"footnotes":""},"class_list":["post-288","page","type-page","status-publish","hentry"],"_links":{"self":[{"href":"https:\/\/kielinivel.tnk.fi\/index.php?rest_route=\/wp\/v2\/pages\/288","targetHints":{"allow":["GET"]}}],"collection":[{"href":"https:\/\/kielinivel.tnk.fi\/index.php?rest_route=\/wp\/v2\/pages"}],"about":[{"href":"https:\/\/kielinivel.tnk.fi\/index.php?rest_route=\/wp\/v2\/types\/page"}],"author":[{"embeddable":true,"href":"https:\/\/kielinivel.tnk.fi\/index.php?rest_route=\/wp\/v2\/users\/2"}],"replies":[{"embeddable":true,"href":"https:\/\/kielinivel.tnk.fi\/index.php?rest_route=%2Fwp%2Fv2%2Fcomments&post=288"}],"version-history":[{"count":4,"href":"https:\/\/kielinivel.tnk.fi\/index.php?rest_route=\/wp\/v2\/pages\/288\/revisions"}],"predecessor-version":[{"id":3509,"href":"https:\/\/kielinivel.tnk.fi\/index.php?rest_route=\/wp\/v2\/pages\/288\/revisions\/3509"}],"up":[{"embeddable":true,"href":"https:\/\/kielinivel.tnk.fi\/index.php?rest_route=\/wp\/v2\/pages\/85"}],"wp:attachment":[{"href":"https:\/\/kielinivel.tnk.fi\/index.php?rest_route=%2Fwp%2Fv2%2Fmedia&parent=288"}],"curies":[{"name":"wp","href":"https:\/\/api.w.org\/{rel}","templated":true}]}}