{"id":290,"date":"2024-11-25T00:49:01","date_gmt":"2024-11-24T22:49:01","guid":{"rendered":"https:\/\/kielinivel.tnk.fi\/?page_id=290"},"modified":"2025-01-13T22:43:04","modified_gmt":"2025-01-13T20:43:04","slug":"miten-kerrataan-yhteiskuntaopin-kokeisiin","status":"publish","type":"page","link":"https:\/\/kielinivel.tnk.fi\/?page_id=290","title":{"rendered":"Miten kerrataan yhteiskuntaopin kokeisiin?"},"content":{"rendered":"\n<figure class=\"wp-block-audio\"><audio controls src=\"https:\/\/kielinivel.tnk.fi\/wp-content\/uploads\/2025\/01\/Suomi_yhteiskuntaoppi_kokeisiin-2025-01-12-14_16_23.mp3\"><\/audio><\/figure>\n\n\n\n<ol class=\"wp-block-list\">\n<li>Aloita kertaaminen ajoissa. Jaa opiskeltava alue eri p\u00e4iville. Opiskele yksi osa kerrallaan.<\/li>\n\n\n\n<li>Tee muistiinpanoja: ajatuskarttoja, piirroksia, vertailutaulukoita, nuolikuvioita, listoja.<\/li>\n\n\n\n<li>Varmista, ett\u00e4 ymm\u00e4rr\u00e4t, miten eri luvut liittyv\u00e4t toisiinsa. Mitk\u00e4 asiat muodostavat kokonaisuuksia? Mist\u00e4 osista kokonaisuudet muodostuvat?<\/li>\n\n\n\n<li>Harjoittele m\u00e4\u00e4ritelmien kirjoittamista keskeisist\u00e4 k\u00e4sitteist\u00e4.<\/li>\n\n\n\n<li>Tee puuttuvat teht\u00e4v\u00e4t. Kannattaa my\u00f6s tehd\u00e4 niit\u00e4 teht\u00e4vi\u00e4, jotka on tarkistettu tunnilla.<\/li>\n\n\n\n<li>Palauta mieleen, miten koevastaus kirjoitetaan.<\/li>\n<\/ol>\n\n\n\n<p><\/p>\n\n\n\n<div class=\"wp-block-buttons is-layout-flex wp-block-buttons-is-layout-flex\">\n<div class=\"wp-block-button\"><a class=\"wp-block-button__link wp-element-button\" href=\"https:\/\/kielinivel.tnk.fi\/?page_id=85\"><strong>\u276e\u276e&nbsp;TAKAISIN TEKSTIIN<\/strong><\/a><\/div>\n<\/div>\n\n\n\n<p><\/p>\n\n\n\n<p><\/p>\n","protected":false},"excerpt":{"rendered":"","protected":false},"author":2,"featured_media":0,"parent":85,"menu_order":13,"comment_status":"closed","ping_status":"closed","template":"","meta":{"footnotes":""},"class_list":["post-290","page","type-page","status-publish","hentry"],"_links":{"self":[{"href":"https:\/\/kielinivel.tnk.fi\/index.php?rest_route=\/wp\/v2\/pages\/290","targetHints":{"allow":["GET"]}}],"collection":[{"href":"https:\/\/kielinivel.tnk.fi\/index.php?rest_route=\/wp\/v2\/pages"}],"about":[{"href":"https:\/\/kielinivel.tnk.fi\/index.php?rest_route=\/wp\/v2\/types\/page"}],"author":[{"embeddable":true,"href":"https:\/\/kielinivel.tnk.fi\/index.php?rest_route=\/wp\/v2\/users\/2"}],"replies":[{"embeddable":true,"href":"https:\/\/kielinivel.tnk.fi\/index.php?rest_route=%2Fwp%2Fv2%2Fcomments&post=290"}],"version-history":[{"count":5,"href":"https:\/\/kielinivel.tnk.fi\/index.php?rest_route=\/wp\/v2\/pages\/290\/revisions"}],"predecessor-version":[{"id":3511,"href":"https:\/\/kielinivel.tnk.fi\/index.php?rest_route=\/wp\/v2\/pages\/290\/revisions\/3511"}],"up":[{"embeddable":true,"href":"https:\/\/kielinivel.tnk.fi\/index.php?rest_route=\/wp\/v2\/pages\/85"}],"wp:attachment":[{"href":"https:\/\/kielinivel.tnk.fi\/index.php?rest_route=%2Fwp%2Fv2%2Fmedia&parent=290"}],"curies":[{"name":"wp","href":"https:\/\/api.w.org\/{rel}","templated":true}]}}