{"id":348,"date":"2024-11-25T17:25:59","date_gmt":"2024-11-25T15:25:59","guid":{"rendered":"https:\/\/kielinivel.tnk.fi\/?page_id=348"},"modified":"2025-01-19T13:31:57","modified_gmt":"2025-01-19T11:31:57","slug":"si-ta-mesojme-lenden-e-edukates-qytetare-aspekti-social-i-zhvillimit-te-shoqerise-1","status":"publish","type":"page","link":"https:\/\/kielinivel.tnk.fi\/?page_id=348","title":{"rendered":"Si ta m\u00ebsojm\u00eb l\u00ebnd\u00ebn e edukat\u00ebs qytetare-aspekti social i zhvillimit t\u00eb shoq\u00ebris\u00eb &#8211; 1"},"content":{"rendered":"\n<figure class=\"wp-block-audio\"><audio controls src=\"https:\/\/kielinivel.tnk.fi\/wp-content\/uploads\/2025\/01\/Yhteiskuntaoppi_Albania_1.mp3\"><\/audio><\/figure>\n\n\n\n<p>Edukata qytetare merret me dukurit\u00eb, strukturat dhe veprimtarit\u00eb e shoq\u00ebris\u00eb finlandeze. T\u00eb m\u00ebsuarit e k\u00ebsaj l\u00ebnde p\u00ebrfshin\u00eb n\u00eb m\u00ebnyr\u00eb t\u00eb gjer\u00eb &nbsp;\u00e7\u00ebshtje shum\u00eb abstrakte dhe koncepte. K\u00ebto<a> \u00e7\u00ebshtje <\/a>shpjegoh\u00ebn n\u00eb at\u00eb m\u00ebnyr\u00eb, ku merren shembuj konkret egzistues apo n\u00eb form\u00eb dukurie, por konceptet e tilla gjat sqarimit n\u00eb nj\u00ebsi m\u00ebsimore nuk mund\u00eb t\u00eb shihen. K\u00ebso koncepte si psh. demokracia apo barazia. P\u00ebr t\u00eb dyja mund t\u00eb ipen shembuj t\u00eb ndrysh\u00ebm. Barazia psh. shpjegohet, se si t\u00eb drejtat e burrave dhe grave jan\u00eb t\u00eb njejta.<\/p>\n\n\n\n<p>T\u00eb m\u00ebsuarit e tekstit m\u00ebsimor\u00eb n\u00ebnkupton t\u00eb lexohet n\u00eb sht\u00ebpi. Gjat\u00eb or\u00ebs s\u00eb m\u00ebsimit m\u00ebsuesi shpjegon gj\u00ebrat m\u00eb t\u00eb r\u00ebnd\u00ebsishme, ku edhe kryhen detyra t\u00eb ndryshme p\u00ebr t\u00eb kuptuar thelbin e tem\u00ebs m\u00ebsimore.Fotografit\u00eb dhe grafitet mund\u00ebsojn\u00eb dh\u00ebnjen e njohurive t\u00eb reja. <\/p>\n\n\n\n<p><\/p>\n\n\n\n<div class=\"wp-block-buttons is-layout-flex wp-block-buttons-is-layout-flex\">\n<div class=\"wp-block-button\"><a class=\"wp-block-button__link wp-element-button\" href=\"https:\/\/kielinivel.tnk.fi\/?page_id=95\"><strong>\u276e\u276e&nbsp;TAKAISIN TEKSTIIN<\/strong><\/a><\/div>\n<\/div>\n\n\n\n<p><\/p>\n","protected":false},"excerpt":{"rendered":"<p>Edukata qytetare merret me dukurit\u00eb, strukturat dhe veprimtarit\u00eb e shoq\u00ebris\u00eb finlandeze. T\u00eb m\u00ebsuarit e k\u00ebsaj l\u00ebnde p\u00ebrfshin\u00eb n\u00eb m\u00ebnyr\u00eb t\u00eb gjer\u00eb &nbsp;\u00e7\u00ebshtje shum\u00eb abstrakte dhe koncepte. K\u00ebto \u00e7\u00ebshtje shpjegoh\u00ebn n\u00eb at\u00eb m\u00ebnyr\u00eb, ku merren shembuj konkret egzistues apo n\u00eb form\u00eb dukurie, por konceptet e tilla gjat sqarimit n\u00eb nj\u00ebsi m\u00ebsimore nuk mund\u00eb t\u00eb shihen. K\u00ebso [&hellip;]<\/p>\n","protected":false},"author":2,"featured_media":0,"parent":95,"menu_order":1,"comment_status":"closed","ping_status":"closed","template":"","meta":{"footnotes":""},"class_list":["post-348","page","type-page","status-publish","hentry"],"_links":{"self":[{"href":"https:\/\/kielinivel.tnk.fi\/index.php?rest_route=\/wp\/v2\/pages\/348","targetHints":{"allow":["GET"]}}],"collection":[{"href":"https:\/\/kielinivel.tnk.fi\/index.php?rest_route=\/wp\/v2\/pages"}],"about":[{"href":"https:\/\/kielinivel.tnk.fi\/index.php?rest_route=\/wp\/v2\/types\/page"}],"author":[{"embeddable":true,"href":"https:\/\/kielinivel.tnk.fi\/index.php?rest_route=\/wp\/v2\/users\/2"}],"replies":[{"embeddable":true,"href":"https:\/\/kielinivel.tnk.fi\/index.php?rest_route=%2Fwp%2Fv2%2Fcomments&post=348"}],"version-history":[{"count":6,"href":"https:\/\/kielinivel.tnk.fi\/index.php?rest_route=\/wp\/v2\/pages\/348\/revisions"}],"predecessor-version":[{"id":3644,"href":"https:\/\/kielinivel.tnk.fi\/index.php?rest_route=\/wp\/v2\/pages\/348\/revisions\/3644"}],"up":[{"embeddable":true,"href":"https:\/\/kielinivel.tnk.fi\/index.php?rest_route=\/wp\/v2\/pages\/95"}],"wp:attachment":[{"href":"https:\/\/kielinivel.tnk.fi\/index.php?rest_route=%2Fwp%2Fv2%2Fmedia&parent=348"}],"curies":[{"name":"wp","href":"https:\/\/api.w.org\/{rel}","templated":true}]}}