{"id":356,"date":"2024-11-25T17:31:19","date_gmt":"2024-11-25T15:31:19","guid":{"rendered":"https:\/\/kielinivel.tnk.fi\/?page_id=356"},"modified":"2025-01-19T13:35:00","modified_gmt":"2025-01-19T11:35:00","slug":"si-ta-mesojme-lenden-e-edukates-qytetare-aspekti-social-i-zhvillimit-te-shoqerise-3","status":"publish","type":"page","link":"https:\/\/kielinivel.tnk.fi\/?page_id=356","title":{"rendered":"Si ta m\u00ebsojm\u00eb l\u00ebnd\u00ebn e edukat\u00ebs qytetare-aspekti social i zhvillimit t\u00eb shoq\u00ebris\u00eb &#8211; 3"},"content":{"rendered":"\n<figure class=\"wp-block-audio\"><audio controls src=\"https:\/\/kielinivel.tnk.fi\/wp-content\/uploads\/2025\/01\/Yhteiskuntaoppi_Albania_3.mp3\"><\/audio><\/figure>\n\n\n\n<p>Ndonj\u00ebher\u00eb p\u00ebrkufizimet me shembuj formojn\u00eb p\u00ebrshkrime shum\u00eb t\u00eb gj\u00ebra, si\u00e7 \u00ebsht\u00eb p\u00ebrshkrimi i ndarjes s\u00eb trefisht\u00eb t\u00eb pushtetit. Duhet kujdes gjat\u00eb t\u00eb lexuarit t\u00eb tekstit. P\u00ebrve\u00e7 p\u00ebrkufizimit dhe shembujve, p\u00ebrshkrimi mund t\u00eb p\u00ebrmbaj\u00eb kuptime t\u00eb ndryshme t\u00eb <a>\u00e7\u00ebshtje<\/a>s q\u00eb do t\u00eb p\u00ebrkufizohet ose <strong>reflektim mbi pasojat dhe shkaqet.<\/strong><\/p>\n\n\n\n<div class=\"wp-block-buttons is-layout-flex wp-block-buttons-is-layout-flex\">\n<div class=\"wp-block-button\"><a class=\"wp-block-button__link wp-element-button\" href=\"https:\/\/kielinivel.tnk.fi\/?page_id=95\"><strong>\u276e\u276e&nbsp;TAKAISIN TEKSTIIN<\/strong><\/a><\/div>\n<\/div>\n\n\n\n<p><\/p>\n","protected":false},"excerpt":{"rendered":"<p>Ndonj\u00ebher\u00eb p\u00ebrkufizimet me shembuj formojn\u00eb p\u00ebrshkrime shum\u00eb t\u00eb gj\u00ebra, si\u00e7 \u00ebsht\u00eb p\u00ebrshkrimi i ndarjes s\u00eb trefisht\u00eb t\u00eb pushtetit. Duhet kujdes gjat\u00eb t\u00eb lexuarit t\u00eb tekstit. P\u00ebrve\u00e7 p\u00ebrkufizimit dhe shembujve, p\u00ebrshkrimi mund t\u00eb p\u00ebrmbaj\u00eb kuptime t\u00eb ndryshme t\u00eb \u00e7\u00ebshtjes q\u00eb do t\u00eb p\u00ebrkufizohet ose reflektim mbi pasojat dhe shkaqet.<\/p>\n","protected":false},"author":2,"featured_media":0,"parent":95,"menu_order":3,"comment_status":"closed","ping_status":"closed","template":"","meta":{"footnotes":""},"class_list":["post-356","page","type-page","status-publish","hentry"],"_links":{"self":[{"href":"https:\/\/kielinivel.tnk.fi\/index.php?rest_route=\/wp\/v2\/pages\/356","targetHints":{"allow":["GET"]}}],"collection":[{"href":"https:\/\/kielinivel.tnk.fi\/index.php?rest_route=\/wp\/v2\/pages"}],"about":[{"href":"https:\/\/kielinivel.tnk.fi\/index.php?rest_route=\/wp\/v2\/types\/page"}],"author":[{"embeddable":true,"href":"https:\/\/kielinivel.tnk.fi\/index.php?rest_route=\/wp\/v2\/users\/2"}],"replies":[{"embeddable":true,"href":"https:\/\/kielinivel.tnk.fi\/index.php?rest_route=%2Fwp%2Fv2%2Fcomments&post=356"}],"version-history":[{"count":4,"href":"https:\/\/kielinivel.tnk.fi\/index.php?rest_route=\/wp\/v2\/pages\/356\/revisions"}],"predecessor-version":[{"id":3645,"href":"https:\/\/kielinivel.tnk.fi\/index.php?rest_route=\/wp\/v2\/pages\/356\/revisions\/3645"}],"up":[{"embeddable":true,"href":"https:\/\/kielinivel.tnk.fi\/index.php?rest_route=\/wp\/v2\/pages\/95"}],"wp:attachment":[{"href":"https:\/\/kielinivel.tnk.fi\/index.php?rest_route=%2Fwp%2Fv2%2Fmedia&parent=356"}],"curies":[{"name":"wp","href":"https:\/\/api.w.org\/{rel}","templated":true}]}}