{"id":700,"date":"2024-12-04T12:51:30","date_gmt":"2024-12-04T10:51:30","guid":{"rendered":"https:\/\/kielinivel.tnk.fi\/?page_id=700"},"modified":"2025-01-13T19:54:14","modified_gmt":"2025-01-13T17:54:14","slug":"miten-historiaa-opiskellaan-1","status":"publish","type":"page","link":"https:\/\/kielinivel.tnk.fi\/?page_id=700","title":{"rendered":"Miten historian teksti\u00e4 opiskellaan? &#8211; 1"},"content":{"rendered":"\n<figure class=\"wp-block-audio\"><audio controls src=\"https:\/\/kielinivel.tnk.fi\/wp-content\/uploads\/2025\/01\/Suomi_historia_1-2025-01-12-13_20_08.mp3\"><\/audio><\/figure>\n\n\n\n<p><strong>Otsikko<\/strong> kertoo tiivistettyn\u00e4 luvun t\u00e4rkeimm\u00e4n tapahtuman tai ilmi\u00f6n. <strong>V\u00e4liotsikot <\/strong>tiivist\u00e4v\u00e4t p\u00e4\u00e4asian kappaleiden muodostamista kokonaisuuksista. Mieti, mit\u00e4 jo tied\u00e4t asiasta.<\/p>\n\n\n\n<p><\/p>\n\n\n\n<p><\/p>\n\n\n\n<div class=\"wp-block-buttons is-layout-flex wp-block-buttons-is-layout-flex\">\n<div class=\"wp-block-button\"><a class=\"wp-block-button__link wp-element-button\" href=\"https:\/\/kielinivel.tnk.fi\/?page_id=22\"><strong>\u276e\u276e&nbsp;TAKAISIN TEKSTIIN<\/strong><\/a><\/div>\n<\/div>\n\n\n\n<p><\/p>\n","protected":false},"excerpt":{"rendered":"<p>Otsikko kertoo tiivistettyn\u00e4 luvun t\u00e4rkeimm\u00e4n tapahtuman tai ilmi\u00f6n. V\u00e4liotsikot tiivist\u00e4v\u00e4t p\u00e4\u00e4asian kappaleiden muodostamista kokonaisuuksista. Mieti, mit\u00e4 jo tied\u00e4t asiasta.<\/p>\n","protected":false},"author":2,"featured_media":0,"parent":22,"menu_order":1,"comment_status":"closed","ping_status":"closed","template":"","meta":{"footnotes":""},"class_list":["post-700","page","type-page","status-publish","hentry"],"_links":{"self":[{"href":"https:\/\/kielinivel.tnk.fi\/index.php?rest_route=\/wp\/v2\/pages\/700","targetHints":{"allow":["GET"]}}],"collection":[{"href":"https:\/\/kielinivel.tnk.fi\/index.php?rest_route=\/wp\/v2\/pages"}],"about":[{"href":"https:\/\/kielinivel.tnk.fi\/index.php?rest_route=\/wp\/v2\/types\/page"}],"author":[{"embeddable":true,"href":"https:\/\/kielinivel.tnk.fi\/index.php?rest_route=\/wp\/v2\/users\/2"}],"replies":[{"embeddable":true,"href":"https:\/\/kielinivel.tnk.fi\/index.php?rest_route=%2Fwp%2Fv2%2Fcomments&post=700"}],"version-history":[{"count":6,"href":"https:\/\/kielinivel.tnk.fi\/index.php?rest_route=\/wp\/v2\/pages\/700\/revisions"}],"predecessor-version":[{"id":3392,"href":"https:\/\/kielinivel.tnk.fi\/index.php?rest_route=\/wp\/v2\/pages\/700\/revisions\/3392"}],"up":[{"embeddable":true,"href":"https:\/\/kielinivel.tnk.fi\/index.php?rest_route=\/wp\/v2\/pages\/22"}],"wp:attachment":[{"href":"https:\/\/kielinivel.tnk.fi\/index.php?rest_route=%2Fwp%2Fv2%2Fmedia&parent=700"}],"curies":[{"name":"wp","href":"https:\/\/api.w.org\/{rel}","templated":true}]}}