{"id":706,"date":"2024-12-04T12:53:30","date_gmt":"2024-12-04T10:53:30","guid":{"rendered":"https:\/\/kielinivel.tnk.fi\/?page_id=706"},"modified":"2025-01-13T19:56:35","modified_gmt":"2025-01-13T17:56:35","slug":"miten-historiaa-opiskellaan-4","status":"publish","type":"page","link":"https:\/\/kielinivel.tnk.fi\/?page_id=706","title":{"rendered":"Miten historian teksti\u00e4 opiskellaan? &#8211; 4"},"content":{"rendered":"\n<figure class=\"wp-block-audio\"><audio controls src=\"https:\/\/kielinivel.tnk.fi\/wp-content\/uploads\/2025\/01\/Suomi_historia_4-2025-01-12-13_26_00.mp3\"><\/audio><\/figure>\n\n\n\n<p>Historian k\u00e4sitteen voi ymm\u00e4rt\u00e4\u00e4 parhaiten, kun siit\u00e4 laatii itsekin visuaalisen kuvion, esimerkiksi <strong>ajatuskartan, vertailutaulukon, nuolikuvion <\/strong>tai<strong> aikajanan. <\/strong>Kun luet teksti\u00e4, etsi asioiden v\u00e4lisi\u00e4 yhteyksi\u00e4:<\/p>\n\n\n\n<ol class=\"wp-block-list\">\n<li>Mist\u00e4 asioista syntyy <strong>aikaj\u00e4rjestyksess\u00e4 oleva kertomus<\/strong>?<br>Etsi aikailmaukset ja eri vaiheiden ilmaukset:<br><em>ensiksi, toiseksi, sitten, sen j\u00e4lkeen, ennen \u2013 j\u00e4lkeen, seuraavaksi, viimeiseksi, lopuksi<\/em>\n<ul class=\"wp-block-list\">\n<li class=\"has-background-color has-text-color has-link-color wp-elements-ae627b1343a7ad6b5e105ee045f56685\">.<\/li>\n<\/ul>\n<\/li>\n\n\n\n<li>Mik\u00e4 on <a href=\"..\/..\/Lukuvuoden%2012-13%20oppitunnit\/9ckv\/HOW%20TO%20EXPRESS%20A%20CAUSE.docx\"><strong>syy<\/strong><\/a><strong> ja mik\u00e4 on <u>seuraus<\/u><\/strong>?<br><em>siit\u00e4 seurasi, ett\u00e4&#8212;, sen seurauksena&#8212;, siit\u00e4 johtuu&#8212;, sen tulos on&#8212;, siis&#8212;;<\/em><br><em>vaikuttaa, vaikutus; seurata, seuraus; aiheuttaa; aiheutua; edellytys, edellytt\u00e4\u00e4; johtaa; johtua<\/em><br><br>Huomaa, ett\u00e4 verbi muuttaa merkityst\u00e4:&nbsp;<br><em>Sota <u>johtui <\/u>elintarvikepulasta (<\/em>syy<em>). &#8211; Sota <u>johti <\/u>elintarvikepulaan (<\/em>seuraus<em>).<\/em><br><em>Sota<u> aiheutti <\/u>elintarvikepulan (<\/em>syy<em>). \u2013 Sota <u>aiheutui<\/u> elintarvikepulasta (<\/em>seuraus<em>).<\/em>\n<ul class=\"wp-block-list\">\n<li class=\"has-background-color has-text-color has-link-color wp-elements-ae627b1343a7ad6b5e105ee045f56685\">.<\/li>\n<\/ul>\n<\/li>\n\n\n\n<li>Mit\u00e4 asioita <strong>vertaillaan<\/strong>?\n<ul class=\"wp-block-list\">\n<li class=\"has-background-color has-text-color has-link-color wp-elements-ae627b1343a7ad6b5e105ee045f56685\">.<\/li>\n<\/ul>\n<\/li>\n\n\n\n<li>Mit\u00e4 asiaa <strong>perustellaan ja miten<\/strong>?<br><em>siksi, sen vuoksi, sen takia<\/em><\/li>\n<\/ol>\n\n\n\n<p><\/p>\n\n\n\n<div class=\"wp-block-buttons is-layout-flex wp-block-buttons-is-layout-flex\">\n<div class=\"wp-block-button\"><a class=\"wp-block-button__link wp-element-button\" href=\"https:\/\/kielinivel.tnk.fi\/?page_id=22\"><strong>\u276e\u276e&nbsp;TAKAISIN TEKSTIIN<\/strong><\/a><\/div>\n<\/div>\n\n\n\n<p><\/p>\n","protected":false},"excerpt":{"rendered":"<p>Historian k\u00e4sitteen voi ymm\u00e4rt\u00e4\u00e4 parhaiten, kun siit\u00e4 laatii itsekin visuaalisen kuvion, esimerkiksi ajatuskartan, vertailutaulukon, nuolikuvion tai aikajanan. Kun luet teksti\u00e4, etsi asioiden v\u00e4lisi\u00e4 yhteyksi\u00e4:<\/p>\n","protected":false},"author":2,"featured_media":0,"parent":22,"menu_order":4,"comment_status":"closed","ping_status":"closed","template":"","meta":{"footnotes":""},"class_list":["post-706","page","type-page","status-publish","hentry"],"_links":{"self":[{"href":"https:\/\/kielinivel.tnk.fi\/index.php?rest_route=\/wp\/v2\/pages\/706","targetHints":{"allow":["GET"]}}],"collection":[{"href":"https:\/\/kielinivel.tnk.fi\/index.php?rest_route=\/wp\/v2\/pages"}],"about":[{"href":"https:\/\/kielinivel.tnk.fi\/index.php?rest_route=\/wp\/v2\/types\/page"}],"author":[{"embeddable":true,"href":"https:\/\/kielinivel.tnk.fi\/index.php?rest_route=\/wp\/v2\/users\/2"}],"replies":[{"embeddable":true,"href":"https:\/\/kielinivel.tnk.fi\/index.php?rest_route=%2Fwp%2Fv2%2Fcomments&post=706"}],"version-history":[{"count":8,"href":"https:\/\/kielinivel.tnk.fi\/index.php?rest_route=\/wp\/v2\/pages\/706\/revisions"}],"predecessor-version":[{"id":3398,"href":"https:\/\/kielinivel.tnk.fi\/index.php?rest_route=\/wp\/v2\/pages\/706\/revisions\/3398"}],"up":[{"embeddable":true,"href":"https:\/\/kielinivel.tnk.fi\/index.php?rest_route=\/wp\/v2\/pages\/22"}],"wp:attachment":[{"href":"https:\/\/kielinivel.tnk.fi\/index.php?rest_route=%2Fwp%2Fv2%2Fmedia&parent=706"}],"curies":[{"name":"wp","href":"https:\/\/api.w.org\/{rel}","templated":true}]}}