{"id":712,"date":"2024-12-04T12:54:53","date_gmt":"2024-12-04T10:54:53","guid":{"rendered":"https:\/\/kielinivel.tnk.fi\/?page_id=712"},"modified":"2025-01-13T19:58:02","modified_gmt":"2025-01-13T17:58:02","slug":"miten-historiaa-opiskellaan-5","status":"publish","type":"page","link":"https:\/\/kielinivel.tnk.fi\/?page_id=712","title":{"rendered":"Miten historian teksti\u00e4 opiskellaan? &#8211; 5"},"content":{"rendered":"\n<figure class=\"wp-block-audio\"><audio controls src=\"https:\/\/kielinivel.tnk.fi\/wp-content\/uploads\/2025\/01\/Suomi_historia_5-2025-01-12-13_47_09.mp3\"><\/audio><\/figure>\n\n\n\n<p><strong>Graafeilla<\/strong> eli graafisilla esityksill\u00e4,&nbsp; esimerkiksi kartoilla, taulukoilla tai diagrammeilla, <strong>t\u00e4ydennet\u00e4\u00e4n<\/strong> tekstin tietoja.&nbsp; Erota graafeista t\u00e4rkeimm\u00e4t asiat:<\/p>\n\n\n\n<ul class=\"wp-block-list\">\n<li><strong>Mist\u00e4 graafi kertoo<\/strong>? Sanallista graafin aihe itsellesi, esim.&nbsp; \u201dTaulukko kertoo -sta.\u201d<\/li>\n\n\n\n<li>Mihin <strong>kehitys<\/strong> graafissa on menossa?<\/li>\n\n\n\n<li>Etsi \u00e4killiset&nbsp; tai yll\u00e4tt\u00e4v\u00e4t <strong>muutokset<\/strong> kehityksess\u00e4.<\/li>\n\n\n\n<li>Etsi <strong>\u00e4\u00e4rip\u00e4\u00e4<\/strong>t: Suurimmat tai pienimm\u00e4t luvut tai osuudet<\/li>\n\n\n\n<li>Etsi <strong>ryhmien v\u00e4liset erot tai samanlaisuudet<\/strong>.<\/li>\n<\/ul>\n\n\n\n<p><\/p>\n\n\n\n<p><\/p>\n\n\n\n<div class=\"wp-block-buttons is-layout-flex wp-block-buttons-is-layout-flex\">\n<div class=\"wp-block-button\"><a class=\"wp-block-button__link wp-element-button\" href=\"https:\/\/kielinivel.tnk.fi\/?page_id=22\"><strong>\u276e\u276e&nbsp;TAKAISIN TEKSTIIN<\/strong><\/a><\/div>\n<\/div>\n\n\n\n<p><\/p>\n","protected":false},"excerpt":{"rendered":"<p>Graafeilla eli graafisilla esityksill\u00e4,&nbsp; esimerkiksi kartoilla, taulukoilla tai diagrammeilla, t\u00e4ydennet\u00e4\u00e4n tekstin tietoja.&nbsp; Erota graafeista t\u00e4rkeimm\u00e4t asiat:<\/p>\n","protected":false},"author":2,"featured_media":0,"parent":22,"menu_order":5,"comment_status":"closed","ping_status":"closed","template":"","meta":{"footnotes":""},"class_list":["post-712","page","type-page","status-publish","hentry"],"_links":{"self":[{"href":"https:\/\/kielinivel.tnk.fi\/index.php?rest_route=\/wp\/v2\/pages\/712","targetHints":{"allow":["GET"]}}],"collection":[{"href":"https:\/\/kielinivel.tnk.fi\/index.php?rest_route=\/wp\/v2\/pages"}],"about":[{"href":"https:\/\/kielinivel.tnk.fi\/index.php?rest_route=\/wp\/v2\/types\/page"}],"author":[{"embeddable":true,"href":"https:\/\/kielinivel.tnk.fi\/index.php?rest_route=\/wp\/v2\/users\/2"}],"replies":[{"embeddable":true,"href":"https:\/\/kielinivel.tnk.fi\/index.php?rest_route=%2Fwp%2Fv2%2Fcomments&post=712"}],"version-history":[{"count":4,"href":"https:\/\/kielinivel.tnk.fi\/index.php?rest_route=\/wp\/v2\/pages\/712\/revisions"}],"predecessor-version":[{"id":3402,"href":"https:\/\/kielinivel.tnk.fi\/index.php?rest_route=\/wp\/v2\/pages\/712\/revisions\/3402"}],"up":[{"embeddable":true,"href":"https:\/\/kielinivel.tnk.fi\/index.php?rest_route=\/wp\/v2\/pages\/22"}],"wp:attachment":[{"href":"https:\/\/kielinivel.tnk.fi\/index.php?rest_route=%2Fwp%2Fv2%2Fmedia&parent=712"}],"curies":[{"name":"wp","href":"https:\/\/api.w.org\/{rel}","templated":true}]}}