{"id":714,"date":"2024-12-04T12:55:12","date_gmt":"2024-12-04T10:55:12","guid":{"rendered":"https:\/\/kielinivel.tnk.fi\/?page_id=714"},"modified":"2025-01-13T19:57:26","modified_gmt":"2025-01-13T17:57:26","slug":"miten-historiaa-opiskellaan-6","status":"publish","type":"page","link":"https:\/\/kielinivel.tnk.fi\/?page_id=714","title":{"rendered":"Miten historian teksti\u00e4 opiskellaan? &#8211; 6"},"content":{"rendered":"\n<figure class=\"wp-block-audio\"><audio controls src=\"https:\/\/kielinivel.tnk.fi\/wp-content\/uploads\/2025\/01\/Suomi_historia_6-2025-01-12-13_48_18.mp3\"><\/audio><\/figure>\n\n\n\n<p>Historian teksteiss\u00e4 on paljon ilmi\u00f6iden, suuntausten, j\u00e4rjestelmien ja k\u00e4sitteiden abstrakteja nimityksi\u00e4, kuten <em>teollistuminen<\/em> tai <em>teollinen vallankumous<\/em>. N\u00e4it\u00e4 <strong>abstrakteja k\u00e4sitteit\u00e4 havainnollistetaan kuvilla ja esimerkeill\u00e4<\/strong> <strong>yksitt\u00e4isist\u00e4 tilanteista.<\/strong> Lukijan pit\u00e4\u00e4 <strong>p\u00e4\u00e4tell\u00e4 <\/strong>esimerkkien ja kuvien perusteella, millaisia ominaisuuksia ilmi\u00f6ll\u00e4 on.<\/p>\n\n\n\n<p><\/p>\n\n\n\n<div class=\"wp-block-buttons is-layout-flex wp-block-buttons-is-layout-flex\">\n<div class=\"wp-block-button\"><a class=\"wp-block-button__link wp-element-button\" href=\"https:\/\/kielinivel.tnk.fi\/?page_id=22\"><strong>\u276e\u276e&nbsp;TAKAISIN TEKSTIIN<\/strong><\/a><\/div>\n<\/div>\n\n\n\n<p><\/p>\n","protected":false},"excerpt":{"rendered":"<p>Historian teksteiss\u00e4 on paljon ilmi\u00f6iden, suuntausten, j\u00e4rjestelmien ja k\u00e4sitteiden abstrakteja nimityksi\u00e4, kuten teollistuminen tai teollinen vallankumous. N\u00e4it\u00e4 abstrakteja k\u00e4sitteit\u00e4 havainnollistetaan kuvilla ja esimerkeill\u00e4 yksitt\u00e4isist\u00e4 tilanteista. Lukijan pit\u00e4\u00e4 p\u00e4\u00e4tell\u00e4 esimerkkien ja kuvien perusteella, millaisia ominaisuuksia ilmi\u00f6ll\u00e4 on.<\/p>\n","protected":false},"author":2,"featured_media":0,"parent":22,"menu_order":6,"comment_status":"closed","ping_status":"closed","template":"","meta":{"footnotes":""},"class_list":["post-714","page","type-page","status-publish","hentry"],"_links":{"self":[{"href":"https:\/\/kielinivel.tnk.fi\/index.php?rest_route=\/wp\/v2\/pages\/714","targetHints":{"allow":["GET"]}}],"collection":[{"href":"https:\/\/kielinivel.tnk.fi\/index.php?rest_route=\/wp\/v2\/pages"}],"about":[{"href":"https:\/\/kielinivel.tnk.fi\/index.php?rest_route=\/wp\/v2\/types\/page"}],"author":[{"embeddable":true,"href":"https:\/\/kielinivel.tnk.fi\/index.php?rest_route=\/wp\/v2\/users\/2"}],"replies":[{"embeddable":true,"href":"https:\/\/kielinivel.tnk.fi\/index.php?rest_route=%2Fwp%2Fv2%2Fcomments&post=714"}],"version-history":[{"count":5,"href":"https:\/\/kielinivel.tnk.fi\/index.php?rest_route=\/wp\/v2\/pages\/714\/revisions"}],"predecessor-version":[{"id":3400,"href":"https:\/\/kielinivel.tnk.fi\/index.php?rest_route=\/wp\/v2\/pages\/714\/revisions\/3400"}],"up":[{"embeddable":true,"href":"https:\/\/kielinivel.tnk.fi\/index.php?rest_route=\/wp\/v2\/pages\/22"}],"wp:attachment":[{"href":"https:\/\/kielinivel.tnk.fi\/index.php?rest_route=%2Fwp%2Fv2%2Fmedia&parent=714"}],"curies":[{"name":"wp","href":"https:\/\/api.w.org\/{rel}","templated":true}]}}