{"id":74,"date":"2024-11-22T16:37:32","date_gmt":"2024-11-22T14:37:32","guid":{"rendered":"https:\/\/kielinivel.tnk.fi\/?page_id=74"},"modified":"2025-01-27T22:58:03","modified_gmt":"2025-01-27T20:58:03","slug":"albania","status":"publish","type":"page","link":"https:\/\/kielinivel.tnk.fi\/?page_id=74","title":{"rendered":"albania &#8211; opiskeluohjeet albaniaksi"},"content":{"rendered":"\n<p class=\"has-text-align-center has-x-large-font-size\">HISTORIA<\/p>\n\n\n\n<hr class=\"wp-block-separator has-alpha-channel-opacity is-style-wide\"\/>\n\n\n\n<p class=\"has-text-align-center has-large-font-size\"><strong>Teollinen vallankumous muuttaa maailmaa<\/strong> <strong><a href=\"https:\/\/kielinivel.tnk.fi\/?page_id=941\" data-type=\"page\" data-id=\"941\"><img loading=\"lazy\" decoding=\"async\" width=\"90\" height=\"20\" class=\"wp-image-409\" style=\"\" src=\"https:\/\/kielinivel.tnk.fi\/wp-content\/uploads\/2024\/11\/LUE-OHJE-75pix.png\" alt=\"LUE OHJE\"><\/a> <\/strong><\/p>\n\n\n\n<p><strong>Teollinen vallankumous alkoi Englannista 1700-luvun lopulla. Teollistuminen muutti ihmisten el\u00e4m\u00e4\u00e4 sen jokaisella osa-alueella. Koneet korvasivat k\u00e4sity\u00f6n ja ohjasivat ihmiset t\u00f6ihin tehtaisiin. Tehtaiden ymp\u00e4rille rakentuneet teollisuuskaupungit vetiv\u00e4t puoleensa uusia asukkaita ja maaseudun rauhallinen el\u00e4m\u00e4ntyyli vaihtui kaupunkien vilskeeseen. Teollistuminen johti tuottavuuden kasvuun. Moni k\u00e4sity\u00f6l\u00e4inen menetti ty\u00f6ns\u00e4, kun koneet tekiv\u00e4t saman ty\u00f6n tehokkaammin ja halvemmilla kustannuksilla. Teollistuminen johti my\u00f6s ymp\u00e4rist\u00f6n saastumiseen, kun tehtaiden savupiiput tupruttivat savua ja nokea kaupunkilaisten p\u00e4\u00e4lle. <a href=\"https:\/\/kielinivel.tnk.fi\/?page_id=944\" data-type=\"page\" data-id=\"944\"><img loading=\"lazy\" decoding=\"async\" width=\"90\" height=\"20\" class=\"wp-image-409\" style=\"\" src=\"https:\/\/kielinivel.tnk.fi\/wp-content\/uploads\/2024\/11\/LUE-OHJE-75pix.png\" alt=\"\"><\/a><\/strong><\/p>\n\n\n\n<figure class=\"wp-block-image alignleft size-medium\"><img loading=\"lazy\" decoding=\"async\" width=\"300\" height=\"192\" src=\"https:\/\/kielinivel.tnk.fi\/wp-content\/uploads\/2024\/11\/Lancashire-300x192.jpg\" alt=\"Kuva, joka sis\u00e4lt\u00e4\u00e4 kohteen piha-, puu, talo, luonnos\n\nKuvaus luotu automaattisesti\" class=\"wp-image-532\" srcset=\"https:\/\/kielinivel.tnk.fi\/wp-content\/uploads\/2024\/11\/Lancashire-300x192.jpg 300w, https:\/\/kielinivel.tnk.fi\/wp-content\/uploads\/2024\/11\/Lancashire-768x493.jpg 768w, https:\/\/kielinivel.tnk.fi\/wp-content\/uploads\/2024\/11\/Lancashire.jpg 837w\" sizes=\"auto, (max-width: 300px) 100vw, 300px\" \/><figcaption class=\"wp-element-caption\">K<strong>uva 1: Lancashiren kaupunki 1800-luvulla<\/strong><\/figcaption><\/figure>\n\n\n\n<p><\/p>\n\n\n\n<p><strong>K\u00e4sity\u00f6n tilalle tulevat koneet<\/strong><\/p>\n\n\n\n<p>1700-luvun loppua kohden Euroopassa alkoi kehityskulku, joka tuli muuttamaan koko maailmaa. Ison-Britannian siirtomaat eri puolilla maailmaa olivat rikastuttaneet englantilaisia kauppiaita. Siirtomaista saatiin halvalla raaka-aineita kuten puuvillaa, joka on englantilaisen tekstiilialan keskeisin raaka-aine. Tekstiilituotanto olikin ensimm\u00e4inen teollistunut tuotannon ala, sill\u00e4 ensimm\u00e4iset koneet kehitettiin juuri tekstiilituotantoon. Langan kehr\u00e4\u00e4minen nopeutui kun vuonna 1765 otettiin k\u00e4ytt\u00f6\u00f6n Kehruu-Jenny -niminen kone. &nbsp;T\u00e4m\u00e4 kone kehr\u00e4si lankaa kahdeksan k\u00e4sity\u00f6l\u00e4isen edest\u00e4. My\u00f6s kutomakoneet, joilla langasta tehtiin kangasta, alkoivat kehitty\u00e4 ja tekstiilituotanto kasvoi 1700-luvun viimeisin\u00e4 vuosikymmenin\u00e4 hurjaa vauhtia.<\/p>\n\n\n\n<p><strong>Englanti teollistuu ensimm\u00e4isen\u00e4 <strong><a href=\"https:\/\/kielinivel.tnk.fi\/?page_id=946\" data-type=\"page\" data-id=\"946\"><img loading=\"lazy\" decoding=\"async\" width=\"90\" height=\"20\" class=\"wp-image-409\" style=\"\" src=\"https:\/\/kielinivel.tnk.fi\/wp-content\/uploads\/2024\/11\/LUE-OHJE-75pix.png\" alt=\"LUE OHJE\"><\/a><\/strong><\/strong><\/p>\n\n\n\n<figure class=\"wp-block-image alignright size-full\"><img loading=\"lazy\" decoding=\"async\" width=\"223\" height=\"176\" src=\"https:\/\/kielinivel.tnk.fi\/wp-content\/uploads\/2024\/11\/Kehruu-Jenny.jpg\" alt=\"James Hargreaves' Spinning-Jenny. | Published by the Scienti\u2026 | Flickr\" class=\"wp-image-533\"\/><figcaption class=\"wp-element-caption\"><strong>Kuva 2: Kehruu-Jenny oli James Hargreavesin keksint\u00f6<\/strong><\/figcaption><\/figure>\n\n\n\n<p><img decoding=\"async\" src=\"\" alt=\"\" style=\"\">Iso-Britannia, tarkemmin sanottuna Englanti, oli maailman ensimm\u00e4isen\u00e4 teollistunut maa. Raaka-aineiden helppo saatavuus oli yksi syy teollistumisen alkamiselle. Paitsi siirtomaiden halvat raaka-aineet, my\u00f6s brittien omat raaka-aineet, kuten hiili, nopeuttivat tuotannon koneistumista. Koneet piti kuitenkin ensin keksi\u00e4. Englantilaiset porvarit olivat valmiita sijoittamaan uusiin keksint\u00f6ihin lis\u00e4t\u00e4kseen tuotantonsa tehokkuutta ja saadakseen suurempia voittoja. Englannissa oli tarjolla my\u00f6s runsaasti ty\u00f6voimaa, sill\u00e4 maan v\u00e4est\u00f6 kasvoi voimakkaasti 1800-luvun alkuun tultaessa.<\/p>\n\n\n\n<p><\/p>\n\n\n\n<p><strong>Teollistuminen muuttaa ihmisten el\u00e4m\u00e4\u00e4 <strong><a href=\"https:\/\/kielinivel.tnk.fi\/?page_id=948\" data-type=\"page\" data-id=\"948\"><img loading=\"lazy\" decoding=\"async\" width=\"90\" height=\"20\" class=\"wp-image-409\" style=\"\" src=\"https:\/\/kielinivel.tnk.fi\/wp-content\/uploads\/2024\/11\/LUE-OHJE-75pix.png\" alt=\"LUE OHJE\"><\/a><\/strong><\/strong><\/p>\n\n\n\n<p>Teollisen vallankumouksen alkamiselle Englannissa oli siis monia edellytyksi\u00e4. Teollisen vallankumouksen vaikutukset olivat my\u00f6s moninaisia. Kun tehdastuotanto oli tehokasta, tehtaat omistavat porvarit kykeniv\u00e4t lis\u00e4\u00e4m\u00e4\u00e4n tekem\u00e4\u00e4ns\u00e4 liikevoittoa. Tehokas tuotanto hy\u00f6dytti my\u00f6s monia tavallisia ihmisi\u00e4, sill\u00e4 tehdastuotteiden hinnat olivat usein k\u00e4sity\u00f6ll\u00e4 tehtyj\u00e4 tuotteita halvempia.<\/p>\n\n\n\n<p>Teollistuminen kuitenkin huolestutti monia tavallisia ihmisi\u00e4. Suuri osa englantilaisista oli ennen teollistumista asunut maaseudulla ja tehnyt t\u00f6it\u00e4 jo maanviljelyksess\u00e4 tai perinteisess\u00e4 k\u00e4sity\u00f6ammatissa. K\u00e4sity\u00f6l\u00e4isten ammattitaidolle ei en\u00e4\u00e4 ollut kysynt\u00e4\u00e4, kun tehtaat tuottivat samankaltaisia tuotteita tehokkaammin. Jotkut k\u00e4sity\u00f6l\u00e4iset yrittiv\u00e4t hidastaa koneiden vallankumousta murtautumalla tehtaisiin ja rikkomalla koneita.<\/p>\n\n\n\n<p>Teollistumisesta seurasi my\u00f6s toinen merkitt\u00e4v\u00e4\u00e4n muutos tavallisten englantilaisten el\u00e4m\u00e4ss\u00e4. Kun maaseudun k\u00e4sity\u00f6l\u00e4iset menettiv\u00e4t elantonsa, moni heist\u00e4 joutui muuttamaan ty\u00f6n per\u00e4ss\u00e4 tehtaiden l\u00e4hist\u00f6lle. Tehdaskaupungit alkoivat rakentua tehtaiden ymp\u00e4rille. Aluksi tehtaidenomistajat rakensivat asuntoja ty\u00f6ntekij\u00f6illeen aivan tehtaiden l\u00e4heisyyteen. Pian kaupunkeihin muuttajia oli kuitenkin niin paljon, ettei asuntoja ehditty rakentaa samassa tahdissa. Tehdasty\u00f6l\u00e4iset p\u00e4\u00e4ttyiv\u00e4t usein asumaan ahtaisin ja likaisiin slummeihin. \u00a0<strong><a href=\"https:\/\/kielinivel.tnk.fi\/?page_id=952\" data-type=\"page\" data-id=\"952\"><img loading=\"lazy\" decoding=\"async\" width=\"90\" height=\"20\" class=\"wp-image-409\" style=\"\" src=\"https:\/\/kielinivel.tnk.fi\/wp-content\/uploads\/2024\/11\/LUE-OHJE-75pix.png\" alt=\"LUE OHJE\"><\/a><\/strong><\/p>\n\n\n\n<p><strong>Taulukko 1: Joiden Ison-Britannian kaupunkien asukaslukuja 1750 \u2013 1851<\/strong> <strong><a href=\"https:\/\/kielinivel.tnk.fi\/?page_id=950\" data-type=\"page\" data-id=\"950\"><img loading=\"lazy\" decoding=\"async\" width=\"90\" height=\"20\" class=\"wp-image-409\" style=\"\" src=\"https:\/\/kielinivel.tnk.fi\/wp-content\/uploads\/2024\/11\/LUE-OHJE-75pix.png\" alt=\"LUE OHJE\"><\/a><\/strong><\/p>\n\n\n\n<figure class=\"wp-block-table\"><table class=\"has-fixed-layout\"><tbody><tr><td><strong>&nbsp;<\/strong><\/td><td><strong>1750<\/strong><\/td><td><strong>1801<\/strong><\/td><td><strong>1851<\/strong><\/td><\/tr><tr><td><strong>Liverpool<\/strong><\/td><td>35 000<\/td><td>82 000<\/td><td>376 000<\/td><\/tr><tr><td><strong>Birmingham<\/strong><\/td><td>30 000<\/td><td>71 000<\/td><td>233 000<\/td><\/tr><tr><td><strong>Manchester<\/strong><\/td><td>45 000<\/td><td>75 000<\/td><td>303 000<\/td><\/tr><tr><td><strong>Leeds<\/strong><\/td><td>14 000<\/td><td>53 000<\/td><td>172 000<\/td><\/tr><tr><td><strong>London<\/strong><\/td><td>675 000<\/td><td>957 000<\/td><td>2&nbsp;362 000<\/td><\/tr><\/tbody><\/table><\/figure>\n\n\n\n<p>Koneiden voittokulku johti my\u00f6s ymp\u00e4rist\u00f6saasteiden lis\u00e4\u00e4ntymiseen. 1800-luvulle tultaessa h\u00f6yrykone oli koneiden merkitt\u00e4vin energial\u00e4hde. H\u00f6yrykoneessa poltetiin hiilt\u00e4, ja kaupunkien ilma muuttui mustaksi noesta ja savusta. Saastunut ilma aiheutti merkitt\u00e4vi\u00e4 terveysongelmia monille kaupunkien asukkaille. Kaupunkien ilmanlaatua yritettiin parantaa muun muassa rakentamalla tehtaisiin korkeampia savupiippuja, jotka levitt\u00e4isiv\u00e4t ilmansaasteet laajemmalle alueelle ja kauemmas kaupungeista.<\/p>\n\n\n\n<p class=\"has-small-font-size\"><strong>Kuval\u00e4hteet:<\/strong><\/p>\n\n\n\n<p class=\"has-small-font-size\">kuva1: <a href=\"https:\/\/commons.wikimedia.org\/wiki\/File:Industrialisation;_19th_c._town_in_Lancashire_Wellcome_M0003212.jpg\">https:\/\/commons.wikimedia.org\/wiki\/File:Industrialisation;_19th_c._town_in_Lancashire_Wellcome_M0003212.jpg<\/a><\/p>\n\n\n\n<p class=\"has-small-font-size\">kuva 2: <a href=\"https:\/\/www.flickr.com\/photos\/rossendalewadey\/12590802454\">https:\/\/www.flickr.com\/photos\/rossendalewadey\/12590802454<\/a><\/p>\n\n\n\n<p><\/p>\n\n\n\n<p><\/p>\n\n\n\n<hr class=\"wp-block-separator has-alpha-channel-opacity is-style-wide\"\/>\n\n\n\n<p class=\"has-text-align-center has-medium-font-size\"><\/p>\n\n\n\n<div class=\"wp-block-buttons is-content-justification-center is-layout-flex wp-container-core-buttons-is-layout-a89b3969 wp-block-buttons-is-layout-flex\">\n<div class=\"wp-block-button is-style-fill\"><a class=\"wp-block-button__link has-background has-text-align-center wp-element-button\" href=\"https:\/\/kielinivel.tnk.fi\/?page_id=954\" style=\"background-color:#007a4d\"><strong>TEHT\u00c4VI\u00c4<\/strong><\/a><\/div>\n\n\n\n<div class=\"wp-block-button is-style-fill\"><a class=\"wp-block-button__link has-background has-text-align-center wp-element-button\" href=\"https:\/\/kielinivel.tnk.fi\/?page_id=956\" style=\"background-color:#007a4d\"><strong>KOTONA<\/strong><\/a><\/div>\n\n\n\n<div class=\"wp-block-button\"><a class=\"wp-block-button__link has-background has-text-align-center wp-element-button\" href=\"https:\/\/kielinivel.tnk.fi\/?page_id=958\" style=\"background-color:#007a4d\"><strong>KOKEISIIN<\/strong><\/a><\/div>\n<\/div>\n\n\n\n<figure class=\"wp-block-audio\"><audio controls src=\"https:\/\/kielinivel.tnk.fi\/wp-content\/uploads\/2025\/01\/HIstoria_Albania_loppu.mp3\"><\/audio><\/figure>\n\n\n\n<hr class=\"wp-block-separator has-alpha-channel-opacity is-style-wide\"\/>\n\n\n\n<p class=\"has-text-align-center\"><a href=\"https:\/\/kielinivel.tnk.fi\/?page_id=74\" data-type=\"page\" data-id=\"74\">albania<\/a>&nbsp;\u23aa&nbsp;<a href=\"https:\/\/kielinivel.tnk.fi\/?page_id=72\" data-type=\"page\" data-id=\"72\">arabia<\/a>&nbsp;\u23aa<a href=\"https:\/\/kielinivel.tnk.fi\/?page_id=78\" data-type=\"page\" data-id=\"78\">englanti<\/a>\u23aa<a href=\"https:\/\/kielinivel.tnk.fi\/?page_id=70\" data-type=\"page\" data-id=\"70\">kurdi<\/a>\u23aa<a href=\"https:\/\/kielinivel.tnk.fi\/?page_id=68\" data-type=\"page\" data-id=\"68\">persia<\/a>\u23aa<a href=\"https:\/\/kielinivel.tnk.fi\/?page_id=80\" data-type=\"page\" data-id=\"80\">somali<\/a>\u23aa<a href=\"https:\/\/kielinivel.tnk.fi\/?page_id=22\" data-type=\"page\" data-id=\"22\">suomi<\/a>&nbsp;\u23aa<a href=\"https:\/\/kielinivel.tnk.fi\/?page_id=76\" data-type=\"page\" data-id=\"76\">ven\u00e4j\u00e4<\/a><\/p>\n\n\n\n<p><\/p>\n","protected":false},"excerpt":{"rendered":"<p>HISTORIA Teollinen vallankumous muuttaa maailmaa Teollinen vallankumous alkoi Englannista 1700-luvun lopulla. Teollistuminen muutti ihmisten el\u00e4m\u00e4\u00e4 sen jokaisella osa-alueella. Koneet korvasivat k\u00e4sity\u00f6n ja ohjasivat ihmiset t\u00f6ihin tehtaisiin. Tehtaiden ymp\u00e4rille rakentuneet teollisuuskaupungit vetiv\u00e4t puoleensa uusia asukkaita ja maaseudun rauhallinen el\u00e4m\u00e4ntyyli vaihtui kaupunkien vilskeeseen. Teollistuminen johti tuottavuuden kasvuun. Moni k\u00e4sity\u00f6l\u00e4inen menetti ty\u00f6ns\u00e4, kun koneet tekiv\u00e4t saman ty\u00f6n tehokkaammin [&hellip;]<\/p>\n","protected":false},"author":2,"featured_media":0,"parent":48,"menu_order":0,"comment_status":"closed","ping_status":"closed","template":"","meta":{"footnotes":""},"class_list":["post-74","page","type-page","status-publish","hentry"],"_links":{"self":[{"href":"https:\/\/kielinivel.tnk.fi\/index.php?rest_route=\/wp\/v2\/pages\/74","targetHints":{"allow":["GET"]}}],"collection":[{"href":"https:\/\/kielinivel.tnk.fi\/index.php?rest_route=\/wp\/v2\/pages"}],"about":[{"href":"https:\/\/kielinivel.tnk.fi\/index.php?rest_route=\/wp\/v2\/types\/page"}],"author":[{"embeddable":true,"href":"https:\/\/kielinivel.tnk.fi\/index.php?rest_route=\/wp\/v2\/users\/2"}],"replies":[{"embeddable":true,"href":"https:\/\/kielinivel.tnk.fi\/index.php?rest_route=%2Fwp%2Fv2%2Fcomments&post=74"}],"version-history":[{"count":11,"href":"https:\/\/kielinivel.tnk.fi\/index.php?rest_route=\/wp\/v2\/pages\/74\/revisions"}],"predecessor-version":[{"id":3853,"href":"https:\/\/kielinivel.tnk.fi\/index.php?rest_route=\/wp\/v2\/pages\/74\/revisions\/3853"}],"up":[{"embeddable":true,"href":"https:\/\/kielinivel.tnk.fi\/index.php?rest_route=\/wp\/v2\/pages\/48"}],"wp:attachment":[{"href":"https:\/\/kielinivel.tnk.fi\/index.php?rest_route=%2Fwp%2Fv2%2Fmedia&parent=74"}],"curies":[{"name":"wp","href":"https:\/\/api.w.org\/{rel}","templated":true}]}}