{"id":746,"date":"2024-12-04T14:45:29","date_gmt":"2024-12-04T12:45:29","guid":{"rendered":"https:\/\/kielinivel.tnk.fi\/?page_id=746"},"modified":"2025-01-13T19:58:58","modified_gmt":"2025-01-13T17:58:58","slug":"tehtavia","status":"publish","type":"page","link":"https:\/\/kielinivel.tnk.fi\/?page_id=746","title":{"rendered":"Teht\u00e4vi\u00e4"},"content":{"rendered":"\n<figure class=\"wp-block-audio\"><audio controls src=\"https:\/\/kielinivel.tnk.fi\/wp-content\/uploads\/2025\/01\/Suomi_historia_tehtavat-2025-01-12-14_58_29.mp3\"><\/audio><\/figure>\n\n\n\n<ol class=\"wp-block-list\">\n<li>Mik\u00e4 k\u00e4site tekstiss\u00e4 toistuu? &nbsp;<\/li>\n\n\n\n<li>Mitk\u00e4 ovat tekstin p\u00e4\u00e4asiat (kolme asiaa)? Miten ne l\u00f6ysit?<\/li>\n\n\n\n<li>Tutustu Teollistuminen muuttaa ihmisten el\u00e4m\u00e4\u00e4 -osaan ja piirr\u00e4 siit\u00e4 kuvio, joka&nbsp; esittelee tekstinosassa k\u00e4sitellyt teollistumisen syyt ja seuraukset. Mitk\u00e4 seuraukset olivat my\u00f6nteisi\u00e4, mitk\u00e4 kielteisi\u00e4 tavallisen ihmisen kannalta? Merkitse + \/ -.<\/li>\n\n\n\n<li>Mit\u00e4 olennaisia lis\u00e4tietoja teollistumisesta taulukko 1 antaa?<\/li>\n\n\n\n<li>Miten tekstin kuvat liittyv\u00e4t teollistumiseen?<\/li>\n\n\n\n<li>Mit\u00e4 p\u00e4\u00e4telmi\u00e4 voit tekstin, taulukon ja kuvien perusteella tehd\u00e4 teollistumisesta?<br><\/li>\n<\/ol>\n\n\n\n<p><\/p>\n\n\n\n<div class=\"wp-block-buttons is-layout-flex wp-block-buttons-is-layout-flex\">\n<div class=\"wp-block-button\"><a class=\"wp-block-button__link wp-element-button\" href=\"https:\/\/kielinivel.tnk.fi\/?page_id=22\"><strong>\u276e\u276e&nbsp;TAKAISIN TEKSTIIN<\/strong><\/a><\/div>\n<\/div>\n\n\n\n<p><\/p>\n","protected":false},"excerpt":{"rendered":"","protected":false},"author":2,"featured_media":0,"parent":22,"menu_order":11,"comment_status":"closed","ping_status":"closed","template":"","meta":{"footnotes":""},"class_list":["post-746","page","type-page","status-publish","hentry"],"_links":{"self":[{"href":"https:\/\/kielinivel.tnk.fi\/index.php?rest_route=\/wp\/v2\/pages\/746","targetHints":{"allow":["GET"]}}],"collection":[{"href":"https:\/\/kielinivel.tnk.fi\/index.php?rest_route=\/wp\/v2\/pages"}],"about":[{"href":"https:\/\/kielinivel.tnk.fi\/index.php?rest_route=\/wp\/v2\/types\/page"}],"author":[{"embeddable":true,"href":"https:\/\/kielinivel.tnk.fi\/index.php?rest_route=\/wp\/v2\/users\/2"}],"replies":[{"embeddable":true,"href":"https:\/\/kielinivel.tnk.fi\/index.php?rest_route=%2Fwp%2Fv2%2Fcomments&post=746"}],"version-history":[{"count":3,"href":"https:\/\/kielinivel.tnk.fi\/index.php?rest_route=\/wp\/v2\/pages\/746\/revisions"}],"predecessor-version":[{"id":3404,"href":"https:\/\/kielinivel.tnk.fi\/index.php?rest_route=\/wp\/v2\/pages\/746\/revisions\/3404"}],"up":[{"embeddable":true,"href":"https:\/\/kielinivel.tnk.fi\/index.php?rest_route=\/wp\/v2\/pages\/22"}],"wp:attachment":[{"href":"https:\/\/kielinivel.tnk.fi\/index.php?rest_route=%2Fwp%2Fv2%2Fmedia&parent=746"}],"curies":[{"name":"wp","href":"https:\/\/api.w.org\/{rel}","templated":true}]}}