{"id":751,"date":"2024-12-04T14:51:01","date_gmt":"2024-12-04T12:51:01","guid":{"rendered":"https:\/\/kielinivel.tnk.fi\/?page_id=751"},"modified":"2025-01-13T19:59:24","modified_gmt":"2025-01-13T17:59:24","slug":"miten-historiaa-opiskellaan-kotona","status":"publish","type":"page","link":"https:\/\/kielinivel.tnk.fi\/?page_id=751","title":{"rendered":"Miten historiaa opiskellaan kotona?"},"content":{"rendered":"\n<figure class=\"wp-block-audio\"><audio controls src=\"https:\/\/kielinivel.tnk.fi\/wp-content\/uploads\/2025\/01\/Suomi_historia_kotona-2025-01-12-13_52_09.mp3\"><\/audio><\/figure>\n\n\n\n<ol class=\"wp-block-list\">\n<li>Lue tekstin otsikko ja v\u00e4liotsikot.&nbsp; Tutki kuvat ja graafit. Muistele n\u00e4iden avulla, mit\u00e4 tunnilla kerrottiin opittavasta asiasta.<\/li>\n\n\n\n<li>Etsi t\u00e4rkeimm\u00e4t uudet k\u00e4sitteet&nbsp; ja varmista, ett\u00e4 osaat selitt\u00e4\u00e4 ne omin sanoin.&nbsp; Etsi esimerkit k\u00e4sitteist\u00e4.<\/li>\n\n\n\n<li>Mieti, millaisen kokonaisuuden k\u00e4sitteet muodostavat. Miten ne liittyv\u00e4t toisiinsa? Mik\u00e4 on laajin asia, millaisia osia sill\u00e4 on?<\/li>\n\n\n\n<li>Lue koko teksti. Piirr\u00e4 kuvio, kaavio, taulukoi.<\/li>\n\n\n\n<li>Merkitse sanat ja asiat, joita et ymm\u00e4rr\u00e4. Kysy opettajalta n\u00e4ist\u00e4 seuraavalla tunnilla.<\/li>\n<\/ol>\n\n\n\n<p><\/p>\n\n\n\n<div class=\"wp-block-buttons is-layout-flex wp-block-buttons-is-layout-flex\">\n<div class=\"wp-block-button\"><a class=\"wp-block-button__link wp-element-button\" href=\"https:\/\/kielinivel.tnk.fi\/?page_id=22\"><strong>\u276e\u276e&nbsp;TAKAISIN TEKSTIIN<\/strong><\/a><\/div>\n<\/div>\n\n\n\n<p><\/p>\n","protected":false},"excerpt":{"rendered":"","protected":false},"author":2,"featured_media":0,"parent":22,"menu_order":12,"comment_status":"closed","ping_status":"closed","template":"","meta":{"footnotes":""},"class_list":["post-751","page","type-page","status-publish","hentry"],"_links":{"self":[{"href":"https:\/\/kielinivel.tnk.fi\/index.php?rest_route=\/wp\/v2\/pages\/751","targetHints":{"allow":["GET"]}}],"collection":[{"href":"https:\/\/kielinivel.tnk.fi\/index.php?rest_route=\/wp\/v2\/pages"}],"about":[{"href":"https:\/\/kielinivel.tnk.fi\/index.php?rest_route=\/wp\/v2\/types\/page"}],"author":[{"embeddable":true,"href":"https:\/\/kielinivel.tnk.fi\/index.php?rest_route=\/wp\/v2\/users\/2"}],"replies":[{"embeddable":true,"href":"https:\/\/kielinivel.tnk.fi\/index.php?rest_route=%2Fwp%2Fv2%2Fcomments&post=751"}],"version-history":[{"count":2,"href":"https:\/\/kielinivel.tnk.fi\/index.php?rest_route=\/wp\/v2\/pages\/751\/revisions"}],"predecessor-version":[{"id":3406,"href":"https:\/\/kielinivel.tnk.fi\/index.php?rest_route=\/wp\/v2\/pages\/751\/revisions\/3406"}],"up":[{"embeddable":true,"href":"https:\/\/kielinivel.tnk.fi\/index.php?rest_route=\/wp\/v2\/pages\/22"}],"wp:attachment":[{"href":"https:\/\/kielinivel.tnk.fi\/index.php?rest_route=%2Fwp%2Fv2%2Fmedia&parent=751"}],"curies":[{"name":"wp","href":"https:\/\/api.w.org\/{rel}","templated":true}]}}