{"id":760,"date":"2024-12-05T10:07:12","date_gmt":"2024-12-05T08:07:12","guid":{"rendered":"https:\/\/kielinivel.tnk.fi\/?page_id=760"},"modified":"2025-01-14T22:21:15","modified_gmt":"2025-01-14T20:21:15","slug":"miten-kemian-teksteja-opiskellaan-2","status":"publish","type":"page","link":"https:\/\/kielinivel.tnk.fi\/?page_id=760","title":{"rendered":"Miten kemian tekstej\u00e4 opiskellaan? &#8211; 2"},"content":{"rendered":"\n<figure class=\"wp-block-audio\"><audio controls src=\"https:\/\/kielinivel.tnk.fi\/wp-content\/uploads\/2025\/01\/Suomi_kemia_2-2025-01-12-14_20_00.mp3\"><\/audio><\/figure>\n\n\n\n<p>Teksteiss\u00e4 puhutaan paljon my\u00f6s <strong>aineiden ominaisuuksista<\/strong>. Se tarkoittaa, ett\u00e4 kerrotaan, millaisia aineet ja materiaalit ovat. Olet tottunut kertomaan adjektiiveilla, millainen jokin on. Esimerkiksi kuiva puu on <em>kevytt\u00e4 ja hajutonta <\/em>(adjektiiveja). <strong>Kemian teksteiss\u00e4 ominaisuuksia kuvaillaan adjektiivien lis\u00e4ksi my\u00f6s substantiiveilla <\/strong>(ominaisuuksien nimityksill\u00e4): kuivan puun ominaisuudet ovat <em>keveys, hajuttomuus ja helppo syttyvyys <\/em>(substantiiveja). My\u00f6s ilmi\u00f6it\u00e4 kuvaillaan substantiiveilla: <em>sulaminen, haihtuminen<\/em>.<\/p>\n\n\n\n<div class=\"wp-block-buttons is-layout-flex wp-block-buttons-is-layout-flex\">\n<div class=\"wp-block-button\"><a class=\"wp-block-button__link wp-element-button\" href=\"https:\/\/kielinivel.tnk.fi\/?page_id=130\"><strong>\u276e\u276e&nbsp;TAKAISIN TEKSTIIN<\/strong><\/a><\/div>\n<\/div>\n\n\n\n<p><\/p>\n","protected":false},"excerpt":{"rendered":"<p>Teksteiss\u00e4 puhutaan paljon my\u00f6s aineiden ominaisuuksista. Se tarkoittaa, ett\u00e4 kerrotaan, millaisia aineet ja materiaalit ovat. Olet tottunut kertomaan adjektiiveilla, millainen jokin on. Esimerkiksi kuiva puu on kevytt\u00e4 ja hajutonta (adjektiiveja). Kemian teksteiss\u00e4 ominaisuuksia kuvaillaan adjektiivien lis\u00e4ksi my\u00f6s substantiiveilla (ominaisuuksien nimityksill\u00e4): kuivan puun ominaisuudet ovat keveys, hajuttomuus ja helppo syttyvyys (substantiiveja). My\u00f6s ilmi\u00f6it\u00e4 kuvaillaan substantiiveilla: sulaminen, [&hellip;]<\/p>\n","protected":false},"author":2,"featured_media":0,"parent":130,"menu_order":2,"comment_status":"closed","ping_status":"closed","template":"","meta":{"footnotes":""},"class_list":["post-760","page","type-page","status-publish","hentry"],"_links":{"self":[{"href":"https:\/\/kielinivel.tnk.fi\/index.php?rest_route=\/wp\/v2\/pages\/760","targetHints":{"allow":["GET"]}}],"collection":[{"href":"https:\/\/kielinivel.tnk.fi\/index.php?rest_route=\/wp\/v2\/pages"}],"about":[{"href":"https:\/\/kielinivel.tnk.fi\/index.php?rest_route=\/wp\/v2\/types\/page"}],"author":[{"embeddable":true,"href":"https:\/\/kielinivel.tnk.fi\/index.php?rest_route=\/wp\/v2\/users\/2"}],"replies":[{"embeddable":true,"href":"https:\/\/kielinivel.tnk.fi\/index.php?rest_route=%2Fwp%2Fv2%2Fcomments&post=760"}],"version-history":[{"count":3,"href":"https:\/\/kielinivel.tnk.fi\/index.php?rest_route=\/wp\/v2\/pages\/760\/revisions"}],"predecessor-version":[{"id":3584,"href":"https:\/\/kielinivel.tnk.fi\/index.php?rest_route=\/wp\/v2\/pages\/760\/revisions\/3584"}],"up":[{"embeddable":true,"href":"https:\/\/kielinivel.tnk.fi\/index.php?rest_route=\/wp\/v2\/pages\/130"}],"wp:attachment":[{"href":"https:\/\/kielinivel.tnk.fi\/index.php?rest_route=%2Fwp%2Fv2%2Fmedia&parent=760"}],"curies":[{"name":"wp","href":"https:\/\/api.w.org\/{rel}","templated":true}]}}