{"id":764,"date":"2024-12-05T10:08:50","date_gmt":"2024-12-05T08:08:50","guid":{"rendered":"https:\/\/kielinivel.tnk.fi\/?page_id=764"},"modified":"2025-01-14T22:22:35","modified_gmt":"2025-01-14T20:22:35","slug":"miten-kemian-teksteja-opiskellaan-4","status":"publish","type":"page","link":"https:\/\/kielinivel.tnk.fi\/?page_id=764","title":{"rendered":"Miten kemian tekstej\u00e4 opiskellaan? &#8211; 4"},"content":{"rendered":"\n<figure class=\"wp-block-audio\"><audio controls src=\"https:\/\/kielinivel.tnk.fi\/wp-content\/uploads\/2025\/01\/Suomi_kemia_4-2025-01-12-14_22_15.mp3\"><\/audio><\/figure>\n\n\n\n<p>Tekstit sis\u00e4lt\u00e4v\u00e4t<strong> m\u00e4\u00e4ritelmi\u00e4<\/strong>. T\u00e4rke\u00e4 k\u00e4site <strong>lihavoidaan<\/strong>, ja sen m\u00e4\u00e4ritelm\u00e4 l\u00f6ytyy useimmiten samasta tai viereisest\u00e4 lauseesta. Kemiassa ja fysiikassa arkisella sanalla on <strong>oma, tarkasti m\u00e4\u00e4ritelty merkitys, joka poikkeaa arkimerkityksest\u00e4. <\/strong>&nbsp;Arjessa esimerkiksi <em>vesi<\/em> tarkoittaa pesu-, juoma- tai uimavett\u00e4. Kemiassa <em>vesi<\/em> (H2O) on aine, joka muodostuu vedyst\u00e4 ja hapesta. Pelk\u00e4ll\u00e4 yleistiedolla ei siis p\u00e4rj\u00e4\u00e4 vaan kemian ja fysiikan m\u00e4\u00e4ritelm\u00e4t on opeteltava.<\/p>\n\n\n\n<p><\/p>\n\n\n\n<div class=\"wp-block-buttons is-layout-flex wp-block-buttons-is-layout-flex\">\n<div class=\"wp-block-button\"><a class=\"wp-block-button__link wp-element-button\" href=\"https:\/\/kielinivel.tnk.fi\/?page_id=130\"><strong>\u276e\u276e&nbsp;TAKAISIN TEKSTIIN<\/strong><\/a><\/div>\n<\/div>\n\n\n\n<p><\/p>\n","protected":false},"excerpt":{"rendered":"<p>Tekstit sis\u00e4lt\u00e4v\u00e4t m\u00e4\u00e4ritelmi\u00e4. T\u00e4rke\u00e4 k\u00e4site lihavoidaan, ja sen m\u00e4\u00e4ritelm\u00e4 l\u00f6ytyy useimmiten samasta tai viereisest\u00e4 lauseesta. Kemiassa ja fysiikassa arkisella sanalla on oma, tarkasti m\u00e4\u00e4ritelty merkitys, joka poikkeaa arkimerkityksest\u00e4. &nbsp;Arjessa esimerkiksi vesi tarkoittaa pesu-, juoma- tai uimavett\u00e4. Kemiassa vesi (H2O) on aine, joka muodostuu vedyst\u00e4 ja hapesta. Pelk\u00e4ll\u00e4 yleistiedolla ei siis p\u00e4rj\u00e4\u00e4 vaan kemian ja fysiikan [&hellip;]<\/p>\n","protected":false},"author":2,"featured_media":0,"parent":130,"menu_order":4,"comment_status":"closed","ping_status":"closed","template":"","meta":{"footnotes":""},"class_list":["post-764","page","type-page","status-publish","hentry"],"_links":{"self":[{"href":"https:\/\/kielinivel.tnk.fi\/index.php?rest_route=\/wp\/v2\/pages\/764","targetHints":{"allow":["GET"]}}],"collection":[{"href":"https:\/\/kielinivel.tnk.fi\/index.php?rest_route=\/wp\/v2\/pages"}],"about":[{"href":"https:\/\/kielinivel.tnk.fi\/index.php?rest_route=\/wp\/v2\/types\/page"}],"author":[{"embeddable":true,"href":"https:\/\/kielinivel.tnk.fi\/index.php?rest_route=\/wp\/v2\/users\/2"}],"replies":[{"embeddable":true,"href":"https:\/\/kielinivel.tnk.fi\/index.php?rest_route=%2Fwp%2Fv2%2Fcomments&post=764"}],"version-history":[{"count":3,"href":"https:\/\/kielinivel.tnk.fi\/index.php?rest_route=\/wp\/v2\/pages\/764\/revisions"}],"predecessor-version":[{"id":3588,"href":"https:\/\/kielinivel.tnk.fi\/index.php?rest_route=\/wp\/v2\/pages\/764\/revisions\/3588"}],"up":[{"embeddable":true,"href":"https:\/\/kielinivel.tnk.fi\/index.php?rest_route=\/wp\/v2\/pages\/130"}],"wp:attachment":[{"href":"https:\/\/kielinivel.tnk.fi\/index.php?rest_route=%2Fwp%2Fv2%2Fmedia&parent=764"}],"curies":[{"name":"wp","href":"https:\/\/api.w.org\/{rel}","templated":true}]}}