{"id":766,"date":"2024-12-05T10:09:23","date_gmt":"2024-12-05T08:09:23","guid":{"rendered":"https:\/\/kielinivel.tnk.fi\/?page_id=766"},"modified":"2025-01-14T22:23:17","modified_gmt":"2025-01-14T20:23:17","slug":"miten-kemian-teksteja-opiskellaan-5","status":"publish","type":"page","link":"https:\/\/kielinivel.tnk.fi\/?page_id=766","title":{"rendered":"Miten kemian tekstej\u00e4 opiskellaan? &#8211; 5"},"content":{"rendered":"\n<figure class=\"wp-block-audio\"><audio controls src=\"https:\/\/kielinivel.tnk.fi\/wp-content\/uploads\/2025\/01\/Suomi_kemia_5-2025-01-12-14_23_33.mp3\"><\/audio><\/figure>\n\n\n\n<p>Kemian opetuksessa on t\u00e4rke\u00e4\u00e4, ett\u00e4 oppilas osaa tehd\u00e4 itse havaintoja ymp\u00e4rist\u00f6st\u00e4\u00e4n.&nbsp; Siksi tekstien teht\u00e4v\u00e4t kehottavat<strong> tutkimaan <\/strong>tai <strong>pohtimaan<\/strong>. Oppiminen aloitetaan usein juuri arkip\u00e4iv\u00e4n ilmi\u00f6iden ihmettelyst\u00e4. Siihen pystyy jokainen oppilas! Havaintoja voi tehd\u00e4 my\u00f6s tekstin <strong>valokuvista.<\/strong><\/p>\n\n\n\n<p><\/p>\n\n\n\n<div class=\"wp-block-buttons is-layout-flex wp-block-buttons-is-layout-flex\">\n<div class=\"wp-block-button\"><a class=\"wp-block-button__link wp-element-button\" href=\"https:\/\/kielinivel.tnk.fi\/?page_id=130\"><strong>\u276e\u276e&nbsp;TAKAISIN TEKSTIIN<\/strong><\/a><\/div>\n<\/div>\n\n\n\n<p><\/p>\n","protected":false},"excerpt":{"rendered":"<p>Kemian opetuksessa on t\u00e4rke\u00e4\u00e4, ett\u00e4 oppilas osaa tehd\u00e4 itse havaintoja ymp\u00e4rist\u00f6st\u00e4\u00e4n.&nbsp; Siksi tekstien teht\u00e4v\u00e4t kehottavat tutkimaan tai pohtimaan. Oppiminen aloitetaan usein juuri arkip\u00e4iv\u00e4n ilmi\u00f6iden ihmettelyst\u00e4. Siihen pystyy jokainen oppilas! Havaintoja voi tehd\u00e4 my\u00f6s tekstin valokuvista.<\/p>\n","protected":false},"author":2,"featured_media":0,"parent":130,"menu_order":5,"comment_status":"closed","ping_status":"closed","template":"","meta":{"footnotes":""},"class_list":["post-766","page","type-page","status-publish","hentry"],"_links":{"self":[{"href":"https:\/\/kielinivel.tnk.fi\/index.php?rest_route=\/wp\/v2\/pages\/766","targetHints":{"allow":["GET"]}}],"collection":[{"href":"https:\/\/kielinivel.tnk.fi\/index.php?rest_route=\/wp\/v2\/pages"}],"about":[{"href":"https:\/\/kielinivel.tnk.fi\/index.php?rest_route=\/wp\/v2\/types\/page"}],"author":[{"embeddable":true,"href":"https:\/\/kielinivel.tnk.fi\/index.php?rest_route=\/wp\/v2\/users\/2"}],"replies":[{"embeddable":true,"href":"https:\/\/kielinivel.tnk.fi\/index.php?rest_route=%2Fwp%2Fv2%2Fcomments&post=766"}],"version-history":[{"count":3,"href":"https:\/\/kielinivel.tnk.fi\/index.php?rest_route=\/wp\/v2\/pages\/766\/revisions"}],"predecessor-version":[{"id":3590,"href":"https:\/\/kielinivel.tnk.fi\/index.php?rest_route=\/wp\/v2\/pages\/766\/revisions\/3590"}],"up":[{"embeddable":true,"href":"https:\/\/kielinivel.tnk.fi\/index.php?rest_route=\/wp\/v2\/pages\/130"}],"wp:attachment":[{"href":"https:\/\/kielinivel.tnk.fi\/index.php?rest_route=%2Fwp%2Fv2%2Fmedia&parent=766"}],"curies":[{"name":"wp","href":"https:\/\/api.w.org\/{rel}","templated":true}]}}