{"id":768,"date":"2024-12-05T10:09:51","date_gmt":"2024-12-05T08:09:51","guid":{"rendered":"https:\/\/kielinivel.tnk.fi\/?page_id=768"},"modified":"2025-01-14T22:25:07","modified_gmt":"2025-01-14T20:25:07","slug":"miten-kemian-teksteja-opiskellaan-6","status":"publish","type":"page","link":"https:\/\/kielinivel.tnk.fi\/?page_id=768","title":{"rendered":"Miten kemian tekstej\u00e4 opiskellaan? &#8211; 6"},"content":{"rendered":"\n<figure class=\"wp-block-audio\"><audio controls src=\"https:\/\/kielinivel.tnk.fi\/wp-content\/uploads\/2025\/01\/Suomi_kemia_6-2025-01-12-14_25_08.mp3\"><\/audio><\/figure>\n\n\n\n<p>Aineita ja ilmi\u00f6it\u00e4 voidaan <strong>luokitella ja j\u00e4rjestell\u00e4<\/strong> eri ominaisuuksien perusteella. N\u00e4m\u00e4 tiedot esitet\u00e4\u00e4n <strong>taulukkoina<\/strong>. Taulukko sis\u00e4lt\u00e4\u00e4 runsaasti tietoa tiiviiss\u00e4 muodossa.&nbsp; Kun taulukon tietoja selostetaan, luvuista ja muista yksitt\u00e4isist\u00e4 tiedoista muodostetaan kokonaisia lauseita, jotta asia voidaan ymm\u00e4rt\u00e4\u00e4. Esimerkiksi: <em>Veden kiehumispiste on 100 Celsius-astetta ja j\u00e4\u00e4n sulamispiste on 0 Celsius-astetta<\/em>. Taulukon faktojen perusteella voidaan tehd\u00e4 my\u00f6s <strong>p\u00e4\u00e4telmi\u00e4<\/strong>. Taulukoista kannattaa p\u00e4\u00e4telmi\u00e4 varten etsi\u00e4 pienimpi\u00e4 tai suurimpia lukuja, yhteisi\u00e4 ominaisuuksia, vastakohtaisuuksia tai poikkeuksia.<\/p>\n\n\n\n<p><\/p>\n\n\n\n<div class=\"wp-block-buttons is-layout-flex wp-block-buttons-is-layout-flex\">\n<div class=\"wp-block-button\"><a class=\"wp-block-button__link wp-element-button\" href=\"https:\/\/kielinivel.tnk.fi\/?page_id=130\"><strong>\u276e\u276e&nbsp;TAKAISIN TEKSTIIN<\/strong><\/a><\/div>\n<\/div>\n\n\n\n<p><\/p>\n","protected":false},"excerpt":{"rendered":"<p>Aineita ja ilmi\u00f6it\u00e4 voidaan luokitella ja j\u00e4rjestell\u00e4 eri ominaisuuksien perusteella. N\u00e4m\u00e4 tiedot esitet\u00e4\u00e4n taulukkoina. Taulukko sis\u00e4lt\u00e4\u00e4 runsaasti tietoa tiiviiss\u00e4 muodossa.&nbsp; Kun taulukon tietoja selostetaan, luvuista ja muista yksitt\u00e4isist\u00e4 tiedoista muodostetaan kokonaisia lauseita, jotta asia voidaan ymm\u00e4rt\u00e4\u00e4. Esimerkiksi: Veden kiehumispiste on 100 Celsius-astetta ja j\u00e4\u00e4n sulamispiste on 0 Celsius-astetta. Taulukon faktojen perusteella voidaan tehd\u00e4 my\u00f6s p\u00e4\u00e4telmi\u00e4. [&hellip;]<\/p>\n","protected":false},"author":2,"featured_media":0,"parent":130,"menu_order":6,"comment_status":"closed","ping_status":"closed","template":"","meta":{"footnotes":""},"class_list":["post-768","page","type-page","status-publish","hentry"],"_links":{"self":[{"href":"https:\/\/kielinivel.tnk.fi\/index.php?rest_route=\/wp\/v2\/pages\/768","targetHints":{"allow":["GET"]}}],"collection":[{"href":"https:\/\/kielinivel.tnk.fi\/index.php?rest_route=\/wp\/v2\/pages"}],"about":[{"href":"https:\/\/kielinivel.tnk.fi\/index.php?rest_route=\/wp\/v2\/types\/page"}],"author":[{"embeddable":true,"href":"https:\/\/kielinivel.tnk.fi\/index.php?rest_route=\/wp\/v2\/users\/2"}],"replies":[{"embeddable":true,"href":"https:\/\/kielinivel.tnk.fi\/index.php?rest_route=%2Fwp%2Fv2%2Fcomments&post=768"}],"version-history":[{"count":3,"href":"https:\/\/kielinivel.tnk.fi\/index.php?rest_route=\/wp\/v2\/pages\/768\/revisions"}],"predecessor-version":[{"id":3594,"href":"https:\/\/kielinivel.tnk.fi\/index.php?rest_route=\/wp\/v2\/pages\/768\/revisions\/3594"}],"up":[{"embeddable":true,"href":"https:\/\/kielinivel.tnk.fi\/index.php?rest_route=\/wp\/v2\/pages\/130"}],"wp:attachment":[{"href":"https:\/\/kielinivel.tnk.fi\/index.php?rest_route=%2Fwp%2Fv2%2Fmedia&parent=768"}],"curies":[{"name":"wp","href":"https:\/\/api.w.org\/{rel}","templated":true}]}}