{"id":770,"date":"2024-12-05T10:10:18","date_gmt":"2024-12-05T08:10:18","guid":{"rendered":"https:\/\/kielinivel.tnk.fi\/?page_id=770"},"modified":"2025-01-14T22:23:54","modified_gmt":"2025-01-14T20:23:54","slug":"miten-kemian-teksteja-opiskellaan-7","status":"publish","type":"page","link":"https:\/\/kielinivel.tnk.fi\/?page_id=770","title":{"rendered":"Miten kemian tekstej\u00e4 opiskellaan? &#8211; 7"},"content":{"rendered":"\n<figure class=\"wp-block-audio\"><audio controls src=\"https:\/\/kielinivel.tnk.fi\/wp-content\/uploads\/2025\/01\/Suomi_kemia_7-2025-01-12-14_27_49.mp3\"><\/audio><\/figure>\n\n\n\n<p>Kemian teksteiss\u00e4 reaktioita ja vaikutussuhteita havainnollistetaan usein <strong>kaavioilla tai kuvilla<\/strong>. Nuolet kuvaavat vaikutuksen suuntaa. Kaavioita on helpoin ymm\u00e4rt\u00e4\u00e4, jos kaavion tai kuvan tapahtumat selostaa itselleen kokonaisilla lauseilla eli <strong>sanallistaa<\/strong>. Ilmi\u00f6iden substantiivinimitykset (<em>h\u00f6yrystyminen, sulaminen, sublimoituminen)<\/em> voi silloin muuttaa verbeiksi: <em>h\u00f6yrystyy, sulaa, sublimoituu<\/em>. Miten sanallistat tekstin kaavion?<\/p>\n\n\n\n<p>Kun aineita sekoitetaan, reaktioita voidaan kuvata my\u00f6s <strong>reaktioyht\u00e4l\u00f6ill\u00e4<\/strong>. Nekin kannattaa sanallistaa itselleen.<\/p>\n\n\n\n<p class=\"has-text-color has-link-color wp-elements-47163cf8792a9552e8d6e43426054a50\" style=\"color:#0063a1\">Esimerkiksi reaktioyht\u00e4l\u00f6ll\u00e4<\/p>\n\n\n\n<figure class=\"wp-block-image aligncenter size-full\"><img loading=\"lazy\" decoding=\"async\" width=\"161\" height=\"32\" src=\"https:\/\/kielinivel.tnk.fi\/wp-content\/uploads\/2024\/12\/Reaktioyhtalo.png\" alt=\"Reaktioyht\u00e4l\u00f6\" class=\"wp-image-792\"\/><\/figure>\n\n\n\n<p class=\"has-text-color has-link-color wp-elements-36be181fabcc91ba649000617d5d6ed2\" style=\"color:#0063a1\">voidaan kuvata magnesiumin palamista. Reaktioyht\u00e4l\u00f6n vasemmalla puolella on l\u00e4ht\u00f6aineet (magnesium ja happi) ja oikealla puolella reaktiotuotteet (magnesiumoksidi). Reaktioyht\u00e4l\u00f6iss\u00e4 k\u00e4ytet\u00e4\u00e4n alkuaineiden kemiallisia merkkej\u00e4, joten ne on t\u00e4rke\u00e4\u00e4 osata. Reaktiossa atomien lukum\u00e4\u00e4r\u00e4 pysyy aina samana. Reaktioyht\u00e4l\u00f6it\u00e4 voidaan havainnollistaa my\u00f6s piirrettyjen mallien avulla.<\/p>\n\n\n\n<figure class=\"wp-block-image aligncenter size-full\"><img loading=\"lazy\" decoding=\"async\" width=\"351\" height=\"100\" src=\"https:\/\/kielinivel.tnk.fi\/wp-content\/uploads\/2024\/12\/Reaktioyhtalon-piirretty-malli.png\" alt=\"Reaktioyht\u00e4l\u00f6n piirretty malli\" class=\"wp-image-794\" srcset=\"https:\/\/kielinivel.tnk.fi\/wp-content\/uploads\/2024\/12\/Reaktioyhtalon-piirretty-malli.png 351w, https:\/\/kielinivel.tnk.fi\/wp-content\/uploads\/2024\/12\/Reaktioyhtalon-piirretty-malli-300x85.png 300w\" sizes=\"auto, (max-width: 351px) 100vw, 351px\" \/><\/figure>\n\n\n\n<p><\/p>\n\n\n\n<p><\/p>\n\n\n\n<div class=\"wp-block-buttons is-layout-flex wp-block-buttons-is-layout-flex\">\n<div class=\"wp-block-button\"><a class=\"wp-block-button__link wp-element-button\" href=\"https:\/\/kielinivel.tnk.fi\/?page_id=130\"><strong>\u276e\u276e&nbsp;TAKAISIN TEKSTIIN<\/strong><\/a><\/div>\n<\/div>\n\n\n\n<p><\/p>\n","protected":false},"excerpt":{"rendered":"<p>Kemian teksteiss\u00e4 reaktioita ja vaikutussuhteita havainnollistetaan usein kaavioilla tai kuvilla. Nuolet kuvaavat vaikutuksen suuntaa. Kaavioita on helpoin ymm\u00e4rt\u00e4\u00e4, jos kaavion tai kuvan tapahtumat selostaa itselleen kokonaisilla lauseilla eli sanallistaa. Ilmi\u00f6iden substantiivinimitykset (h\u00f6yrystyminen, sulaminen, sublimoituminen) voi silloin muuttaa verbeiksi: h\u00f6yrystyy, sulaa, sublimoituu. Miten sanallistat tekstin kaavion? Kun aineita sekoitetaan, reaktioita voidaan kuvata my\u00f6s reaktioyht\u00e4l\u00f6ill\u00e4. Nekin kannattaa [&hellip;]<\/p>\n","protected":false},"author":2,"featured_media":0,"parent":130,"menu_order":7,"comment_status":"closed","ping_status":"closed","template":"","meta":{"footnotes":""},"class_list":["post-770","page","type-page","status-publish","hentry"],"_links":{"self":[{"href":"https:\/\/kielinivel.tnk.fi\/index.php?rest_route=\/wp\/v2\/pages\/770","targetHints":{"allow":["GET"]}}],"collection":[{"href":"https:\/\/kielinivel.tnk.fi\/index.php?rest_route=\/wp\/v2\/pages"}],"about":[{"href":"https:\/\/kielinivel.tnk.fi\/index.php?rest_route=\/wp\/v2\/types\/page"}],"author":[{"embeddable":true,"href":"https:\/\/kielinivel.tnk.fi\/index.php?rest_route=\/wp\/v2\/users\/2"}],"replies":[{"embeddable":true,"href":"https:\/\/kielinivel.tnk.fi\/index.php?rest_route=%2Fwp%2Fv2%2Fcomments&post=770"}],"version-history":[{"count":5,"href":"https:\/\/kielinivel.tnk.fi\/index.php?rest_route=\/wp\/v2\/pages\/770\/revisions"}],"predecessor-version":[{"id":3592,"href":"https:\/\/kielinivel.tnk.fi\/index.php?rest_route=\/wp\/v2\/pages\/770\/revisions\/3592"}],"up":[{"embeddable":true,"href":"https:\/\/kielinivel.tnk.fi\/index.php?rest_route=\/wp\/v2\/pages\/130"}],"wp:attachment":[{"href":"https:\/\/kielinivel.tnk.fi\/index.php?rest_route=%2Fwp%2Fv2%2Fmedia&parent=770"}],"curies":[{"name":"wp","href":"https:\/\/api.w.org\/{rel}","templated":true}]}}