{"id":772,"date":"2024-12-05T10:11:40","date_gmt":"2024-12-05T08:11:40","guid":{"rendered":"https:\/\/kielinivel.tnk.fi\/?page_id=772"},"modified":"2025-01-14T22:25:58","modified_gmt":"2025-01-14T20:25:58","slug":"tehtavia","status":"publish","type":"page","link":"https:\/\/kielinivel.tnk.fi\/?page_id=772","title":{"rendered":"Teht\u00e4vi\u00e4"},"content":{"rendered":"\n<figure class=\"wp-block-audio\"><audio controls src=\"https:\/\/kielinivel.tnk.fi\/wp-content\/uploads\/2025\/01\/Suomi_kemia_tehtavat-2025-01-12-14_28_56.mp3\"><\/audio><\/figure>\n\n\n\n<ol class=\"wp-block-list\">\n<li>Mit\u00e4 aineiden tai ilmi\u00f6iden ominaisuuksia l\u00f6yd\u00e4t tekstist\u00e4?<\/li>\n\n\n\n<li>Mit\u00e4 materiaaleja ja aineita l\u00f6yd\u00e4t tekstist\u00e4?<\/li>\n\n\n\n<li>Millaisia ilmi\u00f6it\u00e4 kuvaavia substantiiveja l\u00f6yd\u00e4t tekstist\u00e4?<\/li>\n\n\n\n<li>Miten sanallistat tekstin kaavion?<\/li>\n\n\n\n<li>Miten sanallistat tekstin taulukon?<\/li>\n<\/ol>\n\n\n\n<p><\/p>\n\n\n\n<div class=\"wp-block-buttons is-layout-flex wp-block-buttons-is-layout-flex\">\n<div class=\"wp-block-button\"><a class=\"wp-block-button__link wp-element-button\" href=\"https:\/\/kielinivel.tnk.fi\/?page_id=130\"><strong>\u276e\u276e&nbsp;TAKAISIN TEKSTIIN<\/strong><\/a><\/div>\n<\/div>\n\n\n\n<p><\/p>\n","protected":false},"excerpt":{"rendered":"","protected":false},"author":2,"featured_media":0,"parent":130,"menu_order":11,"comment_status":"closed","ping_status":"closed","template":"","meta":{"footnotes":""},"class_list":["post-772","page","type-page","status-publish","hentry"],"_links":{"self":[{"href":"https:\/\/kielinivel.tnk.fi\/index.php?rest_route=\/wp\/v2\/pages\/772","targetHints":{"allow":["GET"]}}],"collection":[{"href":"https:\/\/kielinivel.tnk.fi\/index.php?rest_route=\/wp\/v2\/pages"}],"about":[{"href":"https:\/\/kielinivel.tnk.fi\/index.php?rest_route=\/wp\/v2\/types\/page"}],"author":[{"embeddable":true,"href":"https:\/\/kielinivel.tnk.fi\/index.php?rest_route=\/wp\/v2\/users\/2"}],"replies":[{"embeddable":true,"href":"https:\/\/kielinivel.tnk.fi\/index.php?rest_route=%2Fwp%2Fv2%2Fcomments&post=772"}],"version-history":[{"count":2,"href":"https:\/\/kielinivel.tnk.fi\/index.php?rest_route=\/wp\/v2\/pages\/772\/revisions"}],"predecessor-version":[{"id":3596,"href":"https:\/\/kielinivel.tnk.fi\/index.php?rest_route=\/wp\/v2\/pages\/772\/revisions\/3596"}],"up":[{"embeddable":true,"href":"https:\/\/kielinivel.tnk.fi\/index.php?rest_route=\/wp\/v2\/pages\/130"}],"wp:attachment":[{"href":"https:\/\/kielinivel.tnk.fi\/index.php?rest_route=%2Fwp%2Fv2%2Fmedia&parent=772"}],"curies":[{"name":"wp","href":"https:\/\/api.w.org\/{rel}","templated":true}]}}